{"id":32631,"date":"2023-03-15T19:53:42","date_gmt":"2023-03-15T23:53:42","guid":{"rendered":"https:\/\/afcindustries.com\/product\/banco-de-trabajo-industrial-con-superficie-de-escritorio-esd-y-pantalla-de-monitor\/"},"modified":"2024-11-29T10:58:53","modified_gmt":"2024-11-29T15:58:53","slug":"banco-de-trabajo-industrial-con-superficie-de-escritorio-esd-y-pantalla-de-monitor","status":"publish","type":"product","link":"https:\/\/afcindustries.com\/es\/producto\/banco-de-trabajo-industrial-con-superficie-de-escritorio-esd-y-pantalla-de-monitor\/","title":{"rendered":"Banco de trabajo industrial con superficie de escritorio ESD y pantalla de monitor"},"content":{"rendered":"<h2>Banco de trabajo industrial con superficie de escritorio de ESD y pantalla de monitor<\/h2>\n<p>Nuestros bancos de trabajo est\u00e1n construidos ergon\u00f3micamente para funcionar como una unidad independiente o integrados en una l\u00ednea de producci\u00f3n de f\u00e1brica de alto volumen. La organizaci\u00f3n y la eficiencia son claves para el \u00e9xito de cualquier departamento de producci\u00f3n y nuestros bancos de trabajo est\u00e1n configurados con esos objetivos en mente. Los accesorios incluyen, disponibles, contenedores de almacenamiento, estantes inclinables, energ\u00eda, iluminaci\u00f3n, pared de listones para herramientas, soportes para CPU, brazos para monitor y brazos para tel\u00e9fono. La superficie de trabajo ESD disponible hace que este banco de trabajo sea ideal para cualquier entorno de trabajo antiest\u00e1tico. Los ajustes manuales de altura son posibles para fijar la altura de trabajo adecuada y c\u00f3moda.<\/p>\n<p>Estos bancos de trabajo est\u00e1n fabricados con acero de calibre 12 laminado en fr\u00edo para mayor rigidez y durabilidad. Ellas pueden retener una capacidad de peso de hasta 500 libras. Se mantienen firmes sobre deslizadores o pueden equiparse con ruedas de bloqueo de resistencia industrial, para movilidad cuando sea necesario.<\/p>\n","protected":false},"excerpt":{"rendered":"<h1>Banco de trabajo industrial con superficie de escritorio ESD y pantalla de monitor<\/h1>\n<p>Nuestros bancos de trabajo est\u00e1n construidos ergon\u00f3micamente para funcionar como una unidad independiente o integrados en una l\u00ednea de producci\u00f3n de f\u00e1brica de alto volumen. La organizaci\u00f3n y la eficiencia son claves para el \u00e9xito de cualquier departamento de producci\u00f3n y nuestros bancos de trabajo est\u00e1n configurados con esos objetivos en mente. Los accesorios incluyen, disponibles, contenedores de almacenamiento, estantes inclinables, energ\u00eda, iluminaci\u00f3n, pared de listones para herramientas, soportes para CPU, brazos para monitor y brazos para tel\u00e9fono. La superficie de trabajo ESD disponible hace que este banco de trabajo sea ideal para cualquier entorno de trabajo antiest\u00e1tico. Los ajustes manuales de altura son posibles para fijar la altura de trabajo adecuada y c\u00f3moda.<\/p>\n<p>Estos bancos de trabajo est\u00e1n fabricados con acero de calibre 12 laminado en fr\u00edo para mayor rigidez y durabilidad. Ellas pueden retener una capacidad de peso de hasta 500 libras. Se mantienen firmes sobre deslizadores o pueden equiparse con ruedas de bloqueo de resistencia industrial, para movilidad cuando sea necesario.<\/p>\n<p>\u2022 Construcci\u00f3n de acero r\u00edgido y superficie de trabajo laminada s\u00f3lida<br \/>\n\u2022 Superficie de trabajo de escritorio ESD (disponible a pedido)<br \/>\n\u2022 Ajuste manual de altura de la superficie de trabajo del escritorio<br \/>\n\u2022 Pared de listones para m\u00faltiples contenedores de almacenamiento<br \/>\n\u2022 Montaje en poste del brazo del monitor que se sujeta f\u00e1cilmente al costado de la estaci\u00f3n de trabajo<br \/>\n\u2022 Pared de listones para sus herramientas con mucho espacio para accesorios<br \/>\n\u2022 Tira de alimentaci\u00f3n el\u00e9ctrica incorporada para un suministro de energ\u00eda conveniente<br \/>\n\u2022 Disponible, l\u00e1mpara, portavasos, portadocumentos para la pared de listones<\/p>\n<h4>ANCHO 60\u2033<br \/>\nPROFUNDIDAD 36\u2033<br \/>\nALTURA 76\u2033<\/h4>\n","protected":false},"featured_media":42452,"template":"","meta":{"_acf_changed":false,"inline_featured_image":false},"product_brand":[],"product_cat":[3427],"product_tag":[],"class_list":{"0":"post-32631","1":"product","2":"type-product","3":"status-publish","4":"has-post-thumbnail","6":"product_cat-banco-de-trabajo","8":"first","9":"instock","10":"shipping-taxable","11":"product-type-simple"},"acf":[],"_links":{"self":[{"href":"https:\/\/afcindustries.com\/es\/wp-json\/wp\/v2\/product\/32631","targetHints":{"allow":["GET"]}}],"collection":[{"href":"https:\/\/afcindustries.com\/es\/wp-json\/wp\/v2\/product"}],"about":[{"href":"https:\/\/afcindustries.com\/es\/wp-json\/wp\/v2\/types\/product"}],"wp:featuredmedia":[{"embeddable":true,"href":"https:\/\/afcindustries.com\/es\/wp-json\/wp\/v2\/media\/42452"}],"wp:attachment":[{"href":"https:\/\/afcindustries.com\/es\/wp-json\/wp\/v2\/media?parent=32631"}],"wp:term":[{"taxonomy":"product_brand","embeddable":true,"href":"https:\/\/afcindustries.com\/es\/wp-json\/wp\/v2\/product_brand?post=32631"},{"taxonomy":"product_cat","embeddable":true,"href":"https:\/\/afcindustries.com\/es\/wp-json\/wp\/v2\/product_cat?post=32631"},{"taxonomy":"product_tag","embeddable":true,"href":"https:\/\/afcindustries.com\/es\/wp-json\/wp\/v2\/product_tag?post=32631"}],"curies":[{"name":"wp","href":"https:\/\/api.w.org\/{rel}","templated":true}]}}