{"id":20212,"date":"2024-01-03T13:38:09","date_gmt":"2024-01-03T18:38:09","guid":{"rendered":"https:\/\/afcindustries.com\/?post_type=product&#038;p=20212"},"modified":"2024-11-29T10:58:05","modified_gmt":"2024-11-29T15:58:05","slug":"escritorio-ergonomico-ajustable-de-pie-para-radiologia-2","status":"publish","type":"product","link":"https:\/\/afcindustries.com\/es\/producto\/escritorio-ergonomico-ajustable-de-pie-para-radiologia-2\/","title":{"rendered":"Escritorio Ergon\u00f3mico Ajustable de Pie para Radiolog\u00eda"},"content":{"rendered":"<h2>Escritorio Ergon\u00f3mico Ajustable de Pie para Radiolog\u00eda<\/h2>\n","protected":false},"excerpt":{"rendered":"<p>Escritorio Ergon\u00f3mico Ajustable de Pie para Radiolog\u00eda<\/p>\n","protected":false},"featured_media":0,"template":"","meta":{"_acf_changed":false,"inline_featured_image":false},"product_brand":[],"product_cat":[3356,15],"product_tag":[],"class_list":{"0":"post-20212","1":"product","2":"type-product","3":"status-publish","5":"product_cat-sin-categoria","6":"product_cat-uncategorized","8":"first","9":"instock","10":"shipping-taxable","11":"product-type-simple"},"acf":[],"_links":{"self":[{"href":"https:\/\/afcindustries.com\/es\/wp-json\/wp\/v2\/product\/20212","targetHints":{"allow":["GET"]}}],"collection":[{"href":"https:\/\/afcindustries.com\/es\/wp-json\/wp\/v2\/product"}],"about":[{"href":"https:\/\/afcindustries.com\/es\/wp-json\/wp\/v2\/types\/product"}],"wp:attachment":[{"href":"https:\/\/afcindustries.com\/es\/wp-json\/wp\/v2\/media?parent=20212"}],"wp:term":[{"taxonomy":"product_brand","embeddable":true,"href":"https:\/\/afcindustries.com\/es\/wp-json\/wp\/v2\/product_brand?post=20212"},{"taxonomy":"product_cat","embeddable":true,"href":"https:\/\/afcindustries.com\/es\/wp-json\/wp\/v2\/product_cat?post=20212"},{"taxonomy":"product_tag","embeddable":true,"href":"https:\/\/afcindustries.com\/es\/wp-json\/wp\/v2\/product_tag?post=20212"}],"curies":[{"name":"wp","href":"https:\/\/api.w.org\/{rel}","templated":true}]}}