{"id":20205,"date":"2022-05-09T02:24:59","date_gmt":"2022-05-09T06:24:59","guid":{"rendered":"https:\/\/afcindustries.com\/product\/muebles-para-estaciones-de-trabajo-esquineras-lan-multiusuario\/"},"modified":"2024-11-29T10:57:33","modified_gmt":"2024-11-29T15:57:33","slug":"mueble-de-estacion-de-trabajo-de-esquina-multiusuario","status":"publish","type":"product","link":"https:\/\/afcindustries.com\/es\/producto\/mueble-de-estacion-de-trabajo-de-esquina-multiusuario\/","title":{"rendered":"Muebles para estaciones de trabajo esquineras LAN multiusuario"},"content":{"rendered":"<h2 class=\"ergonomic-h2\"><span id=\"ctl00_ContentPlaceHolder1_lblH2\">Muebles para estaciones de trabajo esquineras LAN multiusuario<\/span><\/h2>\n<p><img loading=\"lazy\" decoding=\"async\" class=\"alignnone size-full wp-image-10539\" src=\"https:\/\/afcindustries.com\/wp-content\/uploads\/2022\/05\/772338-specs-01.jpg\" alt=\"\" width=\"900\" height=\"476\" title=\"\" srcset=\"https:\/\/afcindustries.com\/wp-content\/uploads\/2022\/05\/772338-specs-01.jpg 900w, https:\/\/afcindustries.com\/wp-content\/uploads\/2022\/05\/772338-specs-01-300x159.jpg 300w, https:\/\/afcindustries.com\/wp-content\/uploads\/2022\/05\/772338-specs-01-768x406.jpg 768w, https:\/\/afcindustries.com\/wp-content\/uploads\/2022\/05\/772338-specs-01-600x317.jpg 600w\" sizes=\"auto, (max-width: 900px) 100vw, 900px\" \/><\/p>\n<h3>Caracter\u00edsticas<\/h3>\n<p><img loading=\"lazy\" decoding=\"async\" class=\"alignnone size-full wp-image-10540\" src=\"https:\/\/afcindustries.com\/wp-content\/uploads\/2022\/05\/772338-specs-02.jpg\" alt=\"\" width=\"900\" height=\"369\" title=\"\" srcset=\"https:\/\/afcindustries.com\/wp-content\/uploads\/2022\/05\/772338-specs-02.jpg 900w, https:\/\/afcindustries.com\/wp-content\/uploads\/2022\/05\/772338-specs-02-300x123.jpg 300w, https:\/\/afcindustries.com\/wp-content\/uploads\/2022\/05\/772338-specs-02-768x315.jpg 768w, https:\/\/afcindustries.com\/wp-content\/uploads\/2022\/05\/772338-specs-02-600x246.jpg 600w\" sizes=\"auto, (max-width: 900px) 100vw, 900px\" \/><\/p>\n<p>&nbsp;<\/p>\n<p>&nbsp;<\/p>\n","protected":false},"excerpt":{"rendered":"<h1 class=\"ergonomic-h2\">Muebles para estaciones de trabajo esquineras LAN multiusuario<\/h1>\n<p>Un bastidor de estaci\u00f3n de trabajo de servidor de red altamente escalable que es capaz de manejar m\u00faltiples dispositivos de red como: conmutadores de red y servidores inform\u00e1ticos. Construido con gabinetes de almacenamiento adicionales para guardar los documentos \u00fatiles del funcionamiento de la red.<\/p>\n<p>Este montaje en rack de la estaci\u00f3n de servidor de red es f\u00e1cil de instalar en cualquier superficie del suelo. Fabricado con materiales de acero resistentes que son capaces de sostener equipos de red pesados. Tiene un dise\u00f1o y una construcci\u00f3n duraderos para una utilizaci\u00f3n de por vida.<\/p>\n<ul>\n<li>Superficie de trabajo en forma de L<\/li>\n<li>Bastidores para todo tipo de necesidades de configuraci\u00f3n inform\u00e1tica<\/li>\n<li>Estantes de rack de 30&#8243; y 24&#8243; de ancho que se ajustan manualmente en el carril<\/li>\n<li>Tres armarios elevados<\/li>\n<li>Soportes para monitores en el brazo Z extensible<\/li>\n<\/ul>\n<p>&nbsp;<\/p>\n<ul>\n<li><a id=\"ctl00_ContentPlaceHolder1_hPDF\" href=\"https:\/\/afcindustries.com\/PDFS\/772338_CSR1789286-01.PDF\" target=\"_blank\" rel=\"noopener\"><img decoding=\"async\" id=\"ctl00_ContentPlaceHolder1_imgPDF\" src=\"https:\/\/afcindustries.com\/images\/pdf.gif\" border=\"0\" \/><span id=\"ctl00_ContentPlaceHolder1_lblPDFSKU\" class=\"pdf\">PDF 772338_CSR1789286-01.pdf<\/span><\/a><\/li>\n<\/ul>\n[fvplayer id=\"12\"]\n","protected":false},"featured_media":42347,"template":"","meta":{"_acf_changed":false,"inline_featured_image":false},"product_brand":[],"product_cat":[3394],"product_tag":[],"class_list":{"0":"post-20205","1":"product","2":"type-product","3":"status-publish","4":"has-post-thumbnail","6":"product_cat-sistema-de-estanterias-para-ordenadores","8":"first","9":"instock","10":"shipping-taxable","11":"product-type-simple"},"acf":[],"_links":{"self":[{"href":"https:\/\/afcindustries.com\/es\/wp-json\/wp\/v2\/product\/20205","targetHints":{"allow":["GET"]}}],"collection":[{"href":"https:\/\/afcindustries.com\/es\/wp-json\/wp\/v2\/product"}],"about":[{"href":"https:\/\/afcindustries.com\/es\/wp-json\/wp\/v2\/types\/product"}],"wp:featuredmedia":[{"embeddable":true,"href":"https:\/\/afcindustries.com\/es\/wp-json\/wp\/v2\/media\/42347"}],"wp:attachment":[{"href":"https:\/\/afcindustries.com\/es\/wp-json\/wp\/v2\/media?parent=20205"}],"wp:term":[{"taxonomy":"product_brand","embeddable":true,"href":"https:\/\/afcindustries.com\/es\/wp-json\/wp\/v2\/product_brand?post=20205"},{"taxonomy":"product_cat","embeddable":true,"href":"https:\/\/afcindustries.com\/es\/wp-json\/wp\/v2\/product_cat?post=20205"},{"taxonomy":"product_tag","embeddable":true,"href":"https:\/\/afcindustries.com\/es\/wp-json\/wp\/v2\/product_tag?post=20205"}],"curies":[{"name":"wp","href":"https:\/\/api.w.org\/{rel}","templated":true}]}}