{"id":20203,"date":"2022-05-09T02:14:37","date_gmt":"2022-05-09T06:14:37","guid":{"rendered":"https:\/\/afcindustries.com\/product\/mobiliario-para-estaciones-de-trabajo-lan-en-salas-de-servidores\/"},"modified":"2024-11-29T10:57:33","modified_gmt":"2024-11-29T15:57:33","slug":"muebles-para-salas-de-servidores-y-puestos-de-trabajo","status":"publish","type":"product","link":"https:\/\/afcindustries.com\/es\/producto\/muebles-para-salas-de-servidores-y-puestos-de-trabajo\/","title":{"rendered":"Mobiliario para estaciones de trabajo LAN en salas de servidores"},"content":{"rendered":"<h2 class=\"ergonomic-h2\"><span id=\"ctl00_ContentPlaceHolder1_lblH2\">Mobiliario de la sala de servidores para estaciones de trabajo LAN<\/span><\/h2>\n<p><img loading=\"lazy\" decoding=\"async\" class=\"alignnone size-full wp-image-10609\" src=\"https:\/\/afcindustries.com\/wp-content\/uploads\/2022\/05\/772346-specs-02.jpg\" alt=\"\" width=\"900\" height=\"812\" title=\"\" srcset=\"https:\/\/afcindustries.com\/wp-content\/uploads\/2022\/05\/772346-specs-02.jpg 900w, https:\/\/afcindustries.com\/wp-content\/uploads\/2022\/05\/772346-specs-02-300x271.jpg 300w, https:\/\/afcindustries.com\/wp-content\/uploads\/2022\/05\/772346-specs-02-768x693.jpg 768w, https:\/\/afcindustries.com\/wp-content\/uploads\/2022\/05\/772346-specs-02-600x541.jpg 600w\" sizes=\"auto, (max-width: 900px) 100vw, 900px\" \/><\/p>\n<h3>Caracter\u00edsticas<\/h3>\n<p><img loading=\"lazy\" decoding=\"async\" class=\"alignnone size-full wp-image-10608\" src=\"https:\/\/afcindustries.com\/wp-content\/uploads\/2022\/05\/772346-specs-01.jpg\" alt=\"\" width=\"900\" height=\"370\" title=\"\" srcset=\"https:\/\/afcindustries.com\/wp-content\/uploads\/2022\/05\/772346-specs-01.jpg 900w, https:\/\/afcindustries.com\/wp-content\/uploads\/2022\/05\/772346-specs-01-300x123.jpg 300w, https:\/\/afcindustries.com\/wp-content\/uploads\/2022\/05\/772346-specs-01-768x316.jpg 768w, https:\/\/afcindustries.com\/wp-content\/uploads\/2022\/05\/772346-specs-01-600x247.jpg 600w\" sizes=\"auto, (max-width: 900px) 100vw, 900px\" \/><\/p>\n<ul>\n<li><strong>El mejor dise\u00f1o ergon\u00f3mico y c\u00f3modo:<\/strong> Dise\u00f1ado para la comodidad para reducir el estr\u00e9s y mantener la postura durante el trabajo.<\/li>\n<li><strong>F\u00e1cil de usar:<\/strong> f\u00e1cil de manejar sin necesidad de horas de formaci\u00f3n del usuario. Muy f\u00e1cil de configurar para adaptarse a las preferencias de cada usuario.<\/li>\n<li><strong>Acceso a puertos de datos y tomas de corriente:<\/strong> Aumenta la productividad y la eficiencia gracias a la facilidad de acceso a los puertos de datos y las tomas de corriente.<\/li>\n<li><strong>Colocaci\u00f3n correcta de la CPU del ordenador:<\/strong> La CPU del ordenador se encuentra fuera de peligro, lo que permite a los usuarios moverse libremente.<\/li>\n<li><strong>Gesti\u00f3n limpia de los cables:<\/strong> Los cables est\u00e1n ocultos de forma segura para eliminar el riesgo de accidentes que pueda causar a personas o equipos.<\/li>\n<li><strong>Construido seg\u00fan las especificaciones:<\/strong> Se puede especificar para acomodar las necesidades \u00fanicas y el entorno de trabajo de los usuarios individuales antes de la fabricaci\u00f3n.<\/li>\n<li><strong>Garantizado con la garant\u00eda del producto:<\/strong> Cubierto con la garant\u00eda de producto del fabricante que da seguridad a los compradores en caso de que el producto no cumpla con las expectativas.<\/li>\n<li><strong>Equipo de fabricaci\u00f3n de confianza:<\/strong> Nuestros dise\u00f1adores, ingenieros y fabricantes utilizan sus habilidades y talentos para ofrecerle el producto de mayor calidad que usted merece.<\/li>\n<li><strong>Asistencia en la planificaci\u00f3n del espacio de trabajo:<\/strong> Proporcionamos asistencia en la planificaci\u00f3n en la instalaci\u00f3n o renovaci\u00f3n de sus instalaciones de trabajo.<\/li>\n<li><strong>Ayuda para la instalaci\u00f3n:<\/strong> Proporcionamos asistencia exhaustiva en el despliegue de su mobiliario para el servicio.<\/li>\n<li><strong>Mobiliario inform\u00e1tico vers\u00e1til:<\/strong> Nuestros muebles son capaces de adaptarse a diferentes usos y entornos, por lo que son duraderos.<\/li>\n<\/ul>\n","protected":false},"excerpt":{"rendered":"<h1 class=\"ergonomic-h2\">Mobiliario de la sala de servidores para estaciones de trabajo LAN<\/h1>\n<p>Un mueble de estaci\u00f3n de trabajo para administradores de LAN en la sala de servidores de primera calidad que puede albergar todos los dispositivos que el administrador de TI necesita en un equipo compacto. Este rack no requiere grandes superficies de suelo, lo que hace que sea muy pr\u00e1ctico para desplegarlo en salas de servidores. Est\u00e1 fabricado con acero de alta resistencia y revestido con un acabado antioxidante para garantizar un uso m\u00e1s duradero.<\/p>\n<p>Este bastidor para ordenadores LAN de la sala de servidores est\u00e1 equipado con: bandeja para impresoras, armarios de almacenamiento, bandeja para conmutadores LAN, bastidores para servidores, bandeja para ordenadores port\u00e1tiles con una bandeja dedicada para el teclado y el rat\u00f3n, soporte para pantallas planas de gran tama\u00f1o, escritorio de trabajo con una bandeja para el teclado y el rat\u00f3n abatible, plataforma para la CPU, marco de acero resistente y ruedas para facilitar el desplazamiento por el centro de datos.<\/p>\n<ul>\n<li>Marco de 36&#8243; de ancho<\/li>\n<li>Estante met\u00e1lico basculante<\/li>\n<li>Dos estantes de madera<\/li>\n<li>Brazo retr\u00e1ctil para teclado # KA6000 con bandeja para teclado # TR2000<\/li>\n<li>Forma de la superficie de trabajo est\u00e1ndar<\/li>\n<li>Brazo de teclado elevable # KA7001<\/li>\n<li>Reposamu\u00f1ecas del teclado # WR006<\/li>\n<li>Montaje en pared # WM-RK-1M<\/li>\n<li>Estanter\u00eda rodante<\/li>\n<li>Cuatro ruedas gemelas de 2&#8243; (las dos delanteras son de bloqueo)<\/li>\n<\/ul>\n<p>&nbsp;<\/p>\n<ul>\n<li><a id=\"ctl00_ContentPlaceHolder1_hPDF\" href=\"https:\/\/afcindustries.com\/PDFS\/772346_SR363086_HC(ISSUE%2012)VOL.1.PDF\" target=\"_blank\" rel=\"noopener\"><img decoding=\"async\" id=\"ctl00_ContentPlaceHolder1_imgPDF\" src=\"https:\/\/afcindustries.com\/images\/pdf.gif\" border=\"0\" \/><span id=\"ctl00_ContentPlaceHolder1_lblPDFSKU\" class=\"pdf\">PDF 772346_SR363086_HC(n\u00famero 12)Vol.1.pdf<\/span><\/a><\/li>\n<\/ul>\n<ul class=\"ulpdf\">\n<li><a id=\"ctl00_ContentPlaceHolder1_hPDF_instrcution\" href=\"https:\/\/afcindustries.com\/PDF_INSTRUCTION\/SR363086_HC.pdf\" target=\"_blank\" rel=\"noopener\"><img decoding=\"async\" id=\"ctl00_ContentPlaceHolder1_imgPDF_instrcution\" src=\"https:\/\/afcindustries.com\/images\/pdf-instruction.png\" border=\"0\" \/><span id=\"ctl00_ContentPlaceHolder1_lblPDF_instrcution\" class=\"pdf\">SR363086_HC<\/span><\/a><\/li>\n<\/ul>\n<p>&nbsp;<\/p>\n<ul class=\"ulpdf\">\n<li>Altura: 86&#8243;.<\/li>\n<li>Anchura: 36&#8243;.<\/li>\n<li>Profundidad: 30 \u00ab<\/li>\n<\/ul>\n[fvplayer id=\"13\"]\n","protected":false},"featured_media":42440,"template":"","meta":{"_acf_changed":false,"inline_featured_image":false},"product_brand":[],"product_cat":[3394],"product_tag":[],"class_list":{"0":"post-20203","1":"product","2":"type-product","3":"status-publish","4":"has-post-thumbnail","6":"product_cat-sistema-de-estanterias-para-ordenadores","8":"first","9":"instock","10":"shipping-taxable","11":"product-type-simple"},"acf":[],"_links":{"self":[{"href":"https:\/\/afcindustries.com\/es\/wp-json\/wp\/v2\/product\/20203","targetHints":{"allow":["GET"]}}],"collection":[{"href":"https:\/\/afcindustries.com\/es\/wp-json\/wp\/v2\/product"}],"about":[{"href":"https:\/\/afcindustries.com\/es\/wp-json\/wp\/v2\/types\/product"}],"wp:featuredmedia":[{"embeddable":true,"href":"https:\/\/afcindustries.com\/es\/wp-json\/wp\/v2\/media\/42440"}],"wp:attachment":[{"href":"https:\/\/afcindustries.com\/es\/wp-json\/wp\/v2\/media?parent=20203"}],"wp:term":[{"taxonomy":"product_brand","embeddable":true,"href":"https:\/\/afcindustries.com\/es\/wp-json\/wp\/v2\/product_brand?post=20203"},{"taxonomy":"product_cat","embeddable":true,"href":"https:\/\/afcindustries.com\/es\/wp-json\/wp\/v2\/product_cat?post=20203"},{"taxonomy":"product_tag","embeddable":true,"href":"https:\/\/afcindustries.com\/es\/wp-json\/wp\/v2\/product_tag?post=20203"}],"curies":[{"name":"wp","href":"https:\/\/api.w.org\/{rel}","templated":true}]}}