{"id":20200,"date":"2022-05-08T14:29:03","date_gmt":"2022-05-08T18:29:03","guid":{"rendered":"https:\/\/afcindustries.com\/product\/carro-de-poste-movil-con-ajustes-electronicos-y-monitores-dobles-ademas-de-un-estante-para-el-portatil\/"},"modified":"2024-11-29T10:57:17","modified_gmt":"2024-11-29T15:57:17","slug":"carro-movil-con-ajustes-electronicos-y-dos-monitores-mas-estante-para-portatiles","status":"publish","type":"product","link":"https:\/\/afcindustries.com\/es\/producto\/carro-movil-con-ajustes-electronicos-y-dos-monitores-mas-estante-para-portatiles\/","title":{"rendered":"Carro de poste m\u00f3vil con ajustes electr\u00f3nicos y monitores dobles, adem\u00e1s de un estante para el port\u00e1til"},"content":{"rendered":"<h2>Carro de poste m\u00f3vil con ajustes electr\u00f3nicos y monitores dobles, adem\u00e1s de un estante para el port\u00e1til<\/h2>\n<p>&nbsp;<\/p>\n","protected":false},"excerpt":{"rendered":"<h1>Estaci\u00f3n de trabajo con carro m\u00f3vil y pantalla doble y estante para port\u00e1til<\/h1>\n<p>Estaci\u00f3n de trabajo con carro m\u00f3vil para salas limpias. Dise\u00f1ado para su uso en el entorno de la sala blanca. Fabricado con acero y\/o aluminio de alta calidad. Superficies f\u00e1ciles de limpiar para una m\u00e1xima higiene y esterilizaci\u00f3n.<\/p>\n<p>Disponible en configuraciones de doble monitor y de un solo monitor. Esta estaci\u00f3n de trabajo con carro rodante es compatible con cualquier entorno de trabajo de sala limpia. Las ruedas antiest\u00e1ticas especialmente fabricadas pueden bloquearse para mantener la estabilidad o soltarse f\u00e1cilmente para rodar suavemente de una zona a otra.<\/p>\n<p>P\u00f3ngase en contacto con nosotros hoy mismo para hablar de su proyecto en cuesti\u00f3n y podremos repasar todas las opciones de accesorios, especificaciones y satisfacer sus necesidades.<\/p>\n<ul>\n<li>Botones de control ajustables en altura con preajustes de memoria<\/li>\n<li>Pantalla de doble monitor con alturas ajustables manualmente (compatible con VESA)<\/li>\n<li>Estante articulado para ordenador port\u00e1til<\/li>\n<li>Ajustes de altura electr\u00f3nicos suaves y silenciosos<\/li>\n<li>Ruedas de 4&#8243; con bloqueo para facilitar la maniobrabilidad<\/li>\n<\/ul>\n<p>&nbsp;<\/p>\n<ul>\n<li><img decoding=\"async\" src=\"https:\/\/afcindustries.com\/images\/pdf.gif\" \/> <a href=\"https:\/\/afcindustries.com\/PDFS\/AM-IL_AF2724_2F_LP_01.PDF\" target=\"_blank\" rel=\"noopener\"><span style=\"font-weight: 400;\">PDF AM-IL_AF2724_2F_LP_01.pdf<\/span><\/a><\/li>\n<\/ul>\n<p>&nbsp;<\/p>\n<ul>\n<li>Altura de la superficie de trabajo: 27&#8243; &#8211; 47&#8243;.<\/li>\n<li>Anchura: 29,5&#8243;<\/li>\n<li>Profundidad: 24&#8243;.<\/li>\n<\/ul>\n<p>&nbsp;<\/p>\n[fvplayer id=\"24\"]\n","protected":false},"featured_media":19120,"template":"","meta":{"_acf_changed":false,"inline_featured_image":false},"product_brand":[],"product_cat":[3307],"product_tag":[],"class_list":{"0":"post-20200","1":"product","2":"type-product","3":"status-publish","4":"has-post-thumbnail","6":"product_cat-sala-limpia","8":"first","9":"instock","10":"shipping-taxable","11":"product-type-simple"},"acf":[],"_links":{"self":[{"href":"https:\/\/afcindustries.com\/es\/wp-json\/wp\/v2\/product\/20200","targetHints":{"allow":["GET"]}}],"collection":[{"href":"https:\/\/afcindustries.com\/es\/wp-json\/wp\/v2\/product"}],"about":[{"href":"https:\/\/afcindustries.com\/es\/wp-json\/wp\/v2\/types\/product"}],"wp:featuredmedia":[{"embeddable":true,"href":"https:\/\/afcindustries.com\/es\/wp-json\/wp\/v2\/media\/19120"}],"wp:attachment":[{"href":"https:\/\/afcindustries.com\/es\/wp-json\/wp\/v2\/media?parent=20200"}],"wp:term":[{"taxonomy":"product_brand","embeddable":true,"href":"https:\/\/afcindustries.com\/es\/wp-json\/wp\/v2\/product_brand?post=20200"},{"taxonomy":"product_cat","embeddable":true,"href":"https:\/\/afcindustries.com\/es\/wp-json\/wp\/v2\/product_cat?post=20200"},{"taxonomy":"product_tag","embeddable":true,"href":"https:\/\/afcindustries.com\/es\/wp-json\/wp\/v2\/product_tag?post=20200"}],"curies":[{"name":"wp","href":"https:\/\/api.w.org\/{rel}","templated":true}]}}