{"id":20199,"date":"2022-05-09T02:09:33","date_gmt":"2022-05-09T06:09:33","guid":{"rendered":"https:\/\/afcindustries.com\/product\/estacion-de-trabajo-del-administrador-de-la-lan-mobiliario-informatico\/"},"modified":"2024-11-29T10:57:17","modified_gmt":"2024-11-29T15:57:17","slug":"lan-administrador-puesto-de-trabajo-muebles-informaticos","status":"publish","type":"product","link":"https:\/\/afcindustries.com\/es\/producto\/lan-administrador-puesto-de-trabajo-muebles-informaticos\/","title":{"rendered":"Estaci\u00f3n de trabajo del administrador de la LAN Mobiliario inform\u00e1tico"},"content":{"rendered":"<h2 class=\"ergonomic-h2\"><span id=\"ctl00_ContentPlaceHolder1_lblH2\">Mobiliario inform\u00e1tico para estaciones de trabajo LAN<\/span><\/h2>\n<p><img loading=\"lazy\" decoding=\"async\" class=\"alignnone size-full wp-image-10503\" src=\"https:\/\/afcindustries.com\/wp-content\/uploads\/2022\/05\/772340-specs-01.jpg\" alt=\"\" width=\"900\" height=\"563\" title=\"\" srcset=\"https:\/\/afcindustries.com\/wp-content\/uploads\/2022\/05\/772340-specs-01.jpg 900w, https:\/\/afcindustries.com\/wp-content\/uploads\/2022\/05\/772340-specs-01-300x188.jpg 300w, https:\/\/afcindustries.com\/wp-content\/uploads\/2022\/05\/772340-specs-01-768x480.jpg 768w, https:\/\/afcindustries.com\/wp-content\/uploads\/2022\/05\/772340-specs-01-600x375.jpg 600w\" sizes=\"auto, (max-width: 900px) 100vw, 900px\" \/><\/p>\n<h3>Caracter\u00edsticas<\/h3>\n<p><img loading=\"lazy\" decoding=\"async\" class=\"alignnone size-full wp-image-10504\" src=\"https:\/\/afcindustries.com\/wp-content\/uploads\/2022\/05\/772340-specs-02.jpg\" alt=\"\" width=\"900\" height=\"352\" title=\"\" srcset=\"https:\/\/afcindustries.com\/wp-content\/uploads\/2022\/05\/772340-specs-02.jpg 900w, https:\/\/afcindustries.com\/wp-content\/uploads\/2022\/05\/772340-specs-02-300x117.jpg 300w, https:\/\/afcindustries.com\/wp-content\/uploads\/2022\/05\/772340-specs-02-768x300.jpg 768w, https:\/\/afcindustries.com\/wp-content\/uploads\/2022\/05\/772340-specs-02-600x235.jpg 600w\" sizes=\"auto, (max-width: 900px) 100vw, 900px\" \/><\/p>\n<p>&nbsp;<\/p>\n<ul>\n<li><strong>El mejor dise\u00f1o ergon\u00f3mico y c\u00f3modo:<\/strong> Dise\u00f1ado para la comodidad para reducir el estr\u00e9s y mantener la postura durante el trabajo.<\/li>\n<li><strong>F\u00e1cil de usar:<\/strong> f\u00e1cil de manejar sin necesidad de horas de formaci\u00f3n del usuario. Muy f\u00e1cil de configurar para adaptarse a las preferencias de cada usuario.<\/li>\n<li><strong>Acceso a puertos de datos y tomas de corriente:<\/strong> Aumenta la productividad y la eficiencia gracias a la facilidad de acceso a los puertos de datos y las tomas de corriente.<\/li>\n<li><strong>Colocaci\u00f3n correcta de la CPU del ordenador:<\/strong> La CPU del ordenador se encuentra fuera de peligro, lo que permite a los usuarios moverse libremente.<\/li>\n<li><strong>Gesti\u00f3n limpia de los cables:<\/strong> Los cables est\u00e1n ocultos de forma segura para eliminar el riesgo de accidentes que pueda causar a personas o equipos.<\/li>\n<li><strong>Construido seg\u00fan las especificaciones:<\/strong> Se puede especificar para acomodar las necesidades \u00fanicas y el entorno de trabajo de los usuarios individuales antes de la fabricaci\u00f3n.<\/li>\n<li><strong>Garantizado con la garant\u00eda del producto:<\/strong> Cubierto con la garant\u00eda de producto del fabricante que da seguridad a los compradores en caso de que el producto no cumpla con las expectativas.<\/li>\n<li><strong>Equipo de fabricaci\u00f3n de confianza:<\/strong> Nuestros dise\u00f1adores, ingenieros y fabricantes utilizan sus habilidades y talentos para ofrecerle el producto de mayor calidad que usted merece.<\/li>\n<li><strong>Asistencia en la planificaci\u00f3n del espacio de trabajo:<\/strong> Proporcionamos asistencia en la planificaci\u00f3n en la instalaci\u00f3n o renovaci\u00f3n de sus instalaciones de trabajo.<\/li>\n<li><strong>Ayuda para la instalaci\u00f3n:<\/strong> Proporcionamos asistencia exhaustiva en el despliegue de su mobiliario para el servicio.<\/li>\n<li><strong>Mobiliario inform\u00e1tico vers\u00e1til:<\/strong> Nuestros muebles son capaces de adaptarse a diferentes usos y entornos, por lo que son duraderos.<\/li>\n<\/ul>\n<p>&nbsp;<\/p>\n<p>Fabricamos equipos de mobiliario de alta calidad que superan las expectativas est\u00e1ndar de practicidad, funcionalidad y durabilidad. Nuestros productos est\u00e1n garantizados con una garant\u00eda total del producto. Construimos productos que ofrecen a nuestros clientes la tranquilidad de obtener el m\u00e1ximo rendimiento de su inversi\u00f3n<\/p>\n<p>P\u00f3ngase en contacto con nosotros para una consulta gratuita con nuestro amable y servicial especialista en mobiliario t\u00e9cnico ergon\u00f3mico.<\/p>\n","protected":false},"excerpt":{"rendered":"<h1 class=\"ergonomic-h2\">Mobiliario inform\u00e1tico para estaciones de trabajo LAN<\/h1>\n<p>Construido con materiales resistentes que garantizan un uso fiable durante muchos a\u00f1os, este mueble de ordenador para estaci\u00f3n de trabajo de administrador de LAN con dise\u00f1o ergon\u00f3mico y gran espacio de escritorio ayuda a organizar y gestionar los cables para su red. Esta estaci\u00f3n de trabajo puede utilizarse como interfaz para su red.<\/p>\n<p>Este mueble de ordenador para estaci\u00f3n de trabajo de administrador de LAN est\u00e1 equipado con estantes, soporte para monitor, amplia zona de escritorio laminada de madera, bandeja de suelo para CPU, ruedas, soporte para tel\u00e9fono, armario superior, soporte para CPU, soportes para interruptores de LAN y una bandeja para impresora.<\/p>\n<ul>\n<li>Marco de 24&#8243; de ancho<\/li>\n<li>Armario Flipper<\/li>\n<li>Estante central de madera<\/li>\n<li>Estante met\u00e1lico y estante basculante<\/li>\n<li>Soportes de montaje en bastidor 3,5&#8243; H x 4&#8243; D<\/li>\n<li>Soportes de montaje en bastidor 7&#8243; H x 4&#8243; D<\/li>\n<li>Brazo de tel\u00e9fono ajustable # TA001<\/li>\n<li>Forma de la superficie de trabajo est\u00e1ndar<\/li>\n<li>Estanter\u00eda rodante<\/li>\n<li>Cuatro ruedas gemelas de 2&#8243; (las dos delanteras son de bloqueo)<\/li>\n<\/ul>\n<p>&nbsp;<\/p>\n<ul>\n<li><a id=\"ctl00_ContentPlaceHolder1_hPDF\" href=\"https:\/\/afcindustries.com\/PDFS\/772340_SR303084_0_0_0_F_0_4SH_01.PDF\" target=\"_blank\" rel=\"noopener\"><img decoding=\"async\" id=\"ctl00_ContentPlaceHolder1_imgPDF\" src=\"https:\/\/afcindustries.com\/images\/pdf.gif\" border=\"0\" \/><span id=\"ctl00_ContentPlaceHolder1_lblPDFSKU\" class=\"pdf\">PDF 772340_SR303084_0_0_0_F_0_4Sh_01.pdf<\/span><\/a><\/li>\n<\/ul>\n<p>&nbsp;<\/p>\n<ul>\n<li>Altura: 84 \u00ab<\/li>\n<li>Anchura: 30 \u00ab<\/li>\n<li>Profundidad: 30 \u00ab<\/li>\n<\/ul>\n[fvplayer id=\"14\"]\n","protected":false},"featured_media":42369,"template":"","meta":{"_acf_changed":false,"inline_featured_image":false},"product_brand":[],"product_cat":[3394],"product_tag":[],"class_list":{"0":"post-20199","1":"product","2":"type-product","3":"status-publish","4":"has-post-thumbnail","6":"product_cat-sistema-de-estanterias-para-ordenadores","8":"first","9":"instock","10":"shipping-taxable","11":"product-type-simple"},"acf":[],"_links":{"self":[{"href":"https:\/\/afcindustries.com\/es\/wp-json\/wp\/v2\/product\/20199","targetHints":{"allow":["GET"]}}],"collection":[{"href":"https:\/\/afcindustries.com\/es\/wp-json\/wp\/v2\/product"}],"about":[{"href":"https:\/\/afcindustries.com\/es\/wp-json\/wp\/v2\/types\/product"}],"wp:featuredmedia":[{"embeddable":true,"href":"https:\/\/afcindustries.com\/es\/wp-json\/wp\/v2\/media\/42369"}],"wp:attachment":[{"href":"https:\/\/afcindustries.com\/es\/wp-json\/wp\/v2\/media?parent=20199"}],"wp:term":[{"taxonomy":"product_brand","embeddable":true,"href":"https:\/\/afcindustries.com\/es\/wp-json\/wp\/v2\/product_brand?post=20199"},{"taxonomy":"product_cat","embeddable":true,"href":"https:\/\/afcindustries.com\/es\/wp-json\/wp\/v2\/product_cat?post=20199"},{"taxonomy":"product_tag","embeddable":true,"href":"https:\/\/afcindustries.com\/es\/wp-json\/wp\/v2\/product_tag?post=20199"}],"curies":[{"name":"wp","href":"https:\/\/api.w.org\/{rel}","templated":true}]}}