{"id":20197,"date":"2022-01-29T12:36:20","date_gmt":"2022-01-29T17:36:20","guid":{"rendered":"https:\/\/afcindustries.com\/product\/pared-divisoria-para-cubiculos-de-oficina\/"},"modified":"2024-11-30T11:06:26","modified_gmt":"2024-11-30T16:06:26","slug":"pared-divisoria-para-cubiculos-de-oficina","status":"publish","type":"product","link":"https:\/\/afcindustries.com\/es\/producto\/pared-divisoria-para-cubiculos-de-oficina\/","title":{"rendered":"Pared divisoria para cub\u00edculos de oficina"},"content":{"rendered":"<h2>Pared divisoria de cub\u00edculos de oficina independiente<\/h2>\n<div id=\"color_choice\">\n<div id=\"ctl00_ContentPlaceHolder1_color1_pnlColor\" class=\"option-Style-Panel1\">\n<div class=\"color-container\">\n<div class=\"color-item\">\n<p>&nbsp;<\/p>\n<div id=\"FabricBlue\" class=\"color-item-big\"><img decoding=\"async\" src=\"https:\/\/afcindustries.com\/wp-content\/uploads\/2022\/01\/FabricBlue-1.jpg\" alt=\"TejidoAzul\" title=\"\"><\/div>\n<\/div>\n<\/div>\n<\/div>\n<\/div>\n<p>Una pared divisoria de escritorio de primera calidad que cuenta con fibras absorbentes de sonido, marco de acero con acabado recubierto de epoxi, base de pie de 1\/4&#8243; de espesor y disponibilidad en diferentes colores. Con accesorios opcionales para mayor funcionalidad y comodidad.<\/p>\n<p>Una pared divisoria de cub\u00edculos de oficina que absorbe el sonido, con un marco de acero duro y una base de placa met\u00e1lica gruesa.<\/p>\n<p>Esta pared divisoria de cub\u00edculos de oficina ayuda a los usuarios a ser m\u00e1s productivos al reducir la cantidad de ruido que entra en sus puestos de trabajo.<\/p>\n<p>Permitir que sus empleados se centren en su trabajo aumenta la eficiencia, lo que se traduce en un aumento de la productividad. Esta moderna pared divisoria ayuda a eliminar las distracciones de sus empleados en la oficina. Fabricado con los mejores materiales que es a la vez duradero y con una est\u00e9tica agradable.<\/p>\n<p>Fabricamos equipos de mobiliario ergon\u00f3mico de alta calidad que superan las expectativas est\u00e1ndar de practicidad y funcionalidad. Nuestros productos est\u00e1n garantizados con una garant\u00eda total del producto. Fabricamos productos que ofrecen a nuestros clientes la tranquilidad de obtener el m\u00e1ximo rendimiento de su inversi\u00f3n.<\/p>\n<p>P\u00f3ngase en contacto con nosotros para una consulta gratuita con nuestro amable y servicial especialista en equipamiento t\u00e9cnico de mobiliario ergon\u00f3mico.<\/p>\n<div class=\"desksize\"><\/div>\n<h3 class=\"product-h3\"><\/h3>\n<p><img decoding=\"async\" id=\"ctl00_ContentPlaceHolder1_imgDetailImageCall\" class=\"img-responsive\" style=\"border-width: 0px\" src=\"https:\/\/afcindustries.com\/wp-content\/uploads\/2022\/01\/771676-noise-proof-office-cubicle-partition-wall.jpg\" alt=\"Pared divisoria de cub\u00edculos de oficina a prueba de ruido\" title=\"\"><\/p>\n<div id=\"ctl00_ContentPlaceHolder1_pnlImageContainer\"><\/div>\n<h3 class=\"product-h3\"><\/h3>\n<p><img decoding=\"async\" id=\"ctl00_ContentPlaceHolder1_imgDetailImageCall2\" class=\"img-responsive\" style=\"border-width: 0px\" src=\"https:\/\/afcindustries.com\/wp-content\/uploads\/2022\/01\/771676-free-standing-office-cubicle-partition-wall.jpg\" alt=\"Pared divisoria de cub\u00edculos de oficina independiente\" title=\"\"><\/p>\n<h3 class=\"product-h3\"><\/h3>\n","protected":false},"excerpt":{"rendered":"<h1 class=\"product-h3\"><span id=\"ctl00_ContentPlaceHolder1_lblH3\">Pared divisoria de cub\u00edculos de oficina que absorbe el sonido<\/span><\/h1>\n<div class=\"col-md-6 col-sm-6 col-xs-12 detailList\">\n<p><b>Caracter\u00edsticas<\/b><br \/>\nFibra absorbente de sonido de 1 pulgada de espesor con reflector en un lado<br \/>\nArmaz\u00f3n de acero laminado en fr\u00edo de calibre 11 con acabado en polvo epoxi<br \/>\nSe coloca f\u00e1cilmente para evitar el deslumbramiento<br \/>\nPuede utilizarse como tabla de tachuelas<br \/>\nVarios colores disponibles<br \/>\nBase met\u00e1lica de 1\/4 de pulgada de espesor<\/p>\n<p>&nbsp;<\/p>\n<p>&nbsp;<\/p>\n<\/div>\n<div class=\"col-md-6 col-sm-6 col-xs-12\">\n<ul class=\"ulpdf\">\n<li><a id=\"ctl00_ContentPlaceHolder1_hPDF\" href=\"https:\/\/afcindustries.com\/PDFS\/PARTITION%206060.PDF\" target=\"_blank\" rel=\"noopener\"><img decoding=\"async\" id=\"ctl00_ContentPlaceHolder1_imgPDF\" style=\"border-width: 0px;\" src=\"https:\/\/afcindustries.com\/images\/pdf.gif\" border=\"0\" \/><span id=\"ctl00_ContentPlaceHolder1_lblPDFSKU\" class=\"pdf\">PDF PARTICI\u00d3N 6060.pdf<\/span><\/a><\/li>\n<\/ul>\n<\/div>\n","protected":false},"featured_media":15766,"template":"","meta":{"_acf_changed":false,"inline_featured_image":false},"product_brand":[],"product_cat":[1783,3393,1784],"product_tag":[],"class_list":{"0":"post-20197","1":"product","2":"type-product","3":"status-publish","4":"has-post-thumbnail","6":"product_cat-accesorios","7":"product_cat-pared-divisoria-para-cubiculos-de-oficina","8":"product_cat-todos-los-accesorios","9":"pa_model-parte_fab_6060","11":"first","12":"instock","13":"product-type-simple"},"acf":[],"_links":{"self":[{"href":"https:\/\/afcindustries.com\/es\/wp-json\/wp\/v2\/product\/20197","targetHints":{"allow":["GET"]}}],"collection":[{"href":"https:\/\/afcindustries.com\/es\/wp-json\/wp\/v2\/product"}],"about":[{"href":"https:\/\/afcindustries.com\/es\/wp-json\/wp\/v2\/types\/product"}],"wp:featuredmedia":[{"embeddable":true,"href":"https:\/\/afcindustries.com\/es\/wp-json\/wp\/v2\/media\/15766"}],"wp:attachment":[{"href":"https:\/\/afcindustries.com\/es\/wp-json\/wp\/v2\/media?parent=20197"}],"wp:term":[{"taxonomy":"product_brand","embeddable":true,"href":"https:\/\/afcindustries.com\/es\/wp-json\/wp\/v2\/product_brand?post=20197"},{"taxonomy":"product_cat","embeddable":true,"href":"https:\/\/afcindustries.com\/es\/wp-json\/wp\/v2\/product_cat?post=20197"},{"taxonomy":"product_tag","embeddable":true,"href":"https:\/\/afcindustries.com\/es\/wp-json\/wp\/v2\/product_tag?post=20197"}],"curies":[{"name":"wp","href":"https:\/\/api.w.org\/{rel}","templated":true}]}}