{"id":20189,"date":"2022-01-29T12:39:14","date_gmt":"2022-01-29T17:39:14","guid":{"rendered":"https:\/\/afcindustries.com\/product\/puertos-de-datos-y-de-alimentacion-montados-en-el-escritorio\/"},"modified":"2024-11-29T11:08:26","modified_gmt":"2024-11-29T16:08:26","slug":"puertos-de-datos-y-de-alimentacion-montados-en-el-escritorio","status":"publish","type":"product","link":"https:\/\/afcindustries.com\/es\/producto\/puertos-de-datos-y-de-alimentacion-montados-en-el-escritorio\/","title":{"rendered":"Puertos de datos y de alimentaci\u00f3n montados en el escritorio"},"content":{"rendered":"<h2>Escritorio Interconexi\u00f3n Alimentaci\u00f3n Datos y Red Puertos<\/h2>\n<div id=\"color_choice\"><\/div>\n<p>Las unidades emergentes de puertos de datos y alimentaci\u00f3n incluyen una red Ethernet y tomas de corriente de CA est\u00e1ndar. Este art\u00edculo proporciona una \u00fanica placa de entrada con v\u00eddeo de ordenador VGA (15 pines HD F-M), audio de ordenador\/MP3 (3,5 mm F-M), tel\u00e9fono (RJ-11 F-M) y conexiones de entrada de red (RJ-45 F-M) en una longitud de 6 pies (2 m). Tambi\u00e9n proporciona una conexi\u00f3n de alimentaci\u00f3n de CA en 9-10 pies (2,7-3,0m) adecuada para su uso en todo Estados Unidos y Canad\u00e1.<\/p>\n<p>AFC fabrica equipos de mobiliario de alta calidad que superan las expectativas est\u00e1ndar de practicidad, funcionalidad y ergonom\u00eda. Nuestros productos est\u00e1n garantizados con una garant\u00eda total del producto. Construimos productos que ofrecen a nuestros clientes la tranquilidad de obtener el m\u00e1ximo rendimiento de su inversi\u00f3n.<\/p>\n<p>P\u00f3ngase en contacto con nosotros para una consulta gratuita con nuestro amable y servicial especialista en mobiliario t\u00e9cnico ergon\u00f3mico.<\/p>\n<div class=\"desksize\"><\/div>\n<h3 class=\"product-h3\"><span id=\"ctl00_ContentPlaceHolder1_lblImageBottom1\">puertos de alimentaci\u00f3n y datos de escritorio<\/span><\/h3>\n<p><img decoding=\"async\" id=\"ctl00_ContentPlaceHolder1_imgDetailImageCall\" class=\"img-responsive\" style=\"border-width: 0px\" src=\"https:\/\/afcindustries.com\/wp-content\/uploads\/2022\/01\/771919-desk-power-and-data-ports.jpg\" alt=\"puertos de alimentaci\u00f3n y datos de escritorio\" title=\"\"><\/p>\n<div id=\"ctl00_ContentPlaceHolder1_pnlImageContainer\"><\/div>\n<h3 class=\"product-h3\"><span id=\"ctl00_ContentPlaceHolder1_lblImageBottom2\">cable de alimentaci\u00f3n y datos todo en uno<\/span><\/h3>\n<p><img decoding=\"async\" id=\"ctl00_ContentPlaceHolder1_imgDetailImageCall2\" class=\"img-responsive\" style=\"border-width: 0px\" src=\"https:\/\/afcindustries.com\/wp-content\/uploads\/2022\/01\/771919-all-in-one-power-and-data-cable.jpg\" alt=\"cable de alimentaci\u00f3n y datos todo en uno\" title=\"\"><\/p>\n<h3 class=\"product-h3\"><\/h3>\n","protected":false},"excerpt":{"rendered":"<h1>Escritorio Interconexi\u00f3n Alimentaci\u00f3n Datos y Red Puertos<\/h1>\n<div class=\"col-md-6 col-sm-6 col-xs-12 detailList\">\n<ul>\n<li><span style=\"font-size: 14px;\">Punto de conexi\u00f3n para un solo usuario<\/span><\/li>\n<li><span style=\"font-size: 14px;\"><span style=\"font-size: 14px;\">Muelle de gas para un funcionamiento suave<\/span><\/span><\/li>\n<li><span style=\"font-size: 14px;\"><span style=\"font-size: 14px;\">Superficie ultraplana cuando est\u00e1 cerrada<\/span><\/span><\/li>\n<li><span style=\"font-size: 14px;\"><span style=\"font-size: 14px;\">Cables AV y de datos de 6&#8242;, cable de alimentaci\u00f3n de 9-10&#8242;<\/span><\/span><\/li>\n<li><span style=\"font-size: 14px;\"><span style=\"font-size: 14px;\"><span style=\"font-size: 14px;\">Toma de corriente de 12 amperios<\/span><\/span><\/span><\/li>\n<\/ul>\n<p>&nbsp;<\/p>\n<p>&nbsp;<\/p>\n<\/div>\n<div class=\"col-md-6 col-sm-6 col-xs-12\">\n<p>&nbsp;<\/p>\n<ul>\n<li>\n<ul class=\"specPreview\">\n<li>Altura<\/li>\n<li>&#8211; 5,5 pulgadas<\/li>\n<\/ul>\n<p>&nbsp;<\/li>\n<li>\n<ul class=\"specPreview\">\n<li>Anchura<\/li>\n<li>&#8211; 4,6 pulgadas<\/li>\n<\/ul>\n<p>&nbsp;<\/li>\n<li>\n<ul class=\"specPreview\">\n<li>Profundidad<\/li>\n<li>&#8211; 4,9 pulgadas<\/li>\n<\/ul>\n<p>&nbsp;<\/li>\n<\/ul>\n<\/div>\n","protected":false},"featured_media":16645,"template":"","meta":{"_acf_changed":false,"inline_featured_image":false},"product_brand":[],"product_cat":[1783,3375,1784],"product_tag":[],"class_list":{"0":"post-20189","1":"product","2":"type-product","3":"status-publish","4":"has-post-thumbnail","6":"product_cat-accesorios","7":"product_cat-puerto-de-datos-y-conexiones-de-alimentacion-de-la-mesa-tnp121","8":"product_cat-todos-los-accesorios","9":"pa_model-dp01-es","11":"first","12":"instock","13":"product-type-simple"},"acf":[],"_links":{"self":[{"href":"https:\/\/afcindustries.com\/es\/wp-json\/wp\/v2\/product\/20189","targetHints":{"allow":["GET"]}}],"collection":[{"href":"https:\/\/afcindustries.com\/es\/wp-json\/wp\/v2\/product"}],"about":[{"href":"https:\/\/afcindustries.com\/es\/wp-json\/wp\/v2\/types\/product"}],"wp:featuredmedia":[{"embeddable":true,"href":"https:\/\/afcindustries.com\/es\/wp-json\/wp\/v2\/media\/16645"}],"wp:attachment":[{"href":"https:\/\/afcindustries.com\/es\/wp-json\/wp\/v2\/media?parent=20189"}],"wp:term":[{"taxonomy":"product_brand","embeddable":true,"href":"https:\/\/afcindustries.com\/es\/wp-json\/wp\/v2\/product_brand?post=20189"},{"taxonomy":"product_cat","embeddable":true,"href":"https:\/\/afcindustries.com\/es\/wp-json\/wp\/v2\/product_cat?post=20189"},{"taxonomy":"product_tag","embeddable":true,"href":"https:\/\/afcindustries.com\/es\/wp-json\/wp\/v2\/product_tag?post=20189"}],"curies":[{"name":"wp","href":"https:\/\/api.w.org\/{rel}","templated":true}]}}