{"id":20186,"date":"2022-04-27T21:05:33","date_gmt":"2022-04-28T01:05:33","guid":{"rendered":"https:\/\/afcindustries.com\/product\/estacion-de-trabajo-para-salas-limpias-con-pantalla-de-un-solo-monitor\/"},"modified":"2024-11-29T11:08:11","modified_gmt":"2024-11-29T16:08:11","slug":"estacion-de-trabajo-para-salas-limpias-con-pantalla-de-un-solo-monitor","status":"publish","type":"product","link":"https:\/\/afcindustries.com\/es\/producto\/estacion-de-trabajo-para-salas-limpias-con-pantalla-de-un-solo-monitor\/","title":{"rendered":"Estaci\u00f3n de trabajo para salas limpias con pantalla de un solo monitor"},"content":{"rendered":"<h1><span id=\"ctl00_ContentPlaceHolder1_lblH3\">Estaci\u00f3n de trabajo m\u00f3vil para salas limpias de altura regulable<\/span><\/h1>\n<p><img loading=\"lazy\" decoding=\"async\" class=\"alignnone size-full wp-image-10376\" src=\"https:\/\/afcindustries.com\/wp-content\/uploads\/2022\/05\/772910-specs-01.jpg\" alt=\"\" width=\"901\" height=\"524\" title=\"\" srcset=\"https:\/\/afcindustries.com\/wp-content\/uploads\/2022\/05\/772910-specs-01.jpg 901w, https:\/\/afcindustries.com\/wp-content\/uploads\/2022\/05\/772910-specs-01-300x174.jpg 300w, https:\/\/afcindustries.com\/wp-content\/uploads\/2022\/05\/772910-specs-01-768x447.jpg 768w, https:\/\/afcindustries.com\/wp-content\/uploads\/2022\/05\/772910-specs-01-600x349.jpg 600w\" sizes=\"auto, (max-width: 901px) 100vw, 901px\" \/><\/p>\n<p>&nbsp;<\/p>\n<h3 class=\"product-h3\">Caracter\u00edsticas<\/h3>\n<p><img loading=\"lazy\" decoding=\"async\" class=\"alignnone size-full wp-image-10377\" src=\"https:\/\/afcindustries.com\/wp-content\/uploads\/2022\/05\/772910-specs-02.jpg\" alt=\"\" width=\"900\" height=\"366\" title=\"\" srcset=\"https:\/\/afcindustries.com\/wp-content\/uploads\/2022\/05\/772910-specs-02.jpg 900w, https:\/\/afcindustries.com\/wp-content\/uploads\/2022\/05\/772910-specs-02-300x122.jpg 300w, https:\/\/afcindustries.com\/wp-content\/uploads\/2022\/05\/772910-specs-02-768x312.jpg 768w, https:\/\/afcindustries.com\/wp-content\/uploads\/2022\/05\/772910-specs-02-600x244.jpg 600w\" sizes=\"auto, (max-width: 900px) 100vw, 900px\" \/><\/p>\n<p><img loading=\"lazy\" decoding=\"async\" class=\"alignnone size-full wp-image-10378\" src=\"https:\/\/afcindustries.com\/wp-content\/uploads\/2022\/05\/772910-specs-03.jpg\" alt=\"\" width=\"900\" height=\"363\" title=\"\" srcset=\"https:\/\/afcindustries.com\/wp-content\/uploads\/2022\/05\/772910-specs-03.jpg 900w, https:\/\/afcindustries.com\/wp-content\/uploads\/2022\/05\/772910-specs-03-300x121.jpg 300w, https:\/\/afcindustries.com\/wp-content\/uploads\/2022\/05\/772910-specs-03-768x310.jpg 768w, https:\/\/afcindustries.com\/wp-content\/uploads\/2022\/05\/772910-specs-03-600x242.jpg 600w\" sizes=\"auto, (max-width: 900px) 100vw, 900px\" \/><\/p>\n","protected":false},"excerpt":{"rendered":"<h1 class=\"product-h3\"><span id=\"ctl00_ContentPlaceHolder1_lblH3\">Estaci\u00f3n de trabajo m\u00f3vil para salas limpias de altura regulable<\/span><\/h1>\n<p>Carro m\u00f3vil para salas limpias con ajustes de altura para sentarse o levantarse con s\u00f3lo pulsar un bot\u00f3n. Este carro, robusto y ergon\u00f3mico, est\u00e1 construido para durar, e incluye patas de alta resistencia para un soporte y estabilidad sin concesiones. Este carro est\u00e1 equipado con un soporte para uno o dos monitores, un armario ventilado y seguro para el ordenador, una regleta integrada y discretos puertos de gesti\u00f3n de cables, una gran superficie plana de escritorio y ruedas de suave rodamiento para facilitar la maniobrabilidad<\/p>\n<p>Configuraciones disponibles para adaptarse a sus necesidades y especificaciones exactas<\/p>\n<p><b>Contamos con la certificaci\u00f3n ISO 14644-2015 para productos de sala limpia.<\/b><\/p>\n<div class=\"col-md-6 col-sm-6 col-xs-12 detailList\">\n<ul>\n<li>Botones de control ajustables en altura con preajustes de memoria<\/li>\n<li>Pantalla de un solo monitor con alturas ajustables manualmente (compatible con VESA)<\/li>\n<li>Superficie de trabajo sobredimensionada<\/li>\n<li>Carcasa ventilada para la CPU<\/li>\n<li>Regleta incorporada<\/li>\n<li>Soporte para esc\u00e1ner de c\u00f3digo de barras<\/li>\n<li>Ajustes de altura electr\u00f3nicos suaves y silenciosos<\/li>\n<li>Ruedas dobles de 4&#8243; para facilitar la maniobrabilidad<\/li>\n<\/ul>\n<p>&nbsp;<\/p>\n<ul>\n<li><img decoding=\"async\" src=\"https:\/\/afcindustries.com\/images\/pdf.gif\" \/> <a href=\"https:\/\/afcindustries.com\/PDFS\/INT-IL_AF2724_SS_1F_1SC_01%20_%20VER%20D-REV%2004.pdf\" target=\"_blank\" rel=\"noopener\">INT-IL_AF2724_SS_1F_1SC_01 _ VER D-REV 04772901<\/a><\/li>\n<\/ul>\n<p>&nbsp;<\/p>\n<ul>\n<li>Altura: 52\u2033.<\/li>\n<li>Anchura: 27\u2033<\/li>\n<li>Profundidad: 24\u2033<\/li>\n<\/ul>\n<\/div>\n","protected":false},"featured_media":19053,"template":"","meta":{"_acf_changed":false,"inline_featured_image":false},"product_brand":[],"product_cat":[3307],"product_tag":[],"class_list":{"0":"post-20186","1":"product","2":"type-product","3":"status-publish","4":"has-post-thumbnail","6":"product_cat-sala-limpia","8":"first","9":"instock","10":"shipping-taxable","11":"product-type-simple"},"acf":[],"_links":{"self":[{"href":"https:\/\/afcindustries.com\/es\/wp-json\/wp\/v2\/product\/20186","targetHints":{"allow":["GET"]}}],"collection":[{"href":"https:\/\/afcindustries.com\/es\/wp-json\/wp\/v2\/product"}],"about":[{"href":"https:\/\/afcindustries.com\/es\/wp-json\/wp\/v2\/types\/product"}],"wp:featuredmedia":[{"embeddable":true,"href":"https:\/\/afcindustries.com\/es\/wp-json\/wp\/v2\/media\/19053"}],"wp:attachment":[{"href":"https:\/\/afcindustries.com\/es\/wp-json\/wp\/v2\/media?parent=20186"}],"wp:term":[{"taxonomy":"product_brand","embeddable":true,"href":"https:\/\/afcindustries.com\/es\/wp-json\/wp\/v2\/product_brand?post=20186"},{"taxonomy":"product_cat","embeddable":true,"href":"https:\/\/afcindustries.com\/es\/wp-json\/wp\/v2\/product_cat?post=20186"},{"taxonomy":"product_tag","embeddable":true,"href":"https:\/\/afcindustries.com\/es\/wp-json\/wp\/v2\/product_tag?post=20186"}],"curies":[{"name":"wp","href":"https:\/\/api.w.org\/{rel}","templated":true}]}}