{"id":20184,"date":"2022-05-08T14:19:38","date_gmt":"2022-05-08T18:19:38","guid":{"rendered":"https:\/\/afcindustries.com\/product\/escritorio-totalmente-ajustable-en-altura-con-controles-electronicos-y-soportes-para-tres-monitores\/"},"modified":"2024-11-29T10:57:01","modified_gmt":"2024-11-29T15:57:01","slug":"escritorio-ajustable-en-altura-con-mandos-electronicos-y-soportes-para-tres-monitores","status":"publish","type":"product","link":"https:\/\/afcindustries.com\/es\/producto\/escritorio-ajustable-en-altura-con-mandos-electronicos-y-soportes-para-tres-monitores\/","title":{"rendered":"Escritorio totalmente ajustable en altura con controles electr\u00f3nicos y soportes para tres monitores"},"content":{"rendered":"<h2>Escritorio totalmente ajustable en altura con controles electr\u00f3nicos y soportes para tres monitores<\/h2>\n<p>&nbsp;<\/p>\n","protected":false},"excerpt":{"rendered":"<h1>Escritorio m\u00f3vil con amplia superficie de trabajo y triple soporte de monitor<\/h1>\n<p>Estaci\u00f3n de trabajo de escritorio m\u00f3vil para salas limpias. Dise\u00f1ado para su uso dentro de la sala limpia, entorno est\u00e9ril. Fabricado con acero y\/o aluminio de alta calidad. Superficie de escritorio f\u00e1cil de limpiar para una m\u00e1xima higiene y esterilizaci\u00f3n.<\/p>\n<p>Disponible con m\u00faltiples configuraciones de monitores. Esta estaci\u00f3n de trabajo de escritorio rodante es compatible con cualquier entorno de trabajo de sala limpia. Las ruedas antiest\u00e1ticas especialmente fabricadas pueden bloquearse para mantener la estabilidad o soltarse f\u00e1cilmente para rodar suavemente de una zona a otra. El robusto marco y las patas pueden soportar una capacidad de peso de 450 libras.<\/p>\n<p>P\u00f3ngase en contacto con nosotros hoy mismo para hablar de su proyecto en cuesti\u00f3n y podremos repasar todas las opciones de accesorios, especificaciones y satisfacer sus necesidades.<\/p>\n<ul>\n<li>Interruptor de control electr\u00f3nico ajustable en altura, arriba\/abajo y con memoria preestablecida<\/li>\n<li>Gran superficie de trabajo preparada para la sala limpia: 60&#8243; de ancho X 32&#8243; de profundidad<\/li>\n<li>Montaje de tres monitores en un solo poste<\/li>\n<li>Soporte de esc\u00e1ner fijado al poste de soporte central<\/li>\n<li>Soporte met\u00e1lico ventilado para la CPU incorporado<\/li>\n<li>Discretos portales de gesti\u00f3n de cables para ocultar todos los cables antiest\u00e9ticos<\/li>\n<li>Cuatro ruedas de 4&#8243; (el juego delantero es bloqueable), ruedas antiest\u00e1ticas opcionales<\/li>\n<\/ul>\n<p>&nbsp;<\/p>\n<ul>\n<li><img decoding=\"async\" src=\"https:\/\/afcindustries.com\/images\/pdf.gif\" \/> <a href=\"https:\/\/afcindustries.com\/PDFS\/INT-US_AF6032_SS_3F_1RC_01_VER%20A.PDF\" target=\"_blank\" rel=\"noopener\">PDF INT-US_AF6032_SS_3F_1RC_01_VER A.pdf<\/a><\/li>\n<\/ul>\n<p>&nbsp;<\/p>\n<ul>\n<li>Altura de la superficie de trabajo: 25,5&#8243; &#8211; 47,5&#8243;.<\/li>\n<li>Anchura: 60&#8243;.<\/li>\n<li>Profundidad: 32&#8243;<\/li>\n<\/ul>\n<p>&nbsp;<\/p>\n[fvplayer id=\"25\"]\n","protected":false},"featured_media":19109,"template":"","meta":{"_acf_changed":false,"inline_featured_image":false},"product_brand":[],"product_cat":[3307],"product_tag":[],"class_list":{"0":"post-20184","1":"product","2":"type-product","3":"status-publish","4":"has-post-thumbnail","6":"product_cat-sala-limpia","8":"first","9":"instock","10":"shipping-taxable","11":"product-type-simple"},"acf":[],"_links":{"self":[{"href":"https:\/\/afcindustries.com\/es\/wp-json\/wp\/v2\/product\/20184","targetHints":{"allow":["GET"]}}],"collection":[{"href":"https:\/\/afcindustries.com\/es\/wp-json\/wp\/v2\/product"}],"about":[{"href":"https:\/\/afcindustries.com\/es\/wp-json\/wp\/v2\/types\/product"}],"wp:featuredmedia":[{"embeddable":true,"href":"https:\/\/afcindustries.com\/es\/wp-json\/wp\/v2\/media\/19109"}],"wp:attachment":[{"href":"https:\/\/afcindustries.com\/es\/wp-json\/wp\/v2\/media?parent=20184"}],"wp:term":[{"taxonomy":"product_brand","embeddable":true,"href":"https:\/\/afcindustries.com\/es\/wp-json\/wp\/v2\/product_brand?post=20184"},{"taxonomy":"product_cat","embeddable":true,"href":"https:\/\/afcindustries.com\/es\/wp-json\/wp\/v2\/product_cat?post=20184"},{"taxonomy":"product_tag","embeddable":true,"href":"https:\/\/afcindustries.com\/es\/wp-json\/wp\/v2\/product_tag?post=20184"}],"curies":[{"name":"wp","href":"https:\/\/api.w.org\/{rel}","templated":true}]}}