{"id":20183,"date":"2022-01-29T12:39:30","date_gmt":"2022-01-29T17:39:30","guid":{"rendered":"https:\/\/afcindustries.com\/product\/ruedas-de-acero-inoxidable\/"},"modified":"2024-11-29T11:08:11","modified_gmt":"2024-11-29T16:08:11","slug":"ruedas-de-acero-inoxidable","status":"publish","type":"product","link":"https:\/\/afcindustries.com\/es\/producto\/ruedas-de-acero-inoxidable\/","title":{"rendered":"Ruedas de acero inoxidable"},"content":{"rendered":"<h2>Ruedas de carretilla inoxidables<\/h2>\n<p>Se trata de una rueda de acero inoxidable de 3 pulgadas de di\u00e1metro con una rueda de n\u00facleo interno de polipropileno, rodamientos de bolas para un rodamiento suave y una banda de rodadura termopl\u00e1stica duradera.<\/p>\n<div class=\"desksize\"><\/div>\n<h3 class=\"product-h3\"><span id=\"ctl00_ContentPlaceHolder1_lblImageBottom1\">Rueda de acero inoxidable con rodamientos de bolas<\/span><\/h3>\n<p><img decoding=\"async\" id=\"ctl00_ContentPlaceHolder1_imgDetailImageCall\" class=\"img-responsive\" style=\"border-width: 0px\" src=\"https:\/\/afcindustries.com\/wp-content\/uploads\/2022\/01\/772139-stainless-steel-caster-wheel-with-ball-bearings.jpg\" alt=\"Rueda de acero inoxidable con rodamientos de bolas\" title=\"\"><\/p>\n<div id=\"ctl00_ContentPlaceHolder1_pnlImageContainer\"><\/div>\n<h3 class=\"product-h3\"><\/h3>\n<h3 class=\"product-h3\"><\/h3>\n","protected":false},"excerpt":{"rendered":"<h1 class=\"product-h3\"><span id=\"ctl00_ContentPlaceHolder1_lblH3\">Ruedas inoxidables de alta resistencia<\/span><\/h1>\n<div class=\"col-md-6 col-sm-6 col-xs-12 detailList\">\n<ul>\n<li>Ruedas de alta resistencia de 3 pulgadas<\/li>\n<li>Fabricado con materiales duraderos de alta calidad<\/li>\n<li>Rodamientos de bolas dentro de la rueda<\/li>\n<\/ul>\n<p>&nbsp;<\/p>\n<\/div>\n","protected":false},"featured_media":16666,"template":"","meta":{"_acf_changed":false,"inline_featured_image":false},"product_brand":[],"product_cat":[1783,3418,3361,1784],"product_tag":[],"class_list":{"0":"post-20183","1":"product","2":"type-product","3":"status-publish","4":"has-post-thumbnail","6":"product_cat-accesorios","7":"product_cat-deslizadores-y-ruedas","8":"product_cat-ruedas-de-acero-inoxidable","9":"product_cat-todos-los-accesorios","10":"pa_model-cas-3-es","12":"first","13":"instock","14":"product-type-simple"},"acf":[],"_links":{"self":[{"href":"https:\/\/afcindustries.com\/es\/wp-json\/wp\/v2\/product\/20183","targetHints":{"allow":["GET"]}}],"collection":[{"href":"https:\/\/afcindustries.com\/es\/wp-json\/wp\/v2\/product"}],"about":[{"href":"https:\/\/afcindustries.com\/es\/wp-json\/wp\/v2\/types\/product"}],"wp:featuredmedia":[{"embeddable":true,"href":"https:\/\/afcindustries.com\/es\/wp-json\/wp\/v2\/media\/16666"}],"wp:attachment":[{"href":"https:\/\/afcindustries.com\/es\/wp-json\/wp\/v2\/media?parent=20183"}],"wp:term":[{"taxonomy":"product_brand","embeddable":true,"href":"https:\/\/afcindustries.com\/es\/wp-json\/wp\/v2\/product_brand?post=20183"},{"taxonomy":"product_cat","embeddable":true,"href":"https:\/\/afcindustries.com\/es\/wp-json\/wp\/v2\/product_cat?post=20183"},{"taxonomy":"product_tag","embeddable":true,"href":"https:\/\/afcindustries.com\/es\/wp-json\/wp\/v2\/product_tag?post=20183"}],"curies":[{"name":"wp","href":"https:\/\/api.w.org\/{rel}","templated":true}]}}