{"id":20180,"date":"2022-04-29T23:24:24","date_gmt":"2022-04-30T03:24:24","guid":{"rendered":"https:\/\/afcindustries.com\/product\/estacion-de-trabajo-movil-para-salas-blancas-con-soporte-para-ordenador-portatil-y-pantalla-de-doble-monitor\/"},"modified":"2024-11-29T11:07:53","modified_gmt":"2024-11-29T16:07:53","slug":"estacion-de-trabajo-movil-para-salas-blancas-con-soporte-para-ordenador-portatil-y-pantalla-de-doble-monitor","status":"publish","type":"product","link":"https:\/\/afcindustries.com\/es\/producto\/estacion-de-trabajo-movil-para-salas-blancas-con-soporte-para-ordenador-portatil-y-pantalla-de-doble-monitor\/","title":{"rendered":"Estaci\u00f3n de trabajo m\u00f3vil para salas blancas con soporte para ordenador port\u00e1til y pantalla de doble monitor"},"content":{"rendered":"<h2><span style=\"font-weight: 400\">Estaci\u00f3n de trabajo m\u00f3vil para salas limpias con estante para port\u00e1tiles y pantalla de doble monitor<\/span><\/h2>\n<p><img loading=\"lazy\" decoding=\"async\" class=\"wp-image-10360 size-full alignleft\" src=\"https:\/\/afcindustries.com\/wp-content\/uploads\/2022\/05\/772909-specs-01.jpg\" alt=\"\" width=\"901\" height=\"524\" title=\"\" srcset=\"https:\/\/afcindustries.com\/wp-content\/uploads\/2022\/05\/772909-specs-01.jpg 901w, https:\/\/afcindustries.com\/wp-content\/uploads\/2022\/05\/772909-specs-01-300x174.jpg 300w, https:\/\/afcindustries.com\/wp-content\/uploads\/2022\/05\/772909-specs-01-768x447.jpg 768w, https:\/\/afcindustries.com\/wp-content\/uploads\/2022\/05\/772909-specs-01-600x349.jpg 600w\" sizes=\"auto, (max-width: 901px) 100vw, 901px\" \/><\/p>\n<p>&nbsp;<\/p>\n<p>&nbsp;<\/p>\n<p>&nbsp;<\/p>\n<p>&nbsp;<\/p>\n<p>&nbsp;<\/p>\n<p>&nbsp;<\/p>\n<p>&nbsp;<\/p>\n<p>&nbsp;<\/p>\n<p>&nbsp;<\/p>\n<p>&nbsp;<\/p>\n<p>&nbsp;<\/p>\n<p>&nbsp;<\/p>\n<h3><\/h3>\n<p>&nbsp;<\/p>\n<p>&nbsp;<\/p>\n<h3 class=\"product-h3\">Caracter\u00edsticas<\/h3>\n<p><img loading=\"lazy\" decoding=\"async\" class=\"alignleft wp-image-10361 size-full\" src=\"https:\/\/afcindustries.com\/wp-content\/uploads\/2022\/05\/772909-specs-02.jpg\" alt=\"\" width=\"900\" height=\"345\" title=\"\" srcset=\"https:\/\/afcindustries.com\/wp-content\/uploads\/2022\/05\/772909-specs-02.jpg 900w, https:\/\/afcindustries.com\/wp-content\/uploads\/2022\/05\/772909-specs-02-300x115.jpg 300w, https:\/\/afcindustries.com\/wp-content\/uploads\/2022\/05\/772909-specs-02-768x294.jpg 768w, https:\/\/afcindustries.com\/wp-content\/uploads\/2022\/05\/772909-specs-02-600x230.jpg 600w\" sizes=\"auto, (max-width: 900px) 100vw, 900px\" \/><\/p>\n<p><img loading=\"lazy\" decoding=\"async\" class=\"alignleft wp-image-10362 size-full\" src=\"https:\/\/afcindustries.com\/wp-content\/uploads\/2022\/05\/772909-specs-03.jpg\" alt=\"\" width=\"900\" height=\"336\" title=\"\" srcset=\"https:\/\/afcindustries.com\/wp-content\/uploads\/2022\/05\/772909-specs-03.jpg 900w, https:\/\/afcindustries.com\/wp-content\/uploads\/2022\/05\/772909-specs-03-300x112.jpg 300w, https:\/\/afcindustries.com\/wp-content\/uploads\/2022\/05\/772909-specs-03-768x287.jpg 768w, https:\/\/afcindustries.com\/wp-content\/uploads\/2022\/05\/772909-specs-03-600x224.jpg 600w\" sizes=\"auto, (max-width: 900px) 100vw, 900px\" \/><\/p>\n","protected":false},"excerpt":{"rendered":"<h1>Estaci\u00f3n de trabajo m\u00f3vil para salas limpias con estante para port\u00e1tiles y pantalla de doble monitor<\/h1>\n<p>Carro m\u00f3vil para salas limpias con ajustes de altura para sentarse o levantarse con s\u00f3lo pulsar un bot\u00f3n. Este carro, robusto y ergon\u00f3mico, est\u00e1 construido para durar, e incluye patas de alta resistencia para un soporte y estabilidad sin concesiones. Este carro est\u00e1 equipado con un soporte de pantalla central para dos monitores, una fuente de alimentaci\u00f3n integrada y un interruptor de emergencia, una gran superficie plana de escritorio y ruedas de f\u00e1cil deslizamiento y bloqueo para facilitar la maniobrabilidad<\/p>\n<p><b>Contamos con la certificaci\u00f3n ISO 14644-2015 para productos de sala limpia.<\/b><\/p>\n<ul>\n<li>Botones de control ajustables en altura con preajustes de memoria<\/li>\n<li>Pantalla de doble monitor con alturas ajustables manualmente (compatible con VESA)<\/li>\n<li>Estante articulado para ordenador port\u00e1til<\/li>\n<li>Superficie de trabajo sobredimensionada<\/li>\n<li>Fuente de alimentaci\u00f3n incorporada e interruptor de corte<\/li>\n<li>Ajustes de altura electr\u00f3nicos suaves y silenciosos<\/li>\n<li>Ruedas dobles con bloqueo de 4&#8243; para facilitar la maniobrabilidad<\/li>\n<\/ul>\n<p>&nbsp;<\/p>\n<ul>\n<li><img decoding=\"async\" src=\"https:\/\/afcindustries.com\/images\/pdf.gif\" \/><a href=\"https:\/\/afcindustries.com\/PDFS\/AM-IL_AF3527_2F_LP_03.PDF\" target=\"_blank\" rel=\"noopener\"><span style=\"font-weight: 400;\">PDF AM-IL_AF3527_2F_LP_03.pdf<\/span><\/a><\/li>\n<\/ul>\n<p>&nbsp;<\/p>\n<ul>\n<li>Altura: 55&#8243;.<\/li>\n<li>Anchura: 27&#8243;<\/li>\n<li>Profundidad: 35&#8243;<\/li>\n<\/ul>\n","protected":false},"featured_media":19071,"template":"","meta":{"_acf_changed":false,"inline_featured_image":false},"product_brand":[],"product_cat":[3307],"product_tag":[],"class_list":{"0":"post-20180","1":"product","2":"type-product","3":"status-publish","4":"has-post-thumbnail","6":"product_cat-sala-limpia","8":"first","9":"instock","10":"shipping-taxable","11":"product-type-simple"},"acf":[],"_links":{"self":[{"href":"https:\/\/afcindustries.com\/es\/wp-json\/wp\/v2\/product\/20180","targetHints":{"allow":["GET"]}}],"collection":[{"href":"https:\/\/afcindustries.com\/es\/wp-json\/wp\/v2\/product"}],"about":[{"href":"https:\/\/afcindustries.com\/es\/wp-json\/wp\/v2\/types\/product"}],"wp:featuredmedia":[{"embeddable":true,"href":"https:\/\/afcindustries.com\/es\/wp-json\/wp\/v2\/media\/19071"}],"wp:attachment":[{"href":"https:\/\/afcindustries.com\/es\/wp-json\/wp\/v2\/media?parent=20180"}],"wp:term":[{"taxonomy":"product_brand","embeddable":true,"href":"https:\/\/afcindustries.com\/es\/wp-json\/wp\/v2\/product_brand?post=20180"},{"taxonomy":"product_cat","embeddable":true,"href":"https:\/\/afcindustries.com\/es\/wp-json\/wp\/v2\/product_cat?post=20180"},{"taxonomy":"product_tag","embeddable":true,"href":"https:\/\/afcindustries.com\/es\/wp-json\/wp\/v2\/product_tag?post=20180"}],"curies":[{"name":"wp","href":"https:\/\/api.w.org\/{rel}","templated":true}]}}