{"id":20175,"date":"2022-01-29T12:39:30","date_gmt":"2022-01-29T17:39:30","guid":{"rendered":"https:\/\/afcindustries.com\/product\/supresor-de-sobretensiones-regleta-de-enchufes\/"},"modified":"2024-11-29T11:07:34","modified_gmt":"2024-11-29T16:07:34","slug":"supresor-de-sobretensiones-regleta-de-enchufes","status":"publish","type":"product","link":"https:\/\/afcindustries.com\/es\/producto\/supresor-de-sobretensiones-regleta-de-enchufes\/","title":{"rendered":"Supresor de sobretensiones Regleta de enchufes"},"content":{"rendered":"<h2>Enchufe con supresor de sobretensiones plano de alta resistencia<\/h2>\n<div id=\"color_choice\"><\/div>\n<p>Un cable alargador de alta resistencia con protector de sobretensi\u00f3n capaz de alojar hasta 8 enchufes y una generosa longitud de 3 metros. largo de la extensi\u00f3n del cable de alimentaci\u00f3n.<\/p>\n<p>Es una soluci\u00f3n r\u00e1pida y sencilla cuando necesitas tener dispositivos adicionales que necesitan una fuente de alimentaci\u00f3n cerca de tu estaci\u00f3n de trabajo. El protector de sobretensi\u00f3n proporciona una funci\u00f3n de seguridad adicional muy valiosa para evitar incendios en caso de sobretensi\u00f3n que provoque la explosi\u00f3n de los equipos el\u00e9ctricos.<\/p>\n<p>Fabricamos equipos de mobiliario ergon\u00f3mico de alta calidad que superan las expectativas est\u00e1ndar de practicidad y funcionalidad. Nuestros productos est\u00e1n garantizados con una garant\u00eda total del producto. Fabricamos productos que ofrecen a nuestros clientes la tranquilidad de obtener el m\u00e1ximo rendimiento de su inversi\u00f3n.<\/p>\n<p>P\u00f3ngase en contacto con nosotros para una consulta gratuita con nuestro amable y servicial especialista en equipamiento t\u00e9cnico de mobiliario ergon\u00f3mico.<\/p>\n<div class=\"desksize\"><\/div>\n<h3 class=\"product-h3\"><span id=\"ctl00_ContentPlaceHolder1_lblImageBottom1\">Regleta de enchufes con 8 entradas<\/span><\/h3>\n<p><img decoding=\"async\" id=\"ctl00_ContentPlaceHolder1_imgDetailImageCall\" class=\"img-responsive\" style=\"border-width: 0px\" src=\"https:\/\/afcindustries.com\/wp-content\/uploads\/2022\/01\/771623-power-plug-strip-with-8-inputs.jpg\" alt=\"Regleta de enchufes con 8 entradas\" title=\"\"><\/p>\n<div id=\"ctl00_ContentPlaceHolder1_pnlImageContainer\"><\/div>\n<h3 class=\"product-h3\"><\/h3>\n<h3 class=\"product-h3\"><\/h3>\n","protected":false},"excerpt":{"rendered":"<h1>Supresor de sobretensiones Regleta de enchufes<\/h1>\n<h3 class=\"product-h3\"><span id=\"ctl00_ContentPlaceHolder1_lblH3\">Caracter\u00edsticas de la regleta de enchufes m\u00faltiples<\/span><\/h3>\n<div class=\"col-md-6 col-sm-6 col-xs-12 detailList\">\n<ul>\n<li>Regleta de 8 tomas de corriente<\/li>\n<li>Cable de alta calidad de 12 pies de largo<\/li>\n<li>Protecci\u00f3n contra sobretensiones incorporada<\/li>\n<li>Construido con materiales industriales de alta calidad<\/li>\n<li>Interruptor de encendido\/apagado iluminado<\/li>\n<\/ul>\n<p>&nbsp;<\/p>\n<p>&nbsp;<\/p>\n<\/div>\n<div class=\"col-md-6 col-sm-6 col-xs-12\">\n<p>&nbsp;<\/p>\n<ul>\n<li>\n<ul class=\"specPreview\">\n<li>Anchura<\/li>\n<li>&#8211; 24 pulgadas<\/li>\n<\/ul>\n<p>&nbsp;<\/li>\n<li><\/li>\n<\/ul>\n<\/div>\n","protected":false},"featured_media":16665,"template":"","meta":{"_acf_changed":false,"inline_featured_image":false},"product_brand":[],"product_cat":[1783,3346,1784],"product_tag":[],"class_list":{"0":"post-20175","1":"product","2":"type-product","3":"status-publish","4":"has-post-thumbnail","6":"product_cat-accesorios","7":"product_cat-regleta-supresora-de-sobretensiones-con-8-entradas","8":"product_cat-todos-los-accesorios","9":"pa_model-ss9003-es","11":"first","12":"instock","13":"product-type-simple"},"acf":[],"_links":{"self":[{"href":"https:\/\/afcindustries.com\/es\/wp-json\/wp\/v2\/product\/20175","targetHints":{"allow":["GET"]}}],"collection":[{"href":"https:\/\/afcindustries.com\/es\/wp-json\/wp\/v2\/product"}],"about":[{"href":"https:\/\/afcindustries.com\/es\/wp-json\/wp\/v2\/types\/product"}],"wp:featuredmedia":[{"embeddable":true,"href":"https:\/\/afcindustries.com\/es\/wp-json\/wp\/v2\/media\/16665"}],"wp:attachment":[{"href":"https:\/\/afcindustries.com\/es\/wp-json\/wp\/v2\/media?parent=20175"}],"wp:term":[{"taxonomy":"product_brand","embeddable":true,"href":"https:\/\/afcindustries.com\/es\/wp-json\/wp\/v2\/product_brand?post=20175"},{"taxonomy":"product_cat","embeddable":true,"href":"https:\/\/afcindustries.com\/es\/wp-json\/wp\/v2\/product_cat?post=20175"},{"taxonomy":"product_tag","embeddable":true,"href":"https:\/\/afcindustries.com\/es\/wp-json\/wp\/v2\/product_tag?post=20175"}],"curies":[{"name":"wp","href":"https:\/\/api.w.org\/{rel}","templated":true}]}}