{"id":20174,"date":"2022-01-29T12:39:38","date_gmt":"2022-01-29T17:39:38","guid":{"rendered":"https:\/\/afcindustries.com\/product\/cable-de-extension-de-6-tomas-de-corriente\/"},"modified":"2024-11-29T11:07:34","modified_gmt":"2024-11-29T16:07:34","slug":"cable-de-extension-de-6-tomas-de-corriente","status":"publish","type":"product","link":"https:\/\/afcindustries.com\/es\/producto\/cable-de-extension-de-6-tomas-de-corriente\/","title":{"rendered":"Cable de extensi\u00f3n de 6 tomas de corriente"},"content":{"rendered":"<h2>Regleta de protecci\u00f3n contra sobretensiones con 6 tomas de corriente<\/h2>\n<p>Regleta de seis tomas de corriente con supresor de sobretensiones, cable de 1,8 m de longitud e interruptor de encendido\/apagado. Esta toma de corriente de seguridad est\u00e1 dise\u00f1ada para proteger los dispositivos el\u00e9ctricos de los picos de tensi\u00f3n.<\/p>\n<p>AFC fabrica equipos de mobiliario de alta calidad que superan las expectativas est\u00e1ndar de practicidad, funcionalidad y ergonom\u00eda. Nuestros productos est\u00e1n garantizados con una garant\u00eda total del producto. Construimos productos que ofrecen a nuestros clientes la tranquilidad de obtener el m\u00e1ximo rendimiento de su inversi\u00f3n.<\/p>\n<p>P\u00f3ngase en contacto con nosotros para una consulta gratuita con nuestro amable y servicial especialista en mobiliario t\u00e9cnico ergon\u00f3mico.<\/p>\n<div class=\"desksize\"><\/div>\n","protected":false},"excerpt":{"rendered":"<h1 class=\"product-h3\"><span id=\"ctl00_ContentPlaceHolder1_lblH3\">Regleta con supresor de sobretensiones Caracter\u00edsticas<\/span><\/h1>\n<div class=\"col-md-6 col-sm-6 col-xs-12 detailList\">\n<ul>\n<li>Regleta de 6 tomas de corriente<\/li>\n<li>Cable de alta calidad de dos metros de largo<\/li>\n<li>Protecci\u00f3n contra sobretensiones incorporada<\/li>\n<li>Carcasa de pl\u00e1stico resistente<\/li>\n<li>Interruptor de encendido\/apagado iluminado<\/li>\n<\/ul>\n<p>&nbsp;<\/p>\n<\/div>\n","protected":false},"featured_media":16687,"template":"","meta":{"_acf_changed":false,"inline_featured_image":false},"product_brand":[],"product_cat":[1783,3339,1784],"product_tag":[],"class_list":{"0":"post-20174","1":"product","2":"type-product","3":"status-publish","4":"has-post-thumbnail","6":"product_cat-accesorios","7":"product_cat-regleta-de-6-tomas-con-supresor-de-sobretensiones","8":"product_cat-todos-los-accesorios","9":"pa_model-ss9000-es","11":"first","12":"instock","13":"product-type-simple"},"acf":[],"_links":{"self":[{"href":"https:\/\/afcindustries.com\/es\/wp-json\/wp\/v2\/product\/20174","targetHints":{"allow":["GET"]}}],"collection":[{"href":"https:\/\/afcindustries.com\/es\/wp-json\/wp\/v2\/product"}],"about":[{"href":"https:\/\/afcindustries.com\/es\/wp-json\/wp\/v2\/types\/product"}],"wp:featuredmedia":[{"embeddable":true,"href":"https:\/\/afcindustries.com\/es\/wp-json\/wp\/v2\/media\/16687"}],"wp:attachment":[{"href":"https:\/\/afcindustries.com\/es\/wp-json\/wp\/v2\/media?parent=20174"}],"wp:term":[{"taxonomy":"product_brand","embeddable":true,"href":"https:\/\/afcindustries.com\/es\/wp-json\/wp\/v2\/product_brand?post=20174"},{"taxonomy":"product_cat","embeddable":true,"href":"https:\/\/afcindustries.com\/es\/wp-json\/wp\/v2\/product_cat?post=20174"},{"taxonomy":"product_tag","embeddable":true,"href":"https:\/\/afcindustries.com\/es\/wp-json\/wp\/v2\/product_tag?post=20174"}],"curies":[{"name":"wp","href":"https:\/\/api.w.org\/{rel}","templated":true}]}}