{"id":20172,"date":"2022-04-29T17:38:29","date_gmt":"2022-04-29T21:38:29","guid":{"rendered":"https:\/\/afcindustries.com\/product\/estacion-de-trabajo-movil-con-dos-monitores-para-sala-limpia\/"},"modified":"2024-11-29T11:07:20","modified_gmt":"2024-11-29T16:07:20","slug":"estacion-de-trabajo-movil-con-dos-monitores-para-el-cuarto-de-limpieza","status":"publish","type":"product","link":"https:\/\/afcindustries.com\/es\/producto\/estacion-de-trabajo-movil-con-dos-monitores-para-el-cuarto-de-limpieza\/","title":{"rendered":"Estaci\u00f3n de trabajo m\u00f3vil con dos monitores para sala limpia"},"content":{"rendered":"<h2>Estaci\u00f3n de trabajo m\u00f3vil para salas blancas con dos monitores<\/h2>\n<p><img loading=\"lazy\" decoding=\"async\" class=\"alignnone size-full wp-image-10436\" src=\"https:\/\/afcindustries.com\/wp-content\/uploads\/2022\/05\/772911-specs-01.jpg\" alt=\"\" width=\"901\" height=\"524\" title=\"\"><\/p>\n<h2>Caracter\u00edsticas<\/h2>\n<p><img loading=\"lazy\" decoding=\"async\" class=\"alignnone size-full wp-image-10437\" src=\"https:\/\/afcindustries.com\/wp-content\/uploads\/2022\/05\/772911-specs-02.jpg\" alt=\"\" width=\"900\" height=\"345\" title=\"\" srcset=\"https:\/\/afcindustries.com\/wp-content\/uploads\/2022\/05\/772911-specs-02.jpg 900w, https:\/\/afcindustries.com\/wp-content\/uploads\/2022\/05\/772911-specs-02-300x115.jpg 300w, https:\/\/afcindustries.com\/wp-content\/uploads\/2022\/05\/772911-specs-02-768x294.jpg 768w, https:\/\/afcindustries.com\/wp-content\/uploads\/2022\/05\/772911-specs-02-600x230.jpg 600w\" sizes=\"auto, (max-width: 900px) 100vw, 900px\" \/> <img loading=\"lazy\" decoding=\"async\" class=\"alignnone size-full wp-image-10438\" src=\"https:\/\/afcindustries.com\/wp-content\/uploads\/2022\/05\/772911-specs-03.jpg\" alt=\"\" width=\"900\" height=\"355\" title=\"\" srcset=\"https:\/\/afcindustries.com\/wp-content\/uploads\/2022\/05\/772911-specs-03.jpg 900w, https:\/\/afcindustries.com\/wp-content\/uploads\/2022\/05\/772911-specs-03-300x118.jpg 300w, https:\/\/afcindustries.com\/wp-content\/uploads\/2022\/05\/772911-specs-03-768x303.jpg 768w, https:\/\/afcindustries.com\/wp-content\/uploads\/2022\/05\/772911-specs-03-600x237.jpg 600w\" sizes=\"auto, (max-width: 900px) 100vw, 900px\" \/><\/p>\n","protected":false},"excerpt":{"rendered":"<h1>Estaci\u00f3n de trabajo m\u00f3vil para salas blancas con dos monitores<\/h1>\n<p>Carro m\u00f3vil para salas limpias con ajustes de altura para sentarse o levantarse con s\u00f3lo pulsar un bot\u00f3n. Este carro robusto y ergon\u00f3mico est\u00e1 construido para durar, incluyendo patas neum\u00e1ticas de alta resistencia para un soporte y estabilidad sin compromisos. Este carro est\u00e1 equipado con un soporte para uno o dos monitores, un armario ventilado y seguro para el ordenador, una regleta integrada y discretos puertos de gesti\u00f3n de cables, una gran superficie plana de escritorio y ruedas de suave rodamiento para facilitar la maniobrabilidad<\/p>\n<p>Disponible como unidad de un solo monitor con un tama\u00f1o ligeramente menor. Puede configurarse para adaptarse a sus necesidades y especificaciones exactas.<\/p>\n<p><b>Contamos con la certificaci\u00f3n ISO 14644-2015 para productos de sala limpia.<\/b><\/p>\n<ul>\n<li>Botones de control ajustables en altura con preajustes de memoria<\/li>\n<li>Pantalla de doble monitor (compatible con VESA)<\/li>\n<li>Superficie de trabajo de acero inoxidable<\/li>\n<li>Carcasa ventilada para la CPU<\/li>\n<li>Regleta incorporada<\/li>\n<li>Soporte para esc\u00e1ner de c\u00f3digo de barras<\/li>\n<li>Ajustes de altura electr\u00f3nicos suaves y silenciosos<\/li>\n<li>Ruedas antiest\u00e1ticas para facilitar la maniobrabilidad<\/li>\n<\/ul>\n<p>&nbsp;<\/p>\n<ul>\n<li><img decoding=\"async\" src=\"https:\/\/afcindustries.com\/images\/pdf.gif\" \/> <a href=\"https:\/\/afcindustries.com\/PDFS\/INT-US_AF2732_SS_2F_1LC_01%20REV%201_E.PDF\" target=\"_blank\" rel=\"noopener\">PDF INT-US_AF2732_SS_2F_1LC_01 Rev 1_e.pdf<\/a><\/li>\n<\/ul>\n<p>&nbsp;<\/p>\n<ul>\n<li>Altura: 52&#8243;.<\/li>\n<li>Anchura: 27&#8243;<\/li>\n<li>Profundidad: 32&#8243;<\/li>\n<\/ul>\n<p>&nbsp;<\/p>\n[fvplayer id=\"30\"]\n","protected":false},"featured_media":19151,"template":"","meta":{"_acf_changed":false,"inline_featured_image":false},"product_brand":[],"product_cat":[3307],"product_tag":[],"class_list":{"0":"post-20172","1":"product","2":"type-product","3":"status-publish","4":"has-post-thumbnail","6":"product_cat-sala-limpia","8":"first","9":"instock","10":"shipping-taxable","11":"product-type-simple"},"acf":[],"_links":{"self":[{"href":"https:\/\/afcindustries.com\/es\/wp-json\/wp\/v2\/product\/20172","targetHints":{"allow":["GET"]}}],"collection":[{"href":"https:\/\/afcindustries.com\/es\/wp-json\/wp\/v2\/product"}],"about":[{"href":"https:\/\/afcindustries.com\/es\/wp-json\/wp\/v2\/types\/product"}],"wp:featuredmedia":[{"embeddable":true,"href":"https:\/\/afcindustries.com\/es\/wp-json\/wp\/v2\/media\/19151"}],"wp:attachment":[{"href":"https:\/\/afcindustries.com\/es\/wp-json\/wp\/v2\/media?parent=20172"}],"wp:term":[{"taxonomy":"product_brand","embeddable":true,"href":"https:\/\/afcindustries.com\/es\/wp-json\/wp\/v2\/product_brand?post=20172"},{"taxonomy":"product_cat","embeddable":true,"href":"https:\/\/afcindustries.com\/es\/wp-json\/wp\/v2\/product_cat?post=20172"},{"taxonomy":"product_tag","embeddable":true,"href":"https:\/\/afcindustries.com\/es\/wp-json\/wp\/v2\/product_tag?post=20172"}],"curies":[{"name":"wp","href":"https:\/\/api.w.org\/{rel}","templated":true}]}}