{"id":20171,"date":"2022-05-06T16:00:22","date_gmt":"2022-05-06T20:00:22","guid":{"rendered":"https:\/\/afcindustries.com\/product\/carro-dispensador-de-desinfectante-movil-con-recipiente-para-residuos\/"},"modified":"2024-11-29T10:57:01","modified_gmt":"2024-11-29T15:57:01","slug":"carro-dispensador-de-desinfectante-movil-con-recipiente-para-residuos","status":"publish","type":"product","link":"https:\/\/afcindustries.com\/es\/producto\/carro-dispensador-de-desinfectante-movil-con-recipiente-para-residuos\/","title":{"rendered":"Carro dispensador de desinfectante m\u00f3vil con recipiente para residuos"},"content":{"rendered":"<h2>Carro dispensador de higiene m\u00f3vil<\/h2>\n<h4>SKU: 772389<\/h4>\n<div id=\"color_choice\">\n<div id=\"ctl00_ContentPlaceHolder1_color1_pnlColor\" class=\"option-Style-Panel1\">\n<div class=\"color-container\">\n<div class=\"color-item\">\n<p>&nbsp;<\/p>\n<div id=\"Black\" class=\"color-item-big\"><img decoding=\"async\" src=\"https:\/\/afcindustries.com\/wp-content\/uploads\/2022\/01\/Black-1.jpg\" alt=\"Negro\" title=\"\"><\/div>\n<\/div>\n<\/div>\n<\/div>\n<\/div>\n<p>Carro m\u00f3vil de telesalud con un dise\u00f1o robusto. Este caret es ideal para m\u00faltiples tipos de aplicaciones, ya sea que necesite una estaci\u00f3n de telecomunicaciones m\u00f3vil que pueda maniobrar f\u00e1cilmente de una habitaci\u00f3n a otra o un sistema de vigilancia remota virtual estacionario que pueda albergar todos sus perif\u00e9ricos necesarios.<\/p>\n<p>Este carro est\u00e1 construido con un robusto poste central de acero laminado en fr\u00edo, una unidad dispensadora de construcci\u00f3n met\u00e1lica, y con un robusto estante de cesta de alambre y un recept\u00e1culo para la basura. Creando una robusta unidad independiente para cualquier lugar. La cesta de alambre y el recept\u00e1culo pueden ajustarse manualmente hacia arriba y hacia abajo y alrededor de la longitud del poste central.<\/p>\n<p><strong>Gesti\u00f3n limpia de los cables:<\/strong> Los cables est\u00e1n ocultos de forma segura para eliminar el riesgo de accidentes que pueda causar a personas o equipos.<\/p>\n<p><strong>Construido seg\u00fan las especificaciones:<\/strong> Se puede especificar para acomodar las necesidades \u00fanicas y el entorno de trabajo de los usuarios individuales antes de la fabricaci\u00f3n.<\/p>\n<p><strong>Garantizado con la garant\u00eda del producto:<\/strong> Cubierto con la garant\u00eda de producto del fabricante que da seguridad a los compradores en caso de que el producto no cumpla con las expectativas.<\/p>\n<p><strong>Equipo de fabricaci\u00f3n de confianza:<\/strong> Nuestros dise\u00f1adores, ingenieros y fabricantes utilizan sus habilidades y talentos para ofrecerle el producto de mayor calidad que usted merece.<\/p>\n<p><strong>Mobiliario inform\u00e1tico vers\u00e1til:<\/strong> Nuestros muebles son capaces de adaptarse a diferentes usos y entornos, por lo que son duraderos.<\/p>\n<p><b>Nota:<\/b> El carro viene con 1 cesta de alambre y un soporte para el recipiente de basura.<\/p>\n<div class=\"desksize\"><\/div>\n","protected":false},"excerpt":{"rendered":"<h1 class=\"product-h3\"><span id=\"ctl00_ContentPlaceHolder1_lblH3\">Carro dispensador de higiene m\u00f3vil<\/span><\/h1>\n<div class=\"col-md-6 col-sm-6 col-xs-12 detailList\">\n<ul>\n<li>Carro dispensador de higiene m\u00f3vil de dise\u00f1o sencillo y resistente<\/li>\n<li>Soporte de poste central de acero<\/li>\n<li>Cesta de alambre para guardar y organizar<\/li>\n<li>Soporte para cestas de basura<\/li>\n<li>Recortes de ojales para la gesti\u00f3n oculta de los cables<\/li>\n<li>Cuatro robustas ruedas dobles para facilitar la movilidad<\/li>\n<\/ul>\n<p>&nbsp;<\/p>\n<p>&nbsp;<\/p>\n<\/div>\n<div class=\"col-md-6 col-sm-6 col-xs-12\">\n<ul>\n<li>\n<ul class=\"specPreview\">\n<li>Altura<\/li>\n<li>60&#8243; en total<\/li>\n<\/ul>\n<p>&nbsp;<\/li>\n<li>\n<ul class=\"specPreview\">\n<li>Anchura<\/li>\n<li>22&#8243;<\/li>\n<\/ul>\n<p>&nbsp;<\/li>\n<li>\n<ul class=\"specPreview\">\n<li>Profundidad<\/li>\n<li>22&#8243;<\/li>\n<\/ul>\n<p>&nbsp;<\/li>\n<\/ul>\n<\/div>\n","protected":false},"featured_media":19070,"template":"","meta":{"_acf_changed":false,"inline_featured_image":false},"product_brand":[],"product_cat":[3334],"product_tag":[],"class_list":{"0":"post-20171","1":"product","2":"type-product","3":"status-publish","4":"has-post-thumbnail","6":"product_cat-carro-dispensador-de-higiene","8":"first","9":"instock","10":"shipping-taxable","11":"product-type-simple"},"acf":[],"_links":{"self":[{"href":"https:\/\/afcindustries.com\/es\/wp-json\/wp\/v2\/product\/20171","targetHints":{"allow":["GET"]}}],"collection":[{"href":"https:\/\/afcindustries.com\/es\/wp-json\/wp\/v2\/product"}],"about":[{"href":"https:\/\/afcindustries.com\/es\/wp-json\/wp\/v2\/types\/product"}],"wp:featuredmedia":[{"embeddable":true,"href":"https:\/\/afcindustries.com\/es\/wp-json\/wp\/v2\/media\/19070"}],"wp:attachment":[{"href":"https:\/\/afcindustries.com\/es\/wp-json\/wp\/v2\/media?parent=20171"}],"wp:term":[{"taxonomy":"product_brand","embeddable":true,"href":"https:\/\/afcindustries.com\/es\/wp-json\/wp\/v2\/product_brand?post=20171"},{"taxonomy":"product_cat","embeddable":true,"href":"https:\/\/afcindustries.com\/es\/wp-json\/wp\/v2\/product_cat?post=20171"},{"taxonomy":"product_tag","embeddable":true,"href":"https:\/\/afcindustries.com\/es\/wp-json\/wp\/v2\/product_tag?post=20171"}],"curies":[{"name":"wp","href":"https:\/\/api.w.org\/{rel}","templated":true}]}}