{"id":20170,"date":"2022-04-30T16:01:23","date_gmt":"2022-04-30T20:01:23","guid":{"rendered":"https:\/\/afcindustries.com\/product\/estacion-de-trabajo-movil-ajustable-en-altura-para-salas-limpias-con-soportes-para-dos-monitores\/"},"modified":"2024-11-29T11:07:20","modified_gmt":"2024-11-29T16:07:20","slug":"estacion-de-trabajo-movil-ajustable-en-altura-con-soportes-para-dos-monitores","status":"publish","type":"product","link":"https:\/\/afcindustries.com\/es\/producto\/estacion-de-trabajo-movil-ajustable-en-altura-con-soportes-para-dos-monitores\/","title":{"rendered":"Estaci\u00f3n de trabajo m\u00f3vil ajustable en altura para salas limpias con soportes para dos monitores"},"content":{"rendered":"<h2>Estaci\u00f3n de trabajo m\u00f3vil ajustable en altura para salas limpias con soportes para dos monitores<\/h2>\n","protected":false},"excerpt":{"rendered":"<h1>Estaci\u00f3n de trabajo m\u00f3vil para salas limpias con soportes para dos monitores<\/h1>\n<p>Estaci\u00f3n de trabajo con carro m\u00f3vil para salas limpias. Dise\u00f1ado para su uso dentro de la sala limpia, entorno est\u00e9ril. Fabricado con acero y\/o aluminio de alta calidad. Superficies f\u00e1ciles de limpiar para una m\u00e1xima higiene y esterilizaci\u00f3n.<\/p>\n<p>Disponible en configuraciones de uno, dos y tres monitores. Esta estaci\u00f3n de trabajo con carro rodante es compatible con cualquier entorno de trabajo de sala limpia. Las ruedas antiest\u00e1ticas especialmente fabricadas pueden bloquearse para mantener la estabilidad o soltarse f\u00e1cilmente para rodar suavemente de una zona a otra.<\/p>\n<p>P\u00f3ngase en contacto con nosotros hoy mismo para hablar de su proyecto en cuesti\u00f3n y podremos repasar todas las opciones de accesorios, especificaciones y satisfacer sus necesidades.<\/p>\n<ul>\n<li>Interruptor de control electr\u00f3nico ajustable en altura, arriba\/abajo<\/li>\n<li>Superficie de trabajo preparada para sala limpia: 27&#8243; de ancho X 24,5&#8243; de profundidad<\/li>\n<li>Soportes para dos monitores<\/li>\n<li>Soporte de esc\u00e1ner fijado al brazo del monitor<\/li>\n<li>Soporte met\u00e1lico ventilado para la CPU incorporado<\/li>\n<li>Discretos portales de gesti\u00f3n de cables para ocultar todos los cables antiest\u00e9ticos<\/li>\n<li>Cuatro ruedas de 4&#8243; (el juego delantero es bloqueable), ruedas antiest\u00e1ticas opcionales<\/li>\n<\/ul>\n<p>&nbsp;<\/p>\n<ul>\n<li><img decoding=\"async\" src=\"https:\/\/afcindustries.com\/images\/pdf.gif\" \/> <a href=\"https:\/\/afcindustries.com\/PDFS\/INT-US_AF2732_SS_2F_1LC_01_VER%20E-ISO.PDF\" target=\"_blank\" rel=\"noopener\">PDF INT-US_AF2732_SS_2F_1LC_01_VER E-ISO.pdf<\/a><\/li>\n<\/ul>\n<p>&nbsp;<\/p>\n<ul>\n<li>Altura: 55&#8243;.<\/li>\n<li>Anchura: 27&#8243;<\/li>\n<li>Profundidad: 24,5&#8243;<\/li>\n<\/ul>\n<p>&nbsp;<\/p>\n[fvplayer id=\"66\"]\n","protected":false},"featured_media":19166,"template":"","meta":{"_acf_changed":false,"inline_featured_image":false},"product_brand":[],"product_cat":[3307],"product_tag":[],"class_list":{"0":"post-20170","1":"product","2":"type-product","3":"status-publish","4":"has-post-thumbnail","6":"product_cat-sala-limpia","8":"first","9":"instock","10":"shipping-taxable","11":"product-type-simple"},"acf":[],"_links":{"self":[{"href":"https:\/\/afcindustries.com\/es\/wp-json\/wp\/v2\/product\/20170","targetHints":{"allow":["GET"]}}],"collection":[{"href":"https:\/\/afcindustries.com\/es\/wp-json\/wp\/v2\/product"}],"about":[{"href":"https:\/\/afcindustries.com\/es\/wp-json\/wp\/v2\/types\/product"}],"wp:featuredmedia":[{"embeddable":true,"href":"https:\/\/afcindustries.com\/es\/wp-json\/wp\/v2\/media\/19166"}],"wp:attachment":[{"href":"https:\/\/afcindustries.com\/es\/wp-json\/wp\/v2\/media?parent=20170"}],"wp:term":[{"taxonomy":"product_brand","embeddable":true,"href":"https:\/\/afcindustries.com\/es\/wp-json\/wp\/v2\/product_brand?post=20170"},{"taxonomy":"product_cat","embeddable":true,"href":"https:\/\/afcindustries.com\/es\/wp-json\/wp\/v2\/product_cat?post=20170"},{"taxonomy":"product_tag","embeddable":true,"href":"https:\/\/afcindustries.com\/es\/wp-json\/wp\/v2\/product_tag?post=20170"}],"curies":[{"name":"wp","href":"https:\/\/api.w.org\/{rel}","templated":true}]}}