{"id":20167,"date":"2022-01-29T12:39:05","date_gmt":"2022-01-29T17:39:05","guid":{"rendered":"https:\/\/afcindustries.com\/product\/soporte-para-ordenador-portatil-accesorio-para-cinta-de-correr\/"},"modified":"2024-11-29T11:07:04","modified_gmt":"2024-11-29T16:07:04","slug":"soporte-para-ordenador-portatil-accesorio-para-cinta-de-correr","status":"publish","type":"product","link":"https:\/\/afcindustries.com\/es\/producto\/soporte-para-ordenador-portatil-accesorio-para-cinta-de-correr\/","title":{"rendered":"Soporte para ordenador port\u00e1til Accesorio para cinta de correr"},"content":{"rendered":"<h2>Soporte de suelo para ordenador port\u00e1til Accesorio para cinta de correr<\/h2>\n<div id=\"color_choice\">\n<div id=\"ctl00_ContentPlaceHolder1_color1_pnlColor\" class=\"option-Style-Panel1\">\n<div class=\"color-container\">\n<div class=\"color-item\">\n<p>&nbsp;<\/p>\n<div id=\"Gray\" class=\"color-item-big\"><img decoding=\"async\" src=\"https:\/\/afcindustries.com\/wp-content\/uploads\/2022\/01\/Gray-1.jpg\" alt=\"Gris\" title=\"\"><\/div>\n<\/div>\n<\/div>\n<\/div>\n<\/div>\n<p>Accesorio de montaje en el suelo de la cinta de correr con soporte para un solo ordenador port\u00e1til, que se adapta a un tama\u00f1o est\u00e1ndar. Perfecto para las personas que buscan una forma m\u00e1s saludable de trabajar.<\/p>\n<div class=\"desksize\"><\/div>\n","protected":false},"excerpt":{"rendered":"<h1 class=\"product-h3\"><span id=\"ctl00_ContentPlaceHolder1_lblH3\">Accesorio para cinta de correr Soporte de suelo para ordenador port\u00e1til<\/span><\/h1>\n<div class=\"col-md-6 col-sm-6 col-xs-12 detailList\">\n<ul>\n<li>Soporte para ordenador port\u00e1til dise\u00f1ado espec\u00edficamente para cintas de correr como accesorio adicional.<\/li>\n<li>Perfecto para las personas que requieren trabajar y mantenerse en forma al mismo tiempo.<\/li>\n<li>Debe verificarse el tama\u00f1o de la anchura de la cinta de correr si se ajusta al accesorio de soporte de la cinta.<\/li>\n<li>Este art\u00edculo es s\u00f3lo un accesorio, AFC Industries no vende ni fabrica unidades de cinta de correr.<\/li>\n<\/ul>\n<p>&nbsp;<\/p>\n<p>&nbsp;<\/p>\n<\/div>\n<div class=\"col-md-6 col-sm-6 col-xs-12\">\n<ul class=\"ulpdf\">\n<li><a id=\"ctl00_ContentPlaceHolder1_hPDF\" href=\"https:\/\/afcindustries.com\/PDFS\/TRWS101-3820-64P1LP-01A.PDF\" target=\"_blank\" rel=\"noopener\"><img decoding=\"async\" id=\"ctl00_ContentPlaceHolder1_imgPDF\" style=\"border-width: 0px;\" src=\"https:\/\/afcindustries.com\/images\/pdf.gif\" border=\"0\" \/><span id=\"ctl00_ContentPlaceHolder1_lblPDFSKU\" class=\"pdf\">PDF TRWS101-3820-64P1LP-01a.pdf<\/span><\/a><\/li>\n<\/ul>\n<ul>\n<li>\n<ul class=\"specPreview\">\n<li>Altura<\/li>\n<li>64&#8243;<\/li>\n<\/ul>\n<p>&nbsp;<\/li>\n<li>\n<ul class=\"specPreview\">\n<li>Anchura<\/li>\n<li>38&#8243;<\/li>\n<\/ul>\n<p>&nbsp;<\/li>\n<li>\n<ul class=\"specPreview\">\n<li>Profundidad<\/li>\n<li>20&#8243;<\/li>\n<\/ul>\n<p>&nbsp;<\/li>\n<\/ul>\n<\/div>\n","protected":false},"featured_media":16629,"template":"","meta":{"_acf_changed":false,"inline_featured_image":false},"product_brand":[],"product_cat":[1814,2859,3322],"product_tag":[],"class_list":{"0":"post-20167","1":"product","2":"type-product","3":"status-publish","4":"has-post-thumbnail","6":"product_cat-productos-personalizados","7":"product_cat-soluciones-de-escritorios-con-cinta-de-correr","8":"product_cat-soporte-para-ordenador-portatil-accesorio-para-cinta-de-correr","10":"first","11":"instock","12":"product-type-simple"},"acf":[],"_links":{"self":[{"href":"https:\/\/afcindustries.com\/es\/wp-json\/wp\/v2\/product\/20167","targetHints":{"allow":["GET"]}}],"collection":[{"href":"https:\/\/afcindustries.com\/es\/wp-json\/wp\/v2\/product"}],"about":[{"href":"https:\/\/afcindustries.com\/es\/wp-json\/wp\/v2\/types\/product"}],"wp:featuredmedia":[{"embeddable":true,"href":"https:\/\/afcindustries.com\/es\/wp-json\/wp\/v2\/media\/16629"}],"wp:attachment":[{"href":"https:\/\/afcindustries.com\/es\/wp-json\/wp\/v2\/media?parent=20167"}],"wp:term":[{"taxonomy":"product_brand","embeddable":true,"href":"https:\/\/afcindustries.com\/es\/wp-json\/wp\/v2\/product_brand?post=20167"},{"taxonomy":"product_cat","embeddable":true,"href":"https:\/\/afcindustries.com\/es\/wp-json\/wp\/v2\/product_cat?post=20167"},{"taxonomy":"product_tag","embeddable":true,"href":"https:\/\/afcindustries.com\/es\/wp-json\/wp\/v2\/product_tag?post=20167"}],"curies":[{"name":"wp","href":"https:\/\/api.w.org\/{rel}","templated":true}]}}