{"id":20165,"date":"2022-01-29T12:39:14","date_gmt":"2022-01-29T17:39:14","guid":{"rendered":"https:\/\/afcindustries.com\/product\/bandeja-ergonomica-para-teclado-y-raton-de-ordenador\/"},"modified":"2024-11-29T11:07:04","modified_gmt":"2024-11-29T16:07:04","slug":"bandeja-ergonomica-para-teclado-y-raton-de-ordenador","status":"publish","type":"product","link":"https:\/\/afcindustries.com\/es\/producto\/bandeja-ergonomica-para-teclado-y-raton-de-ordenador\/","title":{"rendered":"Bandeja ergon\u00f3mica para teclado y rat\u00f3n de ordenador"},"content":{"rendered":"<h2>Teclado de ordenador con bandeja retr\u00e1ctil para el rat\u00f3n<\/h2>\n<div id=\"color_choice\"><\/div>\n<p>Esta bandeja ergon\u00f3mica para teclado y rat\u00f3n de ordenador est\u00e1 fabricada con un pl\u00e1stico pol\u00edmero muy resistente que puede soportar el desgaste diario de la inform\u00e1tica. Se puede instalar y puede adaptarse a todos los brazos de teclado. La superficie rugosa de la bandeja para el teclado ha sido dise\u00f1ada para que la tracci\u00f3n mantenga el teclado del ordenador en su sitio y el labio frontal evita que el teclado se deslice.<\/p>\n<p>Fabricamos equipos de mobiliario ergon\u00f3mico de alta calidad que superan las expectativas est\u00e1ndar de practicidad y funcionalidad. Nuestros productos est\u00e1n garantizados con una garant\u00eda total del producto. Fabricamos productos que ofrecen a nuestros clientes la tranquilidad de obtener el m\u00e1ximo rendimiento de su inversi\u00f3n.<\/p>\n<p>P\u00f3ngase en contacto con nosotros para una consulta gratuita con nuestro amable y servicial especialista en mobiliario t\u00e9cnico ergon\u00f3mico.<\/p>\n<div class=\"desksize\"><\/div>\n<h3 class=\"product-h3\"><span id=\"ctl00_ContentPlaceHolder1_lblImageBottom1\">Bandeja ergon\u00f3mica para teclado y rat\u00f3n de ordenador Caracter\u00edsticas<\/span><\/h3>\n<p><img decoding=\"async\" id=\"ctl00_ContentPlaceHolder1_imgDetailImageCall\" class=\"img-responsive\" style=\"border-width: 0px\" src=\"https:\/\/afcindustries.com\/wp-content\/uploads\/2022\/01\/771325-ergonomic-computer-keyboard-and-mouse-tray-features.jpg\" alt=\"Bandeja ergon\u00f3mica para teclado y rat\u00f3n de ordenador material polim\u00e9rico\" title=\"\"><\/p>\n<div id=\"ctl00_ContentPlaceHolder1_pnlImageContainer\"><\/div>\n<h3 class=\"product-h3\"><span id=\"ctl00_ContentPlaceHolder1_lblImageBottom2\">Teclado de ordenador de dise\u00f1o elegante con bandeja retr\u00e1ctil para el rat\u00f3n<\/span><\/h3>\n<p><img decoding=\"async\" id=\"ctl00_ContentPlaceHolder1_imgDetailImageCall2\" class=\"img-responsive\" style=\"border-width: 0px\" src=\"https:\/\/afcindustries.com\/wp-content\/uploads\/2022\/01\/771325-elegantly-designed-computer-keyboard-with-retractable-mouse-tray.jpg\" alt=\"Caracter\u00edsticas pr\u00e1cticas de la bandeja ergon\u00f3mica para teclado y rat\u00f3n de ordenador\" title=\"\"><\/p>\n<h3 class=\"product-h3\"><\/h3>\n","protected":false},"excerpt":{"rendered":"<h1 class=\"product-h3\"><span id=\"ctl00_ContentPlaceHolder1_lblH3\">Bandeja retr\u00e1ctil para teclado y rat\u00f3n de ordenador Caracter\u00edsticas<\/span><\/h1>\n<div class=\"col-md-6 col-sm-6 col-xs-12 detailList\">\n<ul>\n<li>Se adapta a todos los brazos de teclado<\/li>\n<li>Hecho de pol\u00edmero moldeado duradero<\/li>\n<li>Superficie antideslizante de pl\u00e1stico<\/li>\n<li>Bandeja de rat\u00f3n deslizante de izquierda a derecha<\/li>\n<li>Incluye un soporte universal para el rat\u00f3n<\/li>\n<li>La bandeja retr\u00e1ctil puede guardarse debajo cuando no se utiliza<\/li>\n<li>Dise\u00f1o que ahorra espacio para entornos de oficina reducidos<\/li>\n<li>Dise\u00f1o ergon\u00f3mico con flexibilidad y durabilidad<\/li>\n<\/ul>\n<p><b>Notas importantes<\/b><\/p>\n<p>&#8211; Seleccione el brazo que desee en un tama\u00f1o que se ajuste a su escritorio.<br \/>\n&#8211; Elija una bandeja para el teclado (los brazos no acomodar\u00e1n un teclado sin bandeja).<br \/>\n&#8211; Decide el reposamanos opcional que anima a una mejor postura y ayuda a reducir el riesgo de s\u00edndrome del t\u00fanel carpiano.<\/p>\n<p>&nbsp;<\/p>\n<p>&nbsp;<\/p>\n<\/div>\n<div class=\"col-md-6 col-sm-6 col-xs-12\">\n<ul class=\"ulpdf\">\n<li><a id=\"ctl00_ContentPlaceHolder1_hPDF\" href=\"https:\/\/afcindustries.com\/PDFS\/771325_PDF.PDF\" target=\"_blank\" rel=\"noopener\"><img decoding=\"async\" id=\"ctl00_ContentPlaceHolder1_imgPDF\" style=\"border-width: 0px;\" src=\"https:\/\/afcindustries.com\/images\/pdf.gif\" border=\"0\" \/><span id=\"ctl00_ContentPlaceHolder1_lblPDFSKU\" class=\"pdf\">PDF 771325_pdf.pdf<\/span><\/a><\/li>\n<\/ul>\n<ul>\n<li>\n<ul class=\"specPreview\">\n<li>Altura<\/li>\n<li>&#8211; 2,5 pulgadas<\/li>\n<\/ul>\n<p>&nbsp;<\/li>\n<li>\n<ul class=\"specPreview\">\n<li>Anchura<\/li>\n<li>&#8211; 21 pulgadas<\/li>\n<\/ul>\n<p>&nbsp;<\/li>\n<li>\n<ul class=\"specPreview\">\n<li>Profundidad<\/li>\n<li>&#8211; 10,5 pulgadas<\/li>\n<\/ul>\n<p>&nbsp;<\/li>\n<\/ul>\n<\/div>\n","protected":false},"featured_media":16661,"template":"","meta":{"_acf_changed":false,"inline_featured_image":false},"product_brand":[],"product_cat":[1783,3331,1784],"product_tag":[],"class_list":{"0":"post-20165","1":"product","2":"type-product","3":"status-publish","4":"has-post-thumbnail","6":"product_cat-accesorios","7":"product_cat-bandeja-ergonomica-para-teclado-y-raton-de-ordenador","8":"product_cat-todos-los-accesorios","9":"pa_model-tr2000-es","11":"first","12":"instock","13":"product-type-simple"},"acf":[],"_links":{"self":[{"href":"https:\/\/afcindustries.com\/es\/wp-json\/wp\/v2\/product\/20165","targetHints":{"allow":["GET"]}}],"collection":[{"href":"https:\/\/afcindustries.com\/es\/wp-json\/wp\/v2\/product"}],"about":[{"href":"https:\/\/afcindustries.com\/es\/wp-json\/wp\/v2\/types\/product"}],"wp:featuredmedia":[{"embeddable":true,"href":"https:\/\/afcindustries.com\/es\/wp-json\/wp\/v2\/media\/16661"}],"wp:attachment":[{"href":"https:\/\/afcindustries.com\/es\/wp-json\/wp\/v2\/media?parent=20165"}],"wp:term":[{"taxonomy":"product_brand","embeddable":true,"href":"https:\/\/afcindustries.com\/es\/wp-json\/wp\/v2\/product_brand?post=20165"},{"taxonomy":"product_cat","embeddable":true,"href":"https:\/\/afcindustries.com\/es\/wp-json\/wp\/v2\/product_cat?post=20165"},{"taxonomy":"product_tag","embeddable":true,"href":"https:\/\/afcindustries.com\/es\/wp-json\/wp\/v2\/product_tag?post=20165"}],"curies":[{"name":"wp","href":"https:\/\/api.w.org\/{rel}","templated":true}]}}