{"id":20162,"date":"2022-04-30T18:45:01","date_gmt":"2022-04-30T22:45:01","guid":{"rendered":"https:\/\/afcindustries.com\/product\/estacion-de-trabajo-movil-con-dos-monitores-ruedas-antiestaticas-y-estante-extensible-para-portatiles\/"},"modified":"2024-11-29T10:56:48","modified_gmt":"2024-11-29T15:56:48","slug":"estacion-de-trabajo-movil-con-dos-monitores-ruedas-antiestaticas-y-estante-extensible-para-portatiles","status":"publish","type":"product","link":"https:\/\/afcindustries.com\/es\/producto\/estacion-de-trabajo-movil-con-dos-monitores-ruedas-antiestaticas-y-estante-extensible-para-portatiles\/","title":{"rendered":"Estaci\u00f3n de trabajo m\u00f3vil con dos monitores, ruedas antiest\u00e1ticas y estante extensible para port\u00e1tiles"},"content":{"rendered":"<h2>Estaci\u00f3n de trabajo m\u00f3vil con dos monitores, ruedas antiest\u00e1ticas y estante extensible para port\u00e1tiles<\/h2>\n","protected":false},"excerpt":{"rendered":"<h1>Estaci\u00f3n de trabajo m\u00f3vil con doble monitor y estante para port\u00e1til<\/h1>\n<p>Ordenador port\u00e1til de sala limpia m\u00e1s estaci\u00f3n de trabajo. Dise\u00f1ado para su uso dentro de la sala limpia, entorno est\u00e9ril. Fabricado con acero y\/o aluminio de alta calidad. Superficie de escritorio f\u00e1cil de limpiar para una m\u00e1xima higiene y esterilizaci\u00f3n.<\/p>\n<p>Disponible con m\u00faltiples configuraciones de monitores. Esta estaci\u00f3n de trabajo de escritorio rodante es compatible con cualquier entorno de trabajo de sala limpia. Las ruedas antiest\u00e1ticas especialmente fabricadas pueden bloquearse para mantener la estabilidad o soltarse f\u00e1cilmente para rodar suavemente de una zona a otra. El robusto marco y las patas pueden soportar una capacidad de peso de 450 libras.<\/p>\n<p>P\u00f3ngase en contacto con nosotros hoy mismo para hablar de su proyecto en cuesti\u00f3n y podremos repasar todas las opciones de accesorios, especificaciones y satisfacer sus necesidades.<\/p>\n<ul>\n<li>Interruptor de control electr\u00f3nico ajustable en altura, arriba\/abajo<\/li>\n<li>Gran superficie de trabajo preparada para la sala limpia: 35&#8243; de ancho X 27&#8243; de profundidad<\/li>\n<li>Montaje de dos monitores en un solo poste con brazos en Z extensibles<\/li>\n<li>Estante para ordenadores port\u00e1tiles en un soporte de brazo extensible independiente<\/li>\n<li>Caja de alimentaci\u00f3n con soporte met\u00e1lico ventilado<\/li>\n<li>Caja de control del interruptor EMO montada en el escritorio<\/li>\n<li>Soporte s\u00edsmico montado en el marco<\/li>\n<li>Gesti\u00f3n de la cadena portacables para ocultar todos los cables antiest\u00e9ticos<\/li>\n<li>Cuatro ruedas de 4&#8243; (el juego delantero es bloqueable)<\/li>\n<\/ul>\n<p>&nbsp;<\/p>\n<ul>\n<li><img decoding=\"async\" src=\"https:\/\/afcindustries.com\/images\/pdf.gif\" \/> <a href=\"https:\/\/afcindustries.com\/PDFS\/AM-IL_AF3527_2F_LP_03%20-%20REV.A%20-%20UPDATES.PDF\" target=\"_blank\" rel=\"noopener\"> PDF AM-IL_AF3527_2F_LP_03 &#8211; Rev.A &#8211; actualizaciones.pdf<\/a><\/li>\n<\/ul>\n<p>&nbsp;<\/p>\n<ul>\n<li>Altura: 60&#8243;.<\/li>\n<li>Anchura: 32&#8243;<\/li>\n<li>Profundidad: 27&#8243;<\/li>\n<\/ul>\n<p>&nbsp;<\/p>\n[fvplayer id=\"26\"]\n","protected":false},"featured_media":19161,"template":"","meta":{"_acf_changed":false,"inline_featured_image":false},"product_brand":[],"product_cat":[3307],"product_tag":[],"class_list":{"0":"post-20162","1":"product","2":"type-product","3":"status-publish","4":"has-post-thumbnail","6":"product_cat-sala-limpia","8":"first","9":"instock","10":"shipping-taxable","11":"product-type-simple"},"acf":[],"_links":{"self":[{"href":"https:\/\/afcindustries.com\/es\/wp-json\/wp\/v2\/product\/20162","targetHints":{"allow":["GET"]}}],"collection":[{"href":"https:\/\/afcindustries.com\/es\/wp-json\/wp\/v2\/product"}],"about":[{"href":"https:\/\/afcindustries.com\/es\/wp-json\/wp\/v2\/types\/product"}],"wp:featuredmedia":[{"embeddable":true,"href":"https:\/\/afcindustries.com\/es\/wp-json\/wp\/v2\/media\/19161"}],"wp:attachment":[{"href":"https:\/\/afcindustries.com\/es\/wp-json\/wp\/v2\/media?parent=20162"}],"wp:term":[{"taxonomy":"product_brand","embeddable":true,"href":"https:\/\/afcindustries.com\/es\/wp-json\/wp\/v2\/product_brand?post=20162"},{"taxonomy":"product_cat","embeddable":true,"href":"https:\/\/afcindustries.com\/es\/wp-json\/wp\/v2\/product_cat?post=20162"},{"taxonomy":"product_tag","embeddable":true,"href":"https:\/\/afcindustries.com\/es\/wp-json\/wp\/v2\/product_tag?post=20162"}],"curies":[{"name":"wp","href":"https:\/\/api.w.org\/{rel}","templated":true}]}}