{"id":20158,"date":"2022-04-30T15:46:49","date_gmt":"2022-04-30T19:46:49","guid":{"rendered":"https:\/\/afcindustries.com\/product\/carro-movil-para-sala-limpia-con-almacenamiento-interno-superficie-de-trabajo-deslizante-y-ruedas-antiestaticas\/"},"modified":"2024-11-29T11:06:32","modified_gmt":"2024-11-29T16:06:32","slug":"carro-de-limpieza-movil-con-carro-de-trabajo-y-almacenamiento-interno-y-ruedas-antiestaticas","status":"publish","type":"product","link":"https:\/\/afcindustries.com\/es\/producto\/carro-de-limpieza-movil-con-carro-de-trabajo-y-almacenamiento-interno-y-ruedas-antiestaticas\/","title":{"rendered":"Carro m\u00f3vil para sala limpia con almacenamiento interno, superficie de trabajo deslizante y ruedas antiest\u00e1ticas"},"content":{"rendered":"<h2>Carro m\u00f3vil para sala limpia con almacenamiento interno, superficie de trabajo deslizante y ruedas antiest\u00e1ticas<\/h2>\n","protected":false},"excerpt":{"rendered":"<h1>Carro m\u00f3vil para sala limpia con almacenamiento interno, superficie de trabajo deslizante y ruedas antiest\u00e1ticas<\/h1>\n<h3><span style=\"font-weight: 400;\">Carro m\u00f3vil para salas limpias con superficie de trabajo extra\u00edble y almacenamiento interno<\/span><\/h3>\n<p>Configuraciones disponibles para adaptarse a sus necesidades y especificaciones exactas<\/p>\n<p><b>Contamos con la certificaci\u00f3n ISO 14644-2015 para productos de sala limpia.<\/b><\/p>\n<ul>\n<li>Armario con estantes y caj\u00f3n deslizante<\/li>\n<li>Bandeja deslizante<\/li>\n<li>Toma de corriente en la parte trasera<\/li>\n<li>Manija de empuje\/tracci\u00f3n<\/li>\n<li>Cuatro ruedas de 4&#8243; para facilitar la maniobrabilidad<\/li>\n<\/ul>\n<p>&nbsp;<\/p>\n<ul>\n<li><img decoding=\"async\" src=\"https:\/\/afcindustries.com\/images\/pdf.gif\" \/> <a href=\"https:\/\/afcindustries.com\/wp-content\/uploads\/2022\/05\/LRC362436-101-REV-8.pdf\" target=\"_blank\" rel=\"noopener\">LRC362436-101-REV-8.pdf<\/a><\/li>\n<\/ul>\n<p>&nbsp;<\/p>\n<ul>\n<li>Ancho de la superficie superior: 36,5&#8243;.<\/li>\n<li>Profundidad de la superficie superior: 27,5&#8243;.<\/li>\n<\/ul>\n<p>&nbsp;<\/p>\n[fvplayer id=\"28\"]\n","protected":false},"featured_media":19135,"template":"","meta":{"_acf_changed":false,"inline_featured_image":false},"product_brand":[],"product_cat":[3307],"product_tag":[],"class_list":{"0":"post-20158","1":"product","2":"type-product","3":"status-publish","4":"has-post-thumbnail","6":"product_cat-sala-limpia","8":"first","9":"instock","10":"shipping-taxable","11":"product-type-simple"},"acf":[],"_links":{"self":[{"href":"https:\/\/afcindustries.com\/es\/wp-json\/wp\/v2\/product\/20158","targetHints":{"allow":["GET"]}}],"collection":[{"href":"https:\/\/afcindustries.com\/es\/wp-json\/wp\/v2\/product"}],"about":[{"href":"https:\/\/afcindustries.com\/es\/wp-json\/wp\/v2\/types\/product"}],"wp:featuredmedia":[{"embeddable":true,"href":"https:\/\/afcindustries.com\/es\/wp-json\/wp\/v2\/media\/19135"}],"wp:attachment":[{"href":"https:\/\/afcindustries.com\/es\/wp-json\/wp\/v2\/media?parent=20158"}],"wp:term":[{"taxonomy":"product_brand","embeddable":true,"href":"https:\/\/afcindustries.com\/es\/wp-json\/wp\/v2\/product_brand?post=20158"},{"taxonomy":"product_cat","embeddable":true,"href":"https:\/\/afcindustries.com\/es\/wp-json\/wp\/v2\/product_cat?post=20158"},{"taxonomy":"product_tag","embeddable":true,"href":"https:\/\/afcindustries.com\/es\/wp-json\/wp\/v2\/product_tag?post=20158"}],"curies":[{"name":"wp","href":"https:\/\/api.w.org\/{rel}","templated":true}]}}