{"id":20156,"date":"2022-04-27T21:21:51","date_gmt":"2022-04-28T01:21:51","guid":{"rendered":"https:\/\/afcindustries.com\/product\/mesa-de-conferencias-con-panel-de-monitor-de-elevacion-electrica\/"},"modified":"2024-11-29T11:06:32","modified_gmt":"2024-11-29T16:06:32","slug":"mesa-de-conferencias-con-panel-de-monitor-de-elevacion-electrica","status":"publish","type":"product","link":"https:\/\/afcindustries.com\/es\/producto\/mesa-de-conferencias-con-panel-de-monitor-de-elevacion-electrica\/","title":{"rendered":"Mesa de conferencias con panel de monitor de elevaci\u00f3n el\u00e9ctrica"},"content":{"rendered":"<h2>Mesa de conferencias con panel de monitor de elevaci\u00f3n el\u00e9ctrica<\/h2>\n<p>AFC fabrica equipos de mobiliario de alta calidad que superan las expectativas est\u00e1ndar de practicidad, funcionalidad y ergonom\u00eda. Nuestros productos est\u00e1n garantizados con una garant\u00eda total del producto. Construimos productos que ofrecen a nuestros clientes la tranquilidad de obtener el m\u00e1ximo rendimiento de su inversi\u00f3n.<\/p>\n<p>P\u00f3ngase en contacto con nosotros para obtener una consulta experta gratuita con nuestro amable especialista en dise\u00f1o de mobiliario t\u00e9cnico ergon\u00f3mico.<\/p>\n","protected":false},"excerpt":{"rendered":"<h1>Mesa de conferencias con panel de monitor de elevaci\u00f3n el\u00e9ctrica<\/h1>\n<h4>Esta mesa de conferencias de alta calidad y muy fiable con panel de monitor de elevaci\u00f3n el\u00e9ctrica es una mesa de sala de conferencias moderna y polivalente con panel de monitor de elevaci\u00f3n el\u00e9ctrica oculto operado por control electr\u00f3nico que puede acomodar m\u00faltiples pantallas. Debajo de la mesa hay un compartimento de almacenamiento en forma de armario. Esta mesa de conferencias es una mesa polivalente que resulta \u00fatil para las reuniones de conferencia de la empresa; tambi\u00e9n sirve como mesa de trabajo multiusuario.<\/h4>\n<p><strong>El mejor dise\u00f1o ergon\u00f3mico y c\u00f3modo<\/strong>: Dise\u00f1ado para la comodidad para reducir el estr\u00e9s y mantener la postura durante el trabajo.<br \/>\nMantiene una buena salud: Elimina las lesiones por esfuerzo repetitivo (RSI), los dolores musculares, las molestias corporales, la tensi\u00f3n ocular y la fatiga. Aumenta la productividad y la circulaci\u00f3n sangu\u00ednea saludable.<br \/>\n<strong>F\u00e1cil de usar<\/strong>: f\u00e1cil de manejar sin necesidad de horas de formaci\u00f3n del usuario. Muy f\u00e1cil de configurar para adaptarse a las preferencias de cada usuario.<br \/>\nAcceso <strong>a<\/strong> puertos de datos y tomas de corriente: Aumenta la productividad y la eficiencia gracias a la facilidad de acceso a los puertos de datos y las tomas de corriente.<br \/>\n<strong>Colocaci\u00f3n correcta de<\/strong> la CPU del ordenador: La CPU del ordenador se encuentra fuera de peligro, lo que permite a los usuarios moverse libremente.<br \/>\n<strong>Gesti\u00f3n limpia de los<\/strong> cables: Los cables est\u00e1n ocultos de forma segura para eliminar el riesgo de accidentes que pueda causar a personas o equipos.<br \/>\n<strong>Construido seg\u00fan las especificaciones<\/strong>: Se puede especificar para acomodar las necesidades \u00fanicas y el entorno de trabajo de los usuarios individuales antes de la fabricaci\u00f3n.<br \/>\n<strong>Garantizado<\/strong> con la garant\u00eda del producto: Cubierto con la garant\u00eda de producto del fabricante que da seguridad a los compradores en caso de que el producto no cumpla con las expectativas.<br \/>\n<strong>Equipo de fabricaci\u00f3n de confianza<\/strong>: Nuestros dise\u00f1adores, ingenieros y fabricantes utilizan sus habilidades y talentos para ofrecerle el producto de mayor calidad que usted merece.<br \/>\nAsistencia en <strong>la<\/strong> planificaci\u00f3n del espacio de trabajo: Proporcionamos asistencia en la planificaci\u00f3n en la instalaci\u00f3n o renovaci\u00f3n de sus instalaciones de trabajo.<br \/>\n<strong>Ayuda para la instalaci\u00f3n<\/strong>: Proporcionamos asistencia exhaustiva en el despliegue de su mobiliario para el servicio.<br \/>\n<strong>Equipamiento vers\u00e1til<\/strong>: Nuestros muebles son capaces de adaptarse a diferentes usos y entornos, por lo que son duraderos.<\/p>\n<p>&nbsp;<\/p>\n<ul>\n<li>Ancho: 158&#8243; pulgadas<\/li>\n<li>Profundidad: 51&#8243; pulgadas<\/li>\n<li>Altura: 30&#8243; Pulgadas<\/li>\n<\/ul>\n","protected":false},"featured_media":46235,"template":"","meta":{"_acf_changed":false,"inline_featured_image":false},"product_brand":[],"product_cat":[3306],"product_tag":[],"class_list":{"0":"post-20156","1":"product","2":"type-product","3":"status-publish","4":"has-post-thumbnail","6":"product_cat-mesas-de-conferencias","8":"first","9":"instock","10":"shipping-taxable","11":"product-type-simple"},"acf":[],"_links":{"self":[{"href":"https:\/\/afcindustries.com\/es\/wp-json\/wp\/v2\/product\/20156","targetHints":{"allow":["GET"]}}],"collection":[{"href":"https:\/\/afcindustries.com\/es\/wp-json\/wp\/v2\/product"}],"about":[{"href":"https:\/\/afcindustries.com\/es\/wp-json\/wp\/v2\/types\/product"}],"wp:featuredmedia":[{"embeddable":true,"href":"https:\/\/afcindustries.com\/es\/wp-json\/wp\/v2\/media\/46235"}],"wp:attachment":[{"href":"https:\/\/afcindustries.com\/es\/wp-json\/wp\/v2\/media?parent=20156"}],"wp:term":[{"taxonomy":"product_brand","embeddable":true,"href":"https:\/\/afcindustries.com\/es\/wp-json\/wp\/v2\/product_brand?post=20156"},{"taxonomy":"product_cat","embeddable":true,"href":"https:\/\/afcindustries.com\/es\/wp-json\/wp\/v2\/product_cat?post=20156"},{"taxonomy":"product_tag","embeddable":true,"href":"https:\/\/afcindustries.com\/es\/wp-json\/wp\/v2\/product_tag?post=20156"}],"curies":[{"name":"wp","href":"https:\/\/api.w.org\/{rel}","templated":true}]}}