{"id":20154,"date":"2022-05-11T18:31:43","date_gmt":"2022-05-11T22:31:43","guid":{"rendered":"https:\/\/afcindustries.com\/product\/la-mejor-rueda-de-4-con-freno\/"},"modified":"2024-11-29T10:56:48","modified_gmt":"2024-11-29T15:56:48","slug":"la-mejor-rueda-de-4-ruedas-con-freno","status":"publish","type":"product","link":"https:\/\/afcindustries.com\/es\/producto\/la-mejor-rueda-de-4-ruedas-con-freno\/","title":{"rendered":"La mejor rueda de 4&#8243; con freno"},"content":{"rendered":"<h2 class=\"ergonomic-h2\"><span id=\"ctl00_ContentPlaceHolder1_lblH2\">Rueda universal de 4&#8243; con freno<\/span><\/h2>\n<p>Esta rueda de 4 pulgadas de di\u00e1metro est\u00e1 fabricada con materiales de alta calidad para garantizar una capacidad de carga \u00f3ptima.<\/p>\n<p>Rueda con n\u00facleo interno de polipropileno gris claro con rodamientos de bolas.<\/p>\n","protected":false},"excerpt":{"rendered":"<h1>La mejor rueda de 4&#8243; con freno<\/h1>\n<p>Esta rueda de 4 pulgadas de di\u00e1metro est\u00e1 fabricada con materiales de alta calidad para garantizar una capacidad de carga \u00f3ptima.<\/p>\n<p>Rueda con n\u00facleo interno de polipropileno gris claro con rodamientos de bolas.<\/p>\n[fvplayer id=\"10\"]\n","protected":false},"featured_media":19398,"template":"","meta":{"_acf_changed":false,"inline_featured_image":false},"product_brand":[],"product_cat":[1783,3418],"product_tag":[],"class_list":{"0":"post-20154","1":"product","2":"type-product","3":"status-publish","4":"has-post-thumbnail","6":"product_cat-accesorios","7":"product_cat-deslizadores-y-ruedas","9":"first","10":"instock","11":"shipping-taxable","12":"product-type-simple"},"acf":[],"_links":{"self":[{"href":"https:\/\/afcindustries.com\/es\/wp-json\/wp\/v2\/product\/20154","targetHints":{"allow":["GET"]}}],"collection":[{"href":"https:\/\/afcindustries.com\/es\/wp-json\/wp\/v2\/product"}],"about":[{"href":"https:\/\/afcindustries.com\/es\/wp-json\/wp\/v2\/types\/product"}],"wp:featuredmedia":[{"embeddable":true,"href":"https:\/\/afcindustries.com\/es\/wp-json\/wp\/v2\/media\/19398"}],"wp:attachment":[{"href":"https:\/\/afcindustries.com\/es\/wp-json\/wp\/v2\/media?parent=20154"}],"wp:term":[{"taxonomy":"product_brand","embeddable":true,"href":"https:\/\/afcindustries.com\/es\/wp-json\/wp\/v2\/product_brand?post=20154"},{"taxonomy":"product_cat","embeddable":true,"href":"https:\/\/afcindustries.com\/es\/wp-json\/wp\/v2\/product_cat?post=20154"},{"taxonomy":"product_tag","embeddable":true,"href":"https:\/\/afcindustries.com\/es\/wp-json\/wp\/v2\/product_tag?post=20154"}],"curies":[{"name":"wp","href":"https:\/\/api.w.org\/{rel}","templated":true}]}}