{"id":20144,"date":"2022-01-29T12:37:15","date_gmt":"2022-01-29T17:37:15","guid":{"rendered":"https:\/\/afcindustries.com\/product\/informatica-medica-sobre-ruedas\/"},"modified":"2024-10-07T14:59:35","modified_gmt":"2024-10-07T18:59:35","slug":"informatica-medica-sobre-ruedas","status":"publish","type":"product","link":"https:\/\/afcindustries.com\/es\/producto\/informatica-medica-sobre-ruedas\/","title":{"rendered":"Inform\u00e1tica m\u00e9dica sobre ruedas"},"content":{"rendered":"<h1>Ordenador m\u00e9dico ergon\u00f3mico sobre ruedas<\/h1>\n<div id=\"color_choice\"><\/div>\n<p>Este ordenador m\u00e9dico con ruedas est\u00e1 dise\u00f1ado para una utilidad vers\u00e1til que viene con armarios, soporte de monitor ajustable, con mucha capacidad de almacenamiento y ruedas. Tambi\u00e9n viene con un sistema de gesti\u00f3n de cables para organizarlos, cajones para archivos y almacenamiento adicional en la parte inferior para otros perif\u00e9ricos.<\/p>\n<p>Este compacto y vers\u00e1til ordenador m\u00e9dico sanitario con ruedas est\u00e1 construido con materiales de alta resistencia para garantizar su durabilidad. El dise\u00f1o ergon\u00f3mico es tambi\u00e9n un elemento clave para maximizar la utilidad y mejorar la productividad del usuario.<\/p>\n<p>AFC fabrica equipos de mobiliario de alta calidad que superan las expectativas est\u00e1ndar de practicidad, funcionalidad y ergonom\u00eda. Nuestros productos est\u00e1n garantizados con una garant\u00eda total del producto. Construimos productos que ofrecen a nuestros clientes la tranquilidad de obtener el m\u00e1ximo rendimiento de su inversi\u00f3n.<\/p>\n<p>P\u00f3ngase en contacto con nosotros para una consulta gratuita con nuestro amable y servicial especialista en mobiliario t\u00e9cnico ergon\u00f3mico.<\/p>\n<div class=\"desksize\"><\/div>\n","protected":false},"excerpt":{"rendered":"<h1 class=\"product-h3\"><span id=\"ctl00_ContentPlaceHolder1_lblH3\">Ordenador m\u00e9dico rodante sobre ruedas<\/span><\/h1>\n<div class=\"col-md-6 col-sm-6 col-xs-12 detailList\">\n<ul>\n<li>Soporte de monitor: VESA75\/100mm<\/li>\n<li>Ruedas giratorias de 3&#8243; con bloqueo en la parte delantera<\/li>\n<li>Sistema de gesti\u00f3n del cableado con gancho para cable y caja de cables con panel trasero extra\u00edble<\/li>\n<li>El almacenamiento incluye: caj\u00f3n extra\u00edble, archivador extra\u00edble, almacenamiento frontal inferior para perif\u00e9ricos con puerta de acceso posterior<\/li>\n<li>41&#8243; de altura del armario, 21,23&#8243; de ancho y 23,31&#8243; de profundidad<\/li>\n<li>Agujero del ojal trasero<\/li>\n<li>Asa lateral<\/li>\n<\/ul>\n<p>&nbsp;<\/p>\n<p>&nbsp;<\/p>\n<\/div>\n<div class=\"col-md-6 col-sm-6 col-xs-12\">\n<ul class=\"ulpdf\">\n<li><a id=\"ctl00_ContentPlaceHolder1_hPDF\" href=\"https:\/\/afcindustries.com\/PDFS\/TM_AFC212342-02.PDF\" target=\"_blank\" rel=\"noopener\"><img decoding=\"async\" id=\"ctl00_ContentPlaceHolder1_imgPDF\" style=\"border-width: 0px;\" src=\"https:\/\/afcindustries.com\/images\/pdf.gif\" border=\"0\" \/><span id=\"ctl00_ContentPlaceHolder1_lblPDFSKU\" class=\"pdf\">PDF TM_AFC212342-02.pdf<\/span><\/a><\/li>\n<\/ul>\n<ul>\n<li>\n<ul class=\"specPreview\">\n<li>Altura<\/li>\n<li>41&#8243;<\/li>\n<\/ul>\n<p>&nbsp;<\/li>\n<li>\n<ul class=\"specPreview\">\n<li>Anchura<\/li>\n<li>21.23&#8243;<\/li>\n<\/ul>\n<p>&nbsp;<\/li>\n<li>\n<ul class=\"specPreview\">\n<li>Profundidad<\/li>\n<li>23.31&#8243;<\/li>\n<\/ul>\n<p>&nbsp;<\/li>\n<\/ul>\n<\/div>\n","protected":false},"featured_media":16201,"template":"","meta":{"_acf_changed":false,"inline_featured_image":false},"product_brand":[],"product_cat":[1869,1866,3280],"product_tag":[],"class_list":{"0":"post-20144","1":"product","2":"type-product","3":"status-publish","4":"has-post-thumbnail","6":"product_cat-carros-oem","7":"product_cat-oem-es","8":"product_cat-ordenador-medico-sobre-ruedas-es-2","10":"first","11":"instock","12":"product-type-simple"},"acf":[],"_links":{"self":[{"href":"https:\/\/afcindustries.com\/es\/wp-json\/wp\/v2\/product\/20144","targetHints":{"allow":["GET"]}}],"collection":[{"href":"https:\/\/afcindustries.com\/es\/wp-json\/wp\/v2\/product"}],"about":[{"href":"https:\/\/afcindustries.com\/es\/wp-json\/wp\/v2\/types\/product"}],"wp:featuredmedia":[{"embeddable":true,"href":"https:\/\/afcindustries.com\/es\/wp-json\/wp\/v2\/media\/16201"}],"wp:attachment":[{"href":"https:\/\/afcindustries.com\/es\/wp-json\/wp\/v2\/media?parent=20144"}],"wp:term":[{"taxonomy":"product_brand","embeddable":true,"href":"https:\/\/afcindustries.com\/es\/wp-json\/wp\/v2\/product_brand?post=20144"},{"taxonomy":"product_cat","embeddable":true,"href":"https:\/\/afcindustries.com\/es\/wp-json\/wp\/v2\/product_cat?post=20144"},{"taxonomy":"product_tag","embeddable":true,"href":"https:\/\/afcindustries.com\/es\/wp-json\/wp\/v2\/product_tag?post=20144"}],"curies":[{"name":"wp","href":"https:\/\/api.w.org\/{rel}","templated":true}]}}