{"id":20140,"date":"2022-01-29T12:38:32","date_gmt":"2022-01-29T17:38:32","guid":{"rendered":"https:\/\/afcindustries.com\/product\/estacion-de-trabajo-de-ordenador-con-cerradura-montada-en-la-pared\/"},"modified":"2024-11-29T16:56:17","modified_gmt":"2024-11-29T21:56:17","slug":"estacion-de-trabajo-de-ordenador-con-cerradura-montada-en-la-pared","status":"publish","type":"product","link":"https:\/\/afcindustries.com\/es\/producto\/estacion-de-trabajo-de-ordenador-con-cerradura-montada-en-la-pared\/","title":{"rendered":"Estaci\u00f3n de trabajo de ordenador con cerradura montada en la pared"},"content":{"rendered":"<h2>Estaci\u00f3n de trabajo con cerradura montada en la pared<\/h2>\n<div id=\"color_choice\">\n<div id=\"ctl00_ContentPlaceHolder1_color1_pnlColor\" class=\"option-Style-Panel1\">\n<div class=\"color-container\">\n<div class=\"color-item\">\n<p>&nbsp;<\/p>\n<div id=\"Cream\" class=\"color-item-big\"><img decoding=\"async\" src=\"https:\/\/afcindustries.com\/wp-content\/uploads\/2022\/01\/Cream-1.jpg\" alt=\"Crema\" title=\"\"><\/div>\n<\/div>\n<\/div>\n<\/div>\n<\/div>\n<p>Esta estaci\u00f3n de trabajo inform\u00e1tica montada en la pared permite un acceso r\u00e1pido a cualquiera de sus tareas o consultas relacionadas con la inform\u00e1tica para maximizar el uso de los recursos de Internet o las bases de datos para obtener referencias r\u00e1pidas. Conveniente para acceder a los pasillos de los hospitales y a las instalaciones industriales.<\/p>\n<p>Cuenta con una cerradura electr\u00f3nica de seguridad de alta tecnolog\u00eda, un panel frontal de plexigl\u00e1s extra\u00edble y sistemas de gesti\u00f3n de cables. Est\u00e1 repleto de caracter\u00edsticas pr\u00e1cticas, como un sistema de conductos para la gesti\u00f3n de cables, ventilaci\u00f3n, soporte de monitor compatible con VESA y bandeja de teclado plegable.<\/p>\n<p><strong>El mejor dise\u00f1o ergon\u00f3mico y c\u00f3modo:<\/strong> Dise\u00f1ado para la comodidad para reducir el estr\u00e9s y mantener la postura durante el trabajo.<\/p>\n<p><strong>Soluci\u00f3n de montaje firme:<\/strong>nuestros muebles pueden sujetarse firmemente a las paredes, suelos o techos y pueden soportar el peso adicional de su equipo.<\/p>\n<p><strong>F\u00e1cil de usar:<\/strong> f\u00e1cil de manejar sin necesidad de horas de formaci\u00f3n del usuario. Muy f\u00e1cil de configurar para adaptarse a las preferencias de cada usuario.<\/p>\n<p><strong>Colocaci\u00f3n correcta de la CPU del ordenador:<\/strong> La CPU del ordenador se encuentra fuera de peligro, lo que permite a los usuarios moverse libremente.<\/p>\n<p><strong>Construido seg\u00fan las especificaciones:<\/strong> Se puede especificar para acomodar las necesidades \u00fanicas y el entorno de trabajo de los usuarios individuales antes de la fabricaci\u00f3n.<\/p>\n<p><strong>Garantizado con la garant\u00eda del producto:<\/strong> Cubierto con la garant\u00eda de producto del fabricante que da seguridad a los compradores en caso de que el producto no cumpla con las expectativas.<\/p>\n<p><strong>Equipo de fabricaci\u00f3n de confianza:<\/strong> Nuestros dise\u00f1adores, ingenieros y fabricantes utilizan sus habilidades y talentos para ofrecerle el producto de mayor calidad que usted merece.<\/p>\n<p><strong>Asistencia en la planificaci\u00f3n del espacio de trabajo:<\/strong> Proporcionamos asistencia en la planificaci\u00f3n en la instalaci\u00f3n o renovaci\u00f3n de sus instalaciones de trabajo.<\/p>\n<p><strong>Ayuda para la instalaci\u00f3n:<\/strong> Proporcionamos asistencia exhaustiva en el despliegue de su mobiliario para el servicio.<\/p>\n<p>AFC fabrica equipos de mobiliario de alta calidad que superan las expectativas est\u00e1ndar de practicidad, funcionalidad y ergonom\u00eda. Nuestros productos est\u00e1n garantizados con una garant\u00eda total del producto. Construimos productos que ofrecen a nuestros clientes la tranquilidad de obtener el m\u00e1ximo rendimiento de su inversi\u00f3n.<\/p>\n<p>P\u00f3ngase en contacto con nosotros para una consulta gratuita con nuestro amable y servicial especialista en mobiliario t\u00e9cnico ergon\u00f3mico.<\/p>\n<div class=\"desksize\"><\/div>\n<h3 class=\"product-h3\"><span id=\"ctl00_ContentPlaceHolder1_lblImageBottom1\">Estaci\u00f3n de trabajo con ordenador de montaje en pared Caracter\u00edsticas<\/span><\/h3>\n<p><img decoding=\"async\" id=\"ctl00_ContentPlaceHolder1_imgDetailImageCall\" class=\"img-responsive\" style=\"border-width: 0px\" src=\"https:\/\/afcindustries.com\/wp-content\/uploads\/2022\/01\/772125-wall-mount-computer-workstation-features.jpg\" alt=\"Estaci\u00f3n de trabajo de ordenador montada en la pared Caracter\u00edsticas pr\u00e1cticas\" title=\"\"><\/p>\n<div id=\"ctl00_ContentPlaceHolder1_pnlImageContainer\"><\/div>\n<h3 class=\"product-h3\"><span id=\"ctl00_ContentPlaceHolder1_lblImageBottom2\">Estaci\u00f3n de trabajo para ordenador de montaje en pared M\u00e1s caracter\u00edsticas<\/span><\/h3>\n<p><img decoding=\"async\" id=\"ctl00_ContentPlaceHolder1_imgDetailImageCall2\" class=\"img-responsive\" style=\"border-width: 0px\" src=\"https:\/\/afcindustries.com\/wp-content\/uploads\/2022\/01\/772125-wall-mount-computer-workstation-more-features.jpg\" alt=\"Caracter\u00edsticas funcionales de la estaci\u00f3n de computaci\u00f3n montada en la pared\" title=\"\"><\/p>\n<h3 class=\"product-h3\"><span id=\"ctl00_ContentPlaceHolder1_lblImageBottom3\">Estaci\u00f3n de trabajo para ordenador de montaje en pared Caracter\u00edsticas adicionales<\/span><\/h3>\n<p><img decoding=\"async\" id=\"ctl00_ContentPlaceHolder1_imgDetailImageCall3\" class=\"img-responsive\" style=\"border-width: 0px\" src=\"https:\/\/afcindustries.com\/wp-content\/uploads\/2022\/01\/772125-wall-mount-computer-workstation-additional-features.jpg\" alt=\"Estaci\u00f3n de trabajo para ordenador de montaje en pared Caracter\u00edsticas adicionales\" title=\"\"><\/p>\n","protected":false},"excerpt":{"rendered":"<h1 class=\"product-h3\"><span id=\"ctl00_ContentPlaceHolder1_lblH3\">Estaci\u00f3n de trabajo de alta resistencia montada en la pared<\/span><\/h1>\n<div class=\"col-md-6 col-sm-6 col-xs-12 detailList\">\n<ul>\n<li>Las dimensiones de la unidad son 27\u00bd de ancho x 28 de alto x 6 de profundidad<\/li>\n<li>El soporte del monitor es compatible con VESA 75\/100 y puede soportar hasta 44 libras<\/li>\n<li>El panel frontal extra\u00edble, con inserci\u00f3n de plexigl\u00e1s, facilita el acceso para las primeras instalaciones.<\/li>\n<li>Panel superior de malla para la ventilaci\u00f3n y ojales para la ventilaci\u00f3n y la alimentaci\u00f3n de los cables<\/li>\n<li>El sistema de gesti\u00f3n de cables de la canaleta sujeta, oculta y asegura los cables lejos de la superficie de trabajo<\/li>\n<li>El panel frontal inferior es una bandeja de teclado plegable de 25 15\/16 de ancho x 7 13\/16 de profundidad<\/li>\n<li>El panel frontal inferior est\u00e1 equipado con una llave\/cerradura electr\u00f3nica para mejorar la seguridad<\/li>\n<li>Disponible en una variedad de acabados laminados que combinan con cualquier decoraci\u00f3n<\/li>\n<li>Los tornillos de seguridad est\u00e1n disponibles bajo petici\u00f3n<\/li>\n<\/ul>\n<p>&nbsp;<\/p>\n<p>&nbsp;<\/p>\n<\/div>\n<div class=\"col-md-6 col-sm-6 col-xs-12\">\n<ul class=\"ulpdf\">\n<li><a id=\"ctl00_ContentPlaceHolder1_hPDF\" href=\"https:\/\/afcindustries.com\/PDFS\/XIR100-048%20REV4.PDF\" target=\"_blank\" rel=\"noopener\"><img decoding=\"async\" id=\"ctl00_ContentPlaceHolder1_imgPDF\" style=\"border-width: 0px;\" src=\"https:\/\/afcindustries.com\/images\/pdf.gif\" border=\"0\" \/><span id=\"ctl00_ContentPlaceHolder1_lblPDFSKU\" class=\"pdf\">PDF XIR100-048 REV4.PDF<\/span><\/a><\/li>\n<\/ul>\n<ul>\n<li>\n<ul class=\"specPreview\">\n<li>Altura<\/li>\n<li>28&#8243;<\/li>\n<\/ul>\n<p>&nbsp;<\/li>\n<li>\n<ul class=\"specPreview\">\n<li>Anchura<\/li>\n<li>27.5&#8243;<\/li>\n<\/ul>\n<p>&nbsp;<\/li>\n<li>\n<ul class=\"specPreview\">\n<li>Profundidad<\/li>\n<li>6&#8243;<\/li>\n<\/ul>\n<p>&nbsp;<\/li>\n<\/ul>\n<\/div>\n","protected":false},"featured_media":16477,"template":"","meta":{"_acf_changed":false,"inline_featured_image":false},"product_brand":[],"product_cat":[3273,1922,1758],"product_tag":[],"class_list":{"0":"post-20140","1":"product","2":"type-product","3":"status-publish","4":"has-post-thumbnail","6":"product_cat-estacion-de-trabajo-de-ordenador-con-cerradura-montada-en-la-pared","7":"product_cat-puestos-de-trabajo-murales","8":"product_cat-soportes-ergonomicos","9":"pa_model-xir100-48-es","11":"first","12":"instock","13":"product-type-simple"},"acf":[],"_links":{"self":[{"href":"https:\/\/afcindustries.com\/es\/wp-json\/wp\/v2\/product\/20140","targetHints":{"allow":["GET"]}}],"collection":[{"href":"https:\/\/afcindustries.com\/es\/wp-json\/wp\/v2\/product"}],"about":[{"href":"https:\/\/afcindustries.com\/es\/wp-json\/wp\/v2\/types\/product"}],"wp:featuredmedia":[{"embeddable":true,"href":"https:\/\/afcindustries.com\/es\/wp-json\/wp\/v2\/media\/16477"}],"wp:attachment":[{"href":"https:\/\/afcindustries.com\/es\/wp-json\/wp\/v2\/media?parent=20140"}],"wp:term":[{"taxonomy":"product_brand","embeddable":true,"href":"https:\/\/afcindustries.com\/es\/wp-json\/wp\/v2\/product_brand?post=20140"},{"taxonomy":"product_cat","embeddable":true,"href":"https:\/\/afcindustries.com\/es\/wp-json\/wp\/v2\/product_cat?post=20140"},{"taxonomy":"product_tag","embeddable":true,"href":"https:\/\/afcindustries.com\/es\/wp-json\/wp\/v2\/product_tag?post=20140"}],"curies":[{"name":"wp","href":"https:\/\/api.w.org\/{rel}","templated":true}]}}