{"id":20139,"date":"2022-01-29T12:38:51","date_gmt":"2022-01-29T17:38:51","guid":{"rendered":"https:\/\/afcindustries.com\/product\/armario-para-cpu-de-pared-multiuso\/"},"modified":"2024-11-29T11:06:01","modified_gmt":"2024-11-29T16:06:01","slug":"armario-para-cpu-de-pared-multiuso","status":"publish","type":"product","link":"https:\/\/afcindustries.com\/es\/producto\/armario-para-cpu-de-pared-multiuso\/","title":{"rendered":"Armario para CPU de pared multiuso"},"content":{"rendered":"<h2>Armario para CPU de pared con cerradura de seguridad<\/h2>\n<div id=\"color_choice\">\n<div id=\"ctl00_ContentPlaceHolder1_color1_pnlColor\" class=\"option-Style-Panel1\">\n<div class=\"color-container\">\n<div class=\"color-item\">\n<p>&nbsp;<\/p>\n<div id=\"White\" class=\"color-item-big\"><img decoding=\"async\" src=\"https:\/\/afcindustries.com\/wp-content\/uploads\/2022\/01\/White-1.jpg\" alt=\"Blanco\" title=\"\"><\/div>\n<\/div>\n<\/div>\n<\/div>\n<\/div>\n<p>Esta caja para CPU de primera calidad y mejor valor con una cerradura de seguridad incorporada. Cuenta con un grueso bastidor de chapa de acero con revestimiento antioxidante, orificios de ventilaci\u00f3n de aire de refrigeraci\u00f3n y orificios de entrada de cables. Se adapta a la mayor\u00eda de los tama\u00f1os est\u00e1ndar de torres de CPU.<\/p>\n<p>Esta caja para CPU de ordenador con cerradura de seguridad se instala f\u00e1cilmente en cualquier superficie de pared plana. Cuando las \u00e1reas de trabajo necesitan maximizar el espacio, este dispositivo es una opci\u00f3n muy pr\u00e1ctica; libera un valioso espacio en el suelo y mantiene su dispositivo de CPU a salvo de ca\u00eddas o colisiones accidentales que puedan da\u00f1ar la CPU o herir a las personas.<\/p>\n<p>Este armario de montaje en pared puede configurarse seg\u00fan sus especificaciones. Tambi\u00e9n proporciona una mayor seguridad con cubiertas de acero para restringir el acceso a la bandeja de CD, los puertos USB u otras conexiones. La puerta y el marco de acero con cerradura protegen la CPU y son f\u00e1ciles de limpiar y desinfectar. Este art\u00edculo tiene espacio para una caja de conexiones adicional, un router o un equipo audiovisual.<\/p>\n<p>Esta es una gran opci\u00f3n cuando se necesita liberar un valioso espacio en el suelo.<\/p>\n<p>Fabricamos equipos de mobiliario ergon\u00f3mico de alta calidad que superan las expectativas est\u00e1ndar de practicidad y funcionalidad. Nuestros productos est\u00e1n garantizados con una garant\u00eda total del producto. Fabricamos productos que ofrecen a nuestros clientes la tranquilidad de obtener el m\u00e1ximo rendimiento de su inversi\u00f3n.<\/p>\n<p>P\u00f3ngase en contacto con nosotros para una consulta gratuita con nuestro amable y servicial especialista en equipamiento t\u00e9cnico de mobiliario ergon\u00f3mico.<\/p>\n<div class=\"desksize\"><\/div>\n<h3 class=\"product-h3\"><span id=\"ctl00_ContentPlaceHolder1_lblImageBottom1\">Armario para CPU de pared Caracter\u00edsticas<\/span><\/h3>\n<p><img decoding=\"async\" id=\"ctl00_ContentPlaceHolder1_imgDetailImageCall\" class=\"img-responsive\" style=\"border-width: 0px\" src=\"https:\/\/afcindustries.com\/wp-content\/uploads\/2022\/01\/772445-wall-mounted-cpu-enclosure-features.jpg\" alt=\"Armario para CPU montado en la pared con caracter\u00edsticas pr\u00e1cticas\" title=\"\"><\/p>\n<div id=\"ctl00_ContentPlaceHolder1_pnlImageContainer\"><\/div>\n<h3 class=\"product-h3\"><span id=\"ctl00_ContentPlaceHolder1_lblImageBottom2\">Armario para CPU de pared M\u00e1s caracter\u00edsticas<\/span><\/h3>\n<p><img decoding=\"async\" id=\"ctl00_ContentPlaceHolder1_imgDetailImageCall2\" class=\"img-responsive\" style=\"border-width: 0px\" src=\"https:\/\/afcindustries.com\/wp-content\/uploads\/2022\/01\/772445-wall-mounted-cpu-enclosure-more-features.jpg\" alt=\"Armario para CPU montado en la pared con agujeros para ojales\" title=\"\"><\/p>\n<h3 class=\"product-h3\"><\/h3>\n","protected":false},"excerpt":{"rendered":"<h1 class=\"product-h3\"><span id=\"ctl00_ContentPlaceHolder1_lblH3\">Armario para CPUs multiuso con llave y montaje en pared<\/span><\/h1>\n<div class=\"col-md-6 col-sm-6 col-xs-12 detailList\">\n<ul>\n<li>Armario con puerta y marco de acero para CPU<\/li>\n<li>La puerta viene con una cerradura con llave<\/li>\n<li>Peque\u00f1as tapas de acero para bloquear el acceso a los portales clave<\/li>\n<li>La unidad puede configurarse para acomodar CPUs de diferentes tama\u00f1os<\/li>\n<\/ul>\n<p>&nbsp;<\/p>\n<p>&nbsp;<\/p>\n<\/div>\n<div class=\"col-md-6 col-sm-6 col-xs-12\">\n<ul class=\"ulpdf\">\n<li><a id=\"ctl00_ContentPlaceHolder1_hPDF\" href=\"https:\/\/afcindustries.com\/PDFS\/772445_CPU910-5-18-15.5_REV%2002.PDF\" target=\"_blank\" rel=\"noopener\"><img decoding=\"async\" id=\"ctl00_ContentPlaceHolder1_imgPDF\" style=\"border-width: 0px;\" src=\"https:\/\/afcindustries.com\/images\/pdf.gif\" border=\"0\" \/><span id=\"ctl00_ContentPlaceHolder1_lblPDFSKU\" class=\"pdf\">PDF 772445_CPU910-5-18-15.5_Rev 02.pdf<\/span><\/a><\/li>\n<\/ul>\n<ul>\n<li>\n<ul class=\"specPreview\">\n<li>Altura<\/li>\n<li>15.5&#8243;<\/li>\n<\/ul>\n<p>&nbsp;<\/li>\n<li>\n<ul class=\"specPreview\">\n<li>Anchura<\/li>\n<li>18&#8243;<\/li>\n<\/ul>\n<p>&nbsp;<\/li>\n<li>\n<ul class=\"specPreview\">\n<li>Profundidad<\/li>\n<li>5&#8243;<\/li>\n<\/ul>\n<p>&nbsp;<\/li>\n<\/ul>\n<\/div>\n","protected":false},"featured_media":16547,"template":"","meta":{"_acf_changed":false,"inline_featured_image":false},"product_brand":[],"product_cat":[1783,3270],"product_tag":[],"class_list":{"0":"post-20139","1":"product","2":"type-product","3":"status-publish","4":"has-post-thumbnail","6":"product_cat-accesorios","7":"product_cat-armario-para-cpu-de-pared-multiuso","8":"pa_model-cpu910-5-18-15-5-v01-es","10":"first","11":"instock","12":"product-type-simple"},"acf":[],"_links":{"self":[{"href":"https:\/\/afcindustries.com\/es\/wp-json\/wp\/v2\/product\/20139","targetHints":{"allow":["GET"]}}],"collection":[{"href":"https:\/\/afcindustries.com\/es\/wp-json\/wp\/v2\/product"}],"about":[{"href":"https:\/\/afcindustries.com\/es\/wp-json\/wp\/v2\/types\/product"}],"wp:featuredmedia":[{"embeddable":true,"href":"https:\/\/afcindustries.com\/es\/wp-json\/wp\/v2\/media\/16547"}],"wp:attachment":[{"href":"https:\/\/afcindustries.com\/es\/wp-json\/wp\/v2\/media?parent=20139"}],"wp:term":[{"taxonomy":"product_brand","embeddable":true,"href":"https:\/\/afcindustries.com\/es\/wp-json\/wp\/v2\/product_brand?post=20139"},{"taxonomy":"product_cat","embeddable":true,"href":"https:\/\/afcindustries.com\/es\/wp-json\/wp\/v2\/product_cat?post=20139"},{"taxonomy":"product_tag","embeddable":true,"href":"https:\/\/afcindustries.com\/es\/wp-json\/wp\/v2\/product_tag?post=20139"}],"curies":[{"name":"wp","href":"https:\/\/api.w.org\/{rel}","templated":true}]}}