{"id":20134,"date":"2022-01-29T12:36:42","date_gmt":"2022-01-29T17:36:42","guid":{"rendered":"https:\/\/afcindustries.com\/product\/escritorio-de-pie-ajustable-en-altura-para-estacion-de-trabajo-pacs\/"},"modified":"2024-11-29T17:39:49","modified_gmt":"2024-11-29T22:39:49","slug":"mesa-de-trabajo-de-altura-regulable-para-pacs","status":"publish","type":"product","link":"https:\/\/afcindustries.com\/es\/producto\/mesa-de-trabajo-de-altura-regulable-para-pacs\/","title":{"rendered":"Escritorio de pie ajustable en altura para estaci\u00f3n de trabajo PACS"},"content":{"rendered":"<h2>Escritorio de pie ergon\u00f3mico ajustable en altura para estaci\u00f3n de trabajo PACS<\/h2>\n<div id=\"color_choice\">\n<div id=\"ctl00_ContentPlaceHolder1_color1_pnlColor\" class=\"option-Style-Panel1\">\n<div class=\"color-container\">\n<div class=\"color-item\">\n<p>&nbsp;<\/p>\n<\/div>\n<\/div>\n<\/div>\n<\/div>\n<div class=\"desksize\">\n<div id=\"ctl00_ContentPlaceHolder1_DeskSize_Panel1\" class=\"option-Style-Panel1\">\n<div class=\"desksize\"><span id=\"ctl00_ContentPlaceHolder1_DeskSize_Label1\">Especificaciones del tama\u00f1o del escritorio <\/span><\/div>\n<div>\n<table id=\"ctl00_ContentPlaceHolder1_DeskSize_GridView1\" class=\"table-vk table table-hover\" style=\"background-color: white;border-style: None;border-collapse: collapse\" border=\"1\" rules=\"all\" cellspacing=\"0\">\n<tbody>\n<tr>\n<th scope=\"col\">En forma de mesa<\/th>\n<th scope=\"col\">Anchura de la tabla<\/th>\n<th scope=\"col\">Profundidad de la mesa<\/th>\n<th scope=\"col\">Altura de la mesa<\/th>\n<\/tr>\n<tr>\n<td><a id=\"ctl00_ContentPlaceHolder1_DeskSize_GridView1_ctl02_hImage\" href=\"https:\/\/afcindustries.com\/soft-ergonomic-table-shape-d142\"><img decoding=\"async\" id=\"ctl00_ContentPlaceHolder1_DeskSize_GridView1_ctl02_imgProductRelated\" style=\"border-width: 0px\" src=\"https:\/\/afcindustries.com\/wp-content\/uploads\/2022\/01\/Soft-Ergonomic.jpg\" alt=\"\" title=\"\"><\/a><\/td>\n<td><span id=\"ctl00_ContentPlaceHolder1_DeskSize_GridView1_ctl02_lbltableWidth\">36&#8243;, 48&#8243;, 60&#8243;, 72&#8243;, 84&#8243;, 96&#8243;<\/span><\/td>\n<td><span id=\"ctl00_ContentPlaceHolder1_DeskSize_GridView1_ctl02_lbltableDepth\">24&#8243;, 30&#8243;, 36&#8243;<\/span><\/td>\n<td><span id=\"ctl00_ContentPlaceHolder1_DeskSize_GridView1_ctl02_lblTableHeight\">28&#8243; a 47&#8243;<\/span><\/td>\n<\/tr>\n<\/tbody>\n<\/table>\n<\/div>\n<\/div>\n<\/div>\n<h3 class=\"product-h3\"><span id=\"ctl00_ContentPlaceHolder1_lblImageBottom1\">Controles de los botones del escritorio de pie ajustable en altura<\/span><\/h3>\n<p><img loading=\"lazy\" decoding=\"async\" class=\"alignnone size-full wp-image-10908\" src=\"https:\/\/afcindustries.com\/wp-content\/uploads\/2022\/05\/772444-specs-01.jpg\" alt=\"\" width=\"900\" height=\"245\" title=\"\" srcset=\"https:\/\/afcindustries.com\/wp-content\/uploads\/2022\/05\/772444-specs-01.jpg 900w, https:\/\/afcindustries.com\/wp-content\/uploads\/2022\/05\/772444-specs-01-300x82.jpg 300w, https:\/\/afcindustries.com\/wp-content\/uploads\/2022\/05\/772444-specs-01-768x209.jpg 768w, https:\/\/afcindustries.com\/wp-content\/uploads\/2022\/05\/772444-specs-01-600x163.jpg 600w\" sizes=\"auto, (max-width: 900px) 100vw, 900px\" \/><\/p>\n<div id=\"ctl00_ContentPlaceHolder1_pnlImageContainer\"><\/div>\n<h3 class=\"product-h3\"><span id=\"ctl00_ContentPlaceHolder1_lblImageBottom2\">Escritorio de pie ajustable en altura Caracter\u00edsticas<\/span><\/h3>\n<p><img loading=\"lazy\" decoding=\"async\" class=\"alignnone size-full wp-image-10909\" src=\"https:\/\/afcindustries.com\/wp-content\/uploads\/2022\/05\/772444-specs-02.jpg\" alt=\"\" width=\"900\" height=\"553\" title=\"\" srcset=\"https:\/\/afcindustries.com\/wp-content\/uploads\/2022\/05\/772444-specs-02.jpg 900w, https:\/\/afcindustries.com\/wp-content\/uploads\/2022\/05\/772444-specs-02-300x184.jpg 300w, https:\/\/afcindustries.com\/wp-content\/uploads\/2022\/05\/772444-specs-02-768x472.jpg 768w, https:\/\/afcindustries.com\/wp-content\/uploads\/2022\/05\/772444-specs-02-600x369.jpg 600w\" sizes=\"auto, (max-width: 900px) 100vw, 900px\" \/><\/p>\n<h3 class=\"product-h3\"><span id=\"ctl00_ContentPlaceHolder1_lblImageBottom3\">Escritorio de pie ajustable en altura M\u00e1s caracter\u00edsticas<\/span><\/h3>\n<p><img loading=\"lazy\" decoding=\"async\" class=\"alignnone size-full wp-image-10910\" src=\"https:\/\/afcindustries.com\/wp-content\/uploads\/2022\/05\/772444-specs-03.jpg\" alt=\"\" width=\"900\" height=\"358\" title=\"\" srcset=\"https:\/\/afcindustries.com\/wp-content\/uploads\/2022\/05\/772444-specs-03.jpg 900w, https:\/\/afcindustries.com\/wp-content\/uploads\/2022\/05\/772444-specs-03-300x119.jpg 300w, https:\/\/afcindustries.com\/wp-content\/uploads\/2022\/05\/772444-specs-03-768x305.jpg 768w, https:\/\/afcindustries.com\/wp-content\/uploads\/2022\/05\/772444-specs-03-600x239.jpg 600w\" sizes=\"auto, (max-width: 900px) 100vw, 900px\" \/><\/p>\n<p>&nbsp;<\/p>\n<ul>\n<li><strong>El mejor dise\u00f1o ergon\u00f3mico y c\u00f3modo:<\/strong> Dise\u00f1ado para la comodidad para reducir el estr\u00e9s y mantener la postura durante el trabajo.<\/li>\n<li><strong>Mantiene una buena salud:<\/strong> Elimina las lesiones por esfuerzo repetitivo (RSI), los dolores musculares, las molestias corporales, la tensi\u00f3n ocular y la fatiga. Aumenta la productividad y la circulaci\u00f3n sangu\u00ednea saludable.<\/li>\n<li><strong>F\u00e1cil de usar:<\/strong> f\u00e1cil de manejar sin necesidad de horas de formaci\u00f3n del usuario. Muy f\u00e1cil de configurar para adaptarse a las preferencias de cada usuario.<\/li>\n<li><strong>Iluminaci\u00f3n de escritorio preparada:<\/strong> Minimiza el cansancio ocular y la fatiga asociada y maximiza la precisi\u00f3n visual proporcionando una iluminaci\u00f3n adecuada.<\/li>\n<li><strong>Acceso a puertos de datos y tomas de corriente:<\/strong> Aumenta la productividad y la eficiencia gracias a la facilidad de acceso a los puertos de datos y las tomas de corriente.<\/li>\n<li><strong>Superficie de escritorio y bordes laminados de primera calidad:<\/strong> Las superficies de escritorio laminadas, los bordes lisos y las esquinas eliminan el riesgo de lesiones. Tambi\u00e9n mantiene el escritorio limpio y liso.<\/li>\n<li><strong>Colocaci\u00f3n correcta de la CPU del ordenador:<\/strong> La CPU del ordenador se encuentra fuera de peligro, lo que permite a los usuarios moverse libremente.<\/li>\n<li><strong>Gesti\u00f3n limpia de los cables:<\/strong> Los cables est\u00e1n ocultos de forma segura para eliminar el riesgo de accidentes que pueda causar a personas o equipos.<\/li>\n<li><strong>Construido seg\u00fan las especificaciones:<\/strong> Se puede especificar para acomodar las necesidades \u00fanicas y el entorno de trabajo de los usuarios individuales antes de la fabricaci\u00f3n.<\/li>\n<li><strong>Garantizado con la garant\u00eda del producto:<\/strong> Cubierto con la garant\u00eda de producto del fabricante que da seguridad a los compradores en caso de que el producto no cumpla con las expectativas.<\/li>\n<li><strong>Equipo de fabricaci\u00f3n de confianza:<\/strong> Nuestros dise\u00f1adores, ingenieros y fabricantes utilizan sus habilidades y talentos para ofrecerle el producto de mayor calidad que usted merece.<\/li>\n<li><strong>Asistencia en la planificaci\u00f3n del espacio de trabajo:<\/strong> Proporcionamos asistencia en la planificaci\u00f3n en la instalaci\u00f3n o renovaci\u00f3n de sus instalaciones de trabajo.<\/li>\n<li><strong>Ayuda para la instalaci\u00f3n:<\/strong> Proporcionamos asistencia exhaustiva en el despliegue de su mobiliario para el servicio.<\/li>\n<li><strong>Muebles de escritorio vers\u00e1tiles:<\/strong> Nuestros muebles son capaces de adaptarse a diferentes usos y entornos, por lo que son duraderos.<\/li>\n<\/ul>\n<p>AFC fabrica equipos de mobiliario de alta calidad que superan las expectativas est\u00e1ndar de practicidad, funcionalidad y ergonom\u00eda. Nuestros productos est\u00e1n garantizados con una garant\u00eda total del producto. Fabricamos productos que ofrecen a nuestros clientes la tranquilidad de obtener el m\u00e1ximo rendimiento de su inversi\u00f3n.<\/p>\n<p>P\u00f3ngase en contacto con nosotros para una consulta gratuita con nuestro amable y servicial especialista en equipamiento t\u00e9cnico de mobiliario ergon\u00f3mico.<\/p>\n","protected":false},"excerpt":{"rendered":"<h1 class=\"product-h3\"><span id=\"ctl00_ContentPlaceHolder1_lblH3\">Escritorio de pie ajustable en altura para radi\u00f3logos para estaci\u00f3n de trabajo PACS<\/span><\/h1>\n<p>Este escritorio de pie ajustable en altura mejora la productividad del trabajo y la comodidad de los usuarios, especialmente de los profesionales de la radiolog\u00eda m\u00e9dica. se adapta a las preferencias individuales de los usuarios, ya que les permite ajustar la altura del escritorio con s\u00f3lo pulsar un bot\u00f3n; los soportes de la pantalla del monitor tambi\u00e9n son ajustables en altura para ofrecer el mejor \u00e1ngulo de visi\u00f3n de la pantalla. Las ruedas de alta resistencia facilitan el desplazamiento de la estaci\u00f3n de trabajo a las zonas de trabajo deseadas.<\/p>\n<p>Este escritorio ergon\u00f3mico de pie es muy recomendable para los profesionales que trabajan, ya que reduce los problemas relacionados con los efectos adversos de estar sentado durante mucho tiempo, mejorando as\u00ed la eficiencia del trabajo y manteniendo una buena salud.<\/p>\n<div class=\"col-md-6 col-sm-6 col-xs-12 detailList\">\n<ul>\n<li>Ajuste electr\u00f3nico independiente de la altura de la superficie de trabajo y de la plataforma del monitor<\/li>\n<li>Forma de la superficie de trabajo suave y ergon\u00f3mica<\/li>\n<li>El tablero de la mesa es ajustable en altura desde 28&#8243; a 47&#8243; desde el suelo<\/li>\n<li>Ajuste manual de la distancia focal del monitor y posibilidad de girar a la izquierda y a la derecha<\/li>\n<li>Cuatro ruedas de 4&#8243;, (las dos delanteras son de bloqueo)<\/li>\n<\/ul>\n<p>&nbsp;<\/p>\n<\/div>\n<div class=\"col-md-6 col-sm-6 col-xs-12\">\n<ul class=\"ulpdf\">\n<li><a id=\"ctl00_ContentPlaceHolder1_hPDF\" href=\"https:\/\/afcindustries.com\/PDFS\/772444_ET7236_ARC_B_SE_01.PDF\" target=\"_blank\" rel=\"noopener\"><img decoding=\"async\" id=\"ctl00_ContentPlaceHolder1_imgPDF\" style=\"border-width: 0px;\" src=\"https:\/\/afcindustries.com\/images\/pdf.gif\" border=\"0\" \/><span id=\"ctl00_ContentPlaceHolder1_lblPDFSKU\" class=\"pdf\">PDF 772444.pdf<\/span><\/a><\/li>\n<li><a id=\"ctl00_ContentPlaceHolder1_hPDF_instrcution\" href=\"https:\/\/afcindustries.com\/PDF_INSTRUCTION\/HEIGHT%20ADJUSTMENT%20CONTROL%20MANUAL.PDF\" target=\"_blank\" rel=\"noopener\"><img decoding=\"async\" id=\"ctl00_ContentPlaceHolder1_imgPDF_instrcution\" style=\"border-width: 0px;\" src=\"https:\/\/afcindustries.com\/images\/pdf-instruction.png\" border=\"0\" \/><span id=\"ctl00_ContentPlaceHolder1_lblPDF_instrcution\" class=\"pdf\">Manual de control de ajuste de altura<\/span><\/a><\/li>\n<\/ul>\n<p>&nbsp;<\/p>\n<ul class=\"ulpdf\">\n<li>Altura: de 28&#8243; a 47&#8243; desde el suelo<\/li>\n<li>Anchura: 72&#8243;.<\/li>\n<li>Profundidad: 36&#8243;.<\/li>\n<\/ul>\n<\/div>\n","protected":false},"featured_media":41820,"template":"","meta":{"_acf_changed":false,"inline_featured_image":false},"product_brand":[],"product_cat":[1788,3258,2131],"product_tag":[],"class_list":{"0":"post-20134","1":"product","2":"type-product","3":"status-publish","4":"has-post-thumbnail","6":"product_cat-escritorios-de-pie","7":"product_cat-escritorio-de-pie-ajustable-en-altura-para-estacion-de-trabajo-pacs","8":"product_cat-estacion-de-trabajo-de-la-oficina-de-radiologia","9":"pa_model-xet7236_arc_b_01-es","11":"first","12":"instock","13":"product-type-simple"},"acf":[],"_links":{"self":[{"href":"https:\/\/afcindustries.com\/es\/wp-json\/wp\/v2\/product\/20134","targetHints":{"allow":["GET"]}}],"collection":[{"href":"https:\/\/afcindustries.com\/es\/wp-json\/wp\/v2\/product"}],"about":[{"href":"https:\/\/afcindustries.com\/es\/wp-json\/wp\/v2\/types\/product"}],"wp:featuredmedia":[{"embeddable":true,"href":"https:\/\/afcindustries.com\/es\/wp-json\/wp\/v2\/media\/41820"}],"wp:attachment":[{"href":"https:\/\/afcindustries.com\/es\/wp-json\/wp\/v2\/media?parent=20134"}],"wp:term":[{"taxonomy":"product_brand","embeddable":true,"href":"https:\/\/afcindustries.com\/es\/wp-json\/wp\/v2\/product_brand?post=20134"},{"taxonomy":"product_cat","embeddable":true,"href":"https:\/\/afcindustries.com\/es\/wp-json\/wp\/v2\/product_cat?post=20134"},{"taxonomy":"product_tag","embeddable":true,"href":"https:\/\/afcindustries.com\/es\/wp-json\/wp\/v2\/product_tag?post=20134"}],"curies":[{"name":"wp","href":"https:\/\/api.w.org\/{rel}","templated":true}]}}