{"id":20128,"date":"2022-01-29T12:39:05","date_gmt":"2022-01-29T17:39:05","guid":{"rendered":"https:\/\/afcindustries.com\/product\/armario-de-pared-para-estacion-de-trabajo-con-ordenador\/"},"modified":"2024-11-29T11:06:01","modified_gmt":"2024-11-29T16:06:01","slug":"armario-de-pared-para-estacion-de-trabajo-con-ordenador","status":"publish","type":"product","link":"https:\/\/afcindustries.com\/es\/producto\/armario-de-pared-para-estacion-de-trabajo-con-ordenador\/","title":{"rendered":"Armario de pared para estaci\u00f3n de trabajo con ordenador"},"content":{"rendered":"<h2>Armario de pared para ordenador<\/h2>\n<div id=\"color_choice\">\n<div id=\"ctl00_ContentPlaceHolder1_color1_pnlColor\" class=\"option-Style-Panel1\">\n<div class=\"color-container\">\n<div class=\"color-item\">\n<p>&nbsp;<\/p>\n<div id=\"Cream\" class=\"color-item-big\"><img decoding=\"async\" src=\"https:\/\/afcindustries.com\/wp-content\/uploads\/2022\/01\/Cream-1.jpg\" alt=\"Crema\" title=\"\"><\/div>\n<\/div>\n<\/div>\n<\/div>\n<\/div>\n<p>Este armario de pared para estaci\u00f3n de trabajo inform\u00e1tica de calidad superior permite un acceso r\u00e1pido a cualquiera de sus tareas o consultas relacionadas con la inform\u00e1tica para maximizar el uso de los recursos de Internet o las bases de datos para referencias r\u00e1pidas. Conveniente para acceder a los pasillos de los hospitales y a las instalaciones industriales.<\/p>\n<p>Un armario de pared para estaci\u00f3n de trabajo de ordenador alberga una CPU de ordenador, un monitor de pantalla, un teclado y un rat\u00f3n.<\/p>\n<p><strong>El mejor dise\u00f1o ergon\u00f3mico y c\u00f3modo:<\/strong> Dise\u00f1ado para la comodidad para reducir el estr\u00e9s y mantener la postura durante el trabajo.<\/p>\n<p><strong>Soluci\u00f3n de montaje firme:<\/strong>nuestros muebles pueden sujetarse firmemente a las paredes, suelos o techos y pueden soportar el peso adicional de su equipo.<\/p>\n<p><strong>F\u00e1cil de usar:<\/strong> f\u00e1cil de manejar sin necesidad de horas de formaci\u00f3n del usuario. Muy f\u00e1cil de configurar para adaptarse a las preferencias de cada usuario.<\/p>\n<p><strong>Colocaci\u00f3n correcta de la CPU del ordenador:<\/strong> La CPU del ordenador se encuentra fuera de peligro, lo que permite a los usuarios moverse libremente.<\/p>\n<p><strong>Construido seg\u00fan las especificaciones:<\/strong> Se puede especificar para acomodar las necesidades \u00fanicas y el entorno de trabajo de los usuarios individuales antes de la fabricaci\u00f3n.<\/p>\n<p><strong>Garantizado con la garant\u00eda del producto:<\/strong> Cubierto con la garant\u00eda de producto del fabricante que da seguridad a los compradores en caso de que el producto no cumpla con las expectativas.<\/p>\n<p><strong>Equipo de fabricaci\u00f3n de confianza:<\/strong> Nuestros dise\u00f1adores, ingenieros y fabricantes utilizan sus habilidades y talentos para ofrecerle el producto de mayor calidad que usted merece.<\/p>\n<p><strong>Asistencia en la planificaci\u00f3n del espacio de trabajo:<\/strong> Proporcionamos asistencia en la planificaci\u00f3n en la instalaci\u00f3n o renovaci\u00f3n de sus instalaciones de trabajo.<\/p>\n<p><strong>Ayuda para la instalaci\u00f3n:<\/strong> Proporcionamos asistencia exhaustiva en el despliegue de su mobiliario para el servicio.<\/p>\n<p>AFC fabrica equipos de mobiliario de alta calidad que superan las expectativas est\u00e1ndar de practicidad, funcionalidad y ergonom\u00eda. Nuestros productos est\u00e1n garantizados con una garant\u00eda total del producto. Construimos productos que ofrecen a nuestros clientes la tranquilidad de obtener el m\u00e1ximo rendimiento de su inversi\u00f3n.<\/p>\n<p>P\u00f3ngase en contacto con nosotros para una consulta gratuita con nuestro amable y servicial especialista en mobiliario t\u00e9cnico ergon\u00f3mico.<\/p>\n<div class=\"desksize\"><\/div>\n<h3 class=\"product-h3\"><span id=\"ctl00_ContentPlaceHolder1_lblImageBottom1\">Caracter\u00edsticas del puesto de trabajo inform\u00e1tico<\/span><\/h3>\n<p><img decoding=\"async\" id=\"ctl00_ContentPlaceHolder1_imgDetailImageCall\" class=\"img-responsive\" style=\"border-width: 0px\" src=\"https:\/\/afcindustries.com\/wp-content\/uploads\/2022\/01\/771808-computer-workstation-features.jpg\" alt=\"Especificaciones del puesto de trabajo inform\u00e1tico\" title=\"\"><\/p>\n<div id=\"ctl00_ContentPlaceHolder1_pnlImageContainer\"><\/div>\n<h3 class=\"product-h3\"><span id=\"ctl00_ContentPlaceHolder1_lblImageBottom2\">Armario de pared para ordenador M\u00e1s caracter\u00edsticas<\/span><\/h3>\n<p><img decoding=\"async\" id=\"ctl00_ContentPlaceHolder1_imgDetailImageCall2\" class=\"img-responsive\" style=\"border-width: 0px\" src=\"https:\/\/afcindustries.com\/wp-content\/uploads\/2022\/01\/771808-computer-wall-cabinet-more-features.jpg\" alt=\"Caracter\u00edsticas funcionales del armario de pared para ordenador\" title=\"\"><\/p>\n<h3 class=\"product-h3\"><\/h3>\n","protected":false},"excerpt":{"rendered":"<h1 class=\"product-h3\"><span id=\"ctl00_ContentPlaceHolder1_lblH3\">Armario para ordenador de pared<\/span><\/h1>\n<div class=\"col-md-6 col-sm-6 col-xs-12 detailList\">\n<ul>\n<li>Las dimensiones de la unidad son 21,5 pulgadas de ancho x 49 pulgadas de alto x 6 pulgadas de profundidad<\/li>\n<li>La placa de monitor deslizante es compatible con VESA 75\/100 y puede soportar hasta 44 libras. y encaja f\u00e1cilmente en su lugar con la unidad de base asegurada<\/li>\n<li>La cubierta del monitor de plexigl\u00e1s con cierre protege y asegura sus datos<\/li>\n<li>El compartimento superior con cierre tiene 16 pulgadas de alto x 16 pulgadas de ancho x 6 pulgadas de profundidad y es un espacio ideal para asegurar la CPU. Tambi\u00e9n se incluyen cinco aberturas de 2 pulgadas para la ventilaci\u00f3n y la gesti\u00f3n de los cables<\/li>\n<li>El panel inferior incluye una bandeja de teclado plegable de 6 pulgadas de profundidad x 16,5 pulgadas de ancho con bandeja de rat\u00f3n met\u00e1lica deslizante incorporada. Tambi\u00e9n hay disponible un accesorio para el soporte del rat\u00f3n<\/li>\n<li>El sistema de gesti\u00f3n de cables de la canaleta sujeta, oculta y asegura los cables lejos de la superficie de trabajo<\/li>\n<li>Los resortes de gas en cada nivel proporcionan movimientos suaves y f\u00e1ciles<\/li>\n<li>Disponible en una variedad de acabados laminados que combinan con cualquier decoraci\u00f3n<\/li>\n<\/ul>\n<p>&nbsp;<\/p>\n<p>&nbsp;<\/p>\n<\/div>\n<div class=\"col-md-6 col-sm-6 col-xs-12\">\n<ul class=\"ulpdf\">\n<li><a id=\"ctl00_ContentPlaceHolder1_hPDF\" href=\"https:\/\/afcindustries.com\/PDFS\/IR300-002.PDF\" target=\"_blank\" rel=\"noopener\"><img decoding=\"async\" id=\"ctl00_ContentPlaceHolder1_imgPDF\" style=\"border-width: 0px;\" src=\"https:\/\/afcindustries.com\/images\/pdf.gif\" border=\"0\" \/><span id=\"ctl00_ContentPlaceHolder1_lblPDFSKU\" class=\"pdf\">PDF IR300-002.pdf<\/span><\/a><\/li>\n<\/ul>\n<ul>\n<li>\n<ul class=\"specPreview\">\n<li>Altura<\/li>\n<li>49 \u00ab<\/li>\n<\/ul>\n<p>&nbsp;<\/li>\n<li>\n<ul class=\"specPreview\">\n<li>Anchura<\/li>\n<li>21.5 \u00ab<\/li>\n<\/ul>\n<p>&nbsp;<\/li>\n<li>\n<ul class=\"specPreview\">\n<li>Profundidad<\/li>\n<li>6 \u00ab<\/li>\n<\/ul>\n<p>&nbsp;<\/li>\n<\/ul>\n<\/div>\n","protected":false},"featured_media":47603,"template":"","meta":{"_acf_changed":false,"inline_featured_image":false},"product_brand":[],"product_cat":[3236,1922,1758],"product_tag":[],"class_list":{"0":"post-20128","1":"product","2":"type-product","3":"status-publish","4":"has-post-thumbnail","6":"product_cat-armario-de-pared-para-estacion-de-trabajo-con-ordenador","7":"product_cat-puestos-de-trabajo-murales","8":"product_cat-soportes-ergonomicos","9":"pa_model-ir300-002-es","11":"first","12":"instock","13":"product-type-simple"},"acf":[],"_links":{"self":[{"href":"https:\/\/afcindustries.com\/es\/wp-json\/wp\/v2\/product\/20128","targetHints":{"allow":["GET"]}}],"collection":[{"href":"https:\/\/afcindustries.com\/es\/wp-json\/wp\/v2\/product"}],"about":[{"href":"https:\/\/afcindustries.com\/es\/wp-json\/wp\/v2\/types\/product"}],"wp:featuredmedia":[{"embeddable":true,"href":"https:\/\/afcindustries.com\/es\/wp-json\/wp\/v2\/media\/47603"}],"wp:attachment":[{"href":"https:\/\/afcindustries.com\/es\/wp-json\/wp\/v2\/media?parent=20128"}],"wp:term":[{"taxonomy":"product_brand","embeddable":true,"href":"https:\/\/afcindustries.com\/es\/wp-json\/wp\/v2\/product_brand?post=20128"},{"taxonomy":"product_cat","embeddable":true,"href":"https:\/\/afcindustries.com\/es\/wp-json\/wp\/v2\/product_cat?post=20128"},{"taxonomy":"product_tag","embeddable":true,"href":"https:\/\/afcindustries.com\/es\/wp-json\/wp\/v2\/product_tag?post=20128"}],"curies":[{"name":"wp","href":"https:\/\/api.w.org\/{rel}","templated":true}]}}