{"id":20126,"date":"2022-01-29T12:36:42","date_gmt":"2022-01-29T17:36:42","guid":{"rendered":"https:\/\/afcindustries.com\/product\/escritorio-ergonomico-ajustable-de-pie-para-radiologia\/"},"modified":"2024-11-29T17:39:49","modified_gmt":"2024-11-29T22:39:49","slug":"escritorio-ergonomico-ajustable-de-pie-para-radiologia","status":"publish","type":"product","link":"https:\/\/afcindustries.com\/es\/producto\/escritorio-ergonomico-ajustable-de-pie-para-radiologia\/","title":{"rendered":"Escritorio Ergon\u00f3mico Ajustable de Pie para Radiolog\u00eda"},"content":{"rendered":"<h2>Escritorio de pie ajustable para centro de im\u00e1genes de radiolog\u00eda<\/h2>\n<div id=\"color_choice\">\n<div id=\"ctl00_ContentPlaceHolder1_color1_pnlColor\" class=\"option-Style-Panel1\">\n<div class=\"color-container\">\n<div class=\"color-item\">\n<p>&nbsp;<\/p>\n<\/div>\n<\/div>\n<\/div>\n<\/div>\n<h3 class=\"product-h3\"><span id=\"ctl00_ContentPlaceHolder1_lblImageBottom1\">Escritorio de pie ajustable con botones<\/span><\/h3>\n<p><img decoding=\"async\" id=\"ctl00_ContentPlaceHolder1_imgDetailImageCall\" class=\"img-responsive\" style=\"border-width: 0px\" src=\"https:\/\/afcindustries.com\/wp-content\/uploads\/2022\/01\/772569-adjustable-standing-desk-with-buttons.jpg\" alt=\"Escritorio de pie ajustable con botones\" title=\"\"><\/p>\n<div id=\"ctl00_ContentPlaceHolder1_pnlImageContainer\"><\/div>\n<h3 class=\"product-h3\"><span id=\"ctl00_ContentPlaceHolder1_lblImageBottom2\">Especificaciones del escritorio de pie ajustable<\/span><\/h3>\n<p><img decoding=\"async\" id=\"ctl00_ContentPlaceHolder1_imgDetailImageCall2\" class=\"img-responsive\" style=\"border-width: 0px\" src=\"https:\/\/afcindustries.com\/wp-content\/uploads\/2022\/01\/772569-adjustable-standing-desk-specs.jpg\" alt=\"Especificaciones del escritorio de pie ajustable\" title=\"\"><\/p>\n<h3 class=\"product-h3\"><span id=\"ctl00_ContentPlaceHolder1_lblImageBottom3\">Accesorios para escritorios de pie ajustables<\/span><\/h3>\n<p><img decoding=\"async\" id=\"ctl00_ContentPlaceHolder1_imgDetailImageCall3\" class=\"img-responsive\" style=\"border-width: 0px\" src=\"https:\/\/afcindustries.com\/wp-content\/uploads\/2022\/01\/772569-adjustable-standing-desk-accessories.jpg\" alt=\"Accesorios para escritorios de pie ajustables\" title=\"\"><\/p>\n<p>&nbsp;<\/p>\n<ul>\n<li><strong>El mejor dise\u00f1o ergon\u00f3mico y c\u00f3modo:<\/strong> Dise\u00f1ado para la comodidad para reducir el estr\u00e9s y mantener la postura durante el trabajo.<\/li>\n<li><strong>Mantiene una buena salud:<\/strong> Elimina las lesiones por esfuerzo repetitivo (RSI), los dolores musculares, las molestias corporales, la tensi\u00f3n ocular y la fatiga. Aumenta la productividad y la circulaci\u00f3n sangu\u00ednea saludable.<\/li>\n<li><strong>F\u00e1cil de usar:<\/strong> f\u00e1cil de manejar sin necesidad de horas de formaci\u00f3n del usuario. Muy f\u00e1cil de configurar para adaptarse a las preferencias de cada usuario.<\/li>\n<li><strong>Iluminaci\u00f3n de escritorio preparada:<\/strong> Minimiza el cansancio ocular y la fatiga asociada y maximiza la precisi\u00f3n visual proporcionando una iluminaci\u00f3n adecuada.<\/li>\n<li><strong>Acceso a puertos de datos y tomas de corriente:<\/strong> Aumenta la productividad y la eficiencia gracias a la facilidad de acceso a los puertos de datos y las tomas de corriente.<\/li>\n<li><strong>Superficie de escritorio y bordes laminados de primera calidad:<\/strong> Las superficies de escritorio laminadas, los bordes lisos y las esquinas eliminan el riesgo de lesiones. Tambi\u00e9n mantiene el escritorio limpio y liso.<\/li>\n<li><strong>Colocaci\u00f3n correcta de la CPU del ordenador:<\/strong> La CPU del ordenador se encuentra fuera de peligro, lo que permite a los usuarios moverse libremente.<\/li>\n<li><strong>Gesti\u00f3n limpia de los cables:<\/strong> Los cables est\u00e1n ocultos de forma segura para eliminar el riesgo de accidentes que pueda causar a personas o equipos.<\/li>\n<li><strong>Construido seg\u00fan las especificaciones:<\/strong> Se puede especificar para acomodar las necesidades \u00fanicas y el entorno de trabajo de los usuarios individuales antes de la fabricaci\u00f3n.<\/li>\n<li><strong>Garantizado con la garant\u00eda del producto:<\/strong> Cubierto con la garant\u00eda de producto del fabricante que da seguridad a los compradores en caso de que el producto no cumpla con las expectativas.<\/li>\n<li><strong>Equipo de fabricaci\u00f3n de confianza:<\/strong> Nuestros dise\u00f1adores, ingenieros y fabricantes utilizan sus habilidades y talentos para ofrecerle el producto de mayor calidad que usted merece.<\/li>\n<li><strong>Asistencia en la planificaci\u00f3n del espacio de trabajo:<\/strong> Proporcionamos asistencia en la planificaci\u00f3n en la instalaci\u00f3n o renovaci\u00f3n de sus instalaciones de trabajo.<\/li>\n<li><strong>Ayuda para la instalaci\u00f3n:<\/strong> Proporcionamos asistencia exhaustiva en el despliegue de su mobiliario para el servicio.<\/li>\n<li><strong>Muebles de escritorio vers\u00e1tiles:<\/strong> Nuestros muebles son capaces de adaptarse a diferentes usos y entornos, por lo que son duraderos.<\/li>\n<\/ul>\n<p>AFC fabrica muebles de alta calidad para estaciones de trabajo de radiolog\u00eda de pie que superan las expectativas est\u00e1ndar de practicidad, funcionalidad y ergonom\u00eda. Nuestros productos est\u00e1n garantizados con una garant\u00eda total del producto. Fabricamos productos que ofrecen a nuestros clientes la tranquilidad de obtener el m\u00e1ximo rendimiento de su inversi\u00f3n.<\/p>\n<p>P\u00f3ngase en contacto con nosotros para una consulta gratuita con nuestro amable y servicial especialista en equipamiento t\u00e9cnico de mobiliario ergon\u00f3mico.<\/p>\n","protected":false},"excerpt":{"rendered":"<h1 class=\"product-h3\"><span id=\"ctl00_ContentPlaceHolder1_lblH3\">Escritorio de pie ajustable para el diagn\u00f3stico por imagen en radiolog\u00eda<br \/>\n<\/span><\/h1>\n<p>Una innovaci\u00f3n l\u00edder en mobiliario de radiolog\u00eda, este escritorio ergon\u00f3mico ajustable de pie para im\u00e1genes de radiolog\u00eda est\u00e1 desarrollado con un dise\u00f1o ergon\u00f3mico y caracter\u00edsticas avanzadas de escritorio. Est\u00e1 equipado con cuatro soportes de brazo de monitor retr\u00e1ctil, tres patas neum\u00e1ticas, un carrito de CPU y cinco ruedas. Con s\u00f3lo pulsar un bot\u00f3n, la altura del escritorio puede ajustarse a una posici\u00f3n sentada o de pie. Los soportes para monitores LCD tambi\u00e9n son ajustables en altura de forma independiente con brazos articulados para monitores que proporcionan la mejor posici\u00f3n de visualizaci\u00f3n de la pantalla.<\/p>\n<p>Sin parang\u00f3n en la fabricaci\u00f3n de estaciones de trabajo de radiolog\u00eda, esta mesa de radiolog\u00eda con estaci\u00f3n de trabajo PACS el\u00e9ctrica es una mesa de radiolog\u00eda con estaci\u00f3n de trabajo PACS de primera l\u00ednea que supera las expectativas est\u00e1ndar al proporcionar una comodidad que satisface las necesidades de los profesionales de la radiolog\u00eda m\u00e9dica.<\/p>\n<p>La posici\u00f3n de pie se recomienda a los profesionales, ya que reduce la mayor\u00eda de los problemas relacionados con los efectos adversos de estar sentado durante mucho tiempo, lo que aumenta la productividad y mantiene la buena salud de sus usuarios. Este escritorio de pie para estaciones de trabajo de radiolog\u00eda de dise\u00f1o ergon\u00f3mico ofrece los ajustes m\u00e1s adecuados para satisfacer las preferencias de cada usuario.<\/p>\n<div class=\"col-md-6 col-sm-6 col-xs-12 detailList\">\n<ul>\n<li>Escritorio de altura regulable electr\u00f3nicamente<\/li>\n<li>Brazo retr\u00e1ctil para varios monitores<\/li>\n<li>Reposapi\u00e9s retr\u00e1ctil<\/li>\n<li>Agujeros de ojal para la gesti\u00f3n de los cables<\/li>\n<li>Pozo de cables para la gesti\u00f3n de los mismos<\/li>\n<li>No es necesario el convertidor de escritorio de pie<\/li>\n<\/ul>\n<p>&nbsp;<\/p>\n<\/div>\n<div class=\"col-md-6 col-sm-6 col-xs-12\">\n<ul class=\"ulpdf\">\n<li><a id=\"ctl00_ContentPlaceHolder1_hPDF\" href=\"https:\/\/afcindustries.com\/PDFS\/772569_ET7230_B_S_0000_4FZ_00_0_SB_0G2WMF2P_08.PDF\" target=\"_blank\" rel=\"noopener\"><img decoding=\"async\" id=\"ctl00_ContentPlaceHolder1_imgPDF\" style=\"border-width: 0px;\" src=\"https:\/\/afcindustries.com\/images\/pdf.gif\" border=\"0\" \/><span id=\"ctl00_ContentPlaceHolder1_lblPDFSKU\" class=\"pdf\">PDF 772569.pdf<\/span><\/a><\/li>\n<\/ul>\n<p>&nbsp;<\/p>\n<ul class=\"ulpdf\">\n<li>Altura: 28 \u00bb &#8211; 47 \u00ab.<\/li>\n<li>Anchura: 72 \u00ab<\/li>\n<li>Profundidad: 30 \u00ab<\/li>\n<\/ul>\n<\/div>\n","protected":false},"featured_media":42051,"template":"","meta":{"_acf_changed":false,"inline_featured_image":false},"product_brand":[],"product_cat":[3518,3233,1788,2131],"product_tag":[],"class_list":{"0":"post-20126","1":"product","2":"type-product","3":"status-publish","4":"has-post-thumbnail","6":"product_cat-ergo-tier-zx-es","7":"product_cat-escritorio-de-pie-ajustable-para-radiologia","8":"product_cat-escritorios-de-pie","9":"product_cat-estacion-de-trabajo-de-la-oficina-de-radiologia","11":"first","12":"instock","13":"product-type-simple"},"acf":[],"_links":{"self":[{"href":"https:\/\/afcindustries.com\/es\/wp-json\/wp\/v2\/product\/20126","targetHints":{"allow":["GET"]}}],"collection":[{"href":"https:\/\/afcindustries.com\/es\/wp-json\/wp\/v2\/product"}],"about":[{"href":"https:\/\/afcindustries.com\/es\/wp-json\/wp\/v2\/types\/product"}],"wp:featuredmedia":[{"embeddable":true,"href":"https:\/\/afcindustries.com\/es\/wp-json\/wp\/v2\/media\/42051"}],"wp:attachment":[{"href":"https:\/\/afcindustries.com\/es\/wp-json\/wp\/v2\/media?parent=20126"}],"wp:term":[{"taxonomy":"product_brand","embeddable":true,"href":"https:\/\/afcindustries.com\/es\/wp-json\/wp\/v2\/product_brand?post=20126"},{"taxonomy":"product_cat","embeddable":true,"href":"https:\/\/afcindustries.com\/es\/wp-json\/wp\/v2\/product_cat?post=20126"},{"taxonomy":"product_tag","embeddable":true,"href":"https:\/\/afcindustries.com\/es\/wp-json\/wp\/v2\/product_tag?post=20126"}],"curies":[{"name":"wp","href":"https:\/\/api.w.org\/{rel}","templated":true}]}}