{"id":20124,"date":"2022-01-29T12:36:38","date_gmt":"2022-01-29T17:36:38","guid":{"rendered":"https:\/\/afcindustries.com\/product\/aula-de-formacion-escritorio-informatico-de-doble-operador\/"},"modified":"2024-11-29T17:39:49","modified_gmt":"2024-11-29T22:39:49","slug":"aula-de-formacion-escritorio-informatico-de-doble-operador","status":"publish","type":"product","link":"https:\/\/afcindustries.com\/es\/producto\/aula-de-formacion-escritorio-informatico-de-doble-operador\/","title":{"rendered":"Aula de formaci\u00f3n escritorio inform\u00e1tico de doble operador"},"content":{"rendered":"<h2>Escritorio de ordenador de doble operaci\u00f3n<\/h2>\n<div id=\"color_choice\">\n<div id=\"ctl00_ContentPlaceHolder1_color1_pnlColor\" class=\"option-Style-Panel1\">\n<div class=\"color-container\">\n<div class=\"color-item\">\n<p>&nbsp;<\/p>\n<div id=\"Cream\" class=\"color-item-big\"><img decoding=\"async\" src=\"https:\/\/afcindustries.com\/wp-content\/uploads\/2022\/01\/Cream-1.jpg\" alt=\"Crema\" title=\"\"><\/div>\n<\/div>\n<\/div>\n<\/div>\n<\/div>\n<p>Esta mesa de ordenador de alta calidad para la sala de formaci\u00f3n, con dos monitores montados, bandejas de teclado retr\u00e1ctiles y soportes para la CPU.<\/p>\n<p>Este es el pupitre de formaci\u00f3n de doble uso ideal para su oficina.<\/p>\n<p>Viene equipado con dos monitores montados, bandejas de teclado retr\u00e1ctiles y soportes de CPU incorporados.<\/p>\n<div class=\"desksize\"><\/div>\n","protected":false},"excerpt":{"rendered":"<h1 class=\"product-h3\"><span id=\"ctl00_ContentPlaceHolder1_lblH3\">Mesa de ordenador de doble uso:<\/span><\/h1>\n<div class=\"col-md-6 col-sm-6 col-xs-12 detailList\">\n<ul>\n<li>Los soportes para monitores son compatibles con VESA 75\/100<\/li>\n<li>Bandeja de teclado retr\u00e1ctil de 21&#8243; de ancho por 10&#8243; de fondo con bandeja de rat\u00f3n ajustable a la izquierda y a la derecha<\/li>\n<li>Soporte de CPU cerrado de 10 pulgadas de ancho y 24 pulgadas de alto con aberturas para ojales de control de cables<\/li>\n<li>Superficie de trabajo de laminado de alta presi\u00f3n con bordes en T<\/li>\n<li>Paneles frontales para un aspecto acabado y una gesti\u00f3n adicional de los cables<\/li>\n<li>Varios colores disponibles<\/li>\n<\/ul>\n<p>&nbsp;<\/p>\n<p>&nbsp;<\/p>\n<\/div>\n<div class=\"col-md-6 col-sm-6 col-xs-12\">\n<p>&nbsp;<\/p>\n<\/div>\n","protected":false},"featured_media":16004,"template":"","meta":{"_acf_changed":false,"inline_featured_image":false},"product_brand":[],"product_cat":[2203,1814,3227],"product_tag":[],"class_list":{"0":"post-20124","1":"product","2":"type-product","3":"status-publish","4":"has-post-thumbnail","6":"product_cat-escritorios-de-formacion","7":"product_cat-productos-personalizados","8":"product_cat-sala-de-formacion-escritorio-de-ordenador-de-doble-operador","10":"first","11":"instock","12":"product-type-simple"},"acf":[],"_links":{"self":[{"href":"https:\/\/afcindustries.com\/es\/wp-json\/wp\/v2\/product\/20124","targetHints":{"allow":["GET"]}}],"collection":[{"href":"https:\/\/afcindustries.com\/es\/wp-json\/wp\/v2\/product"}],"about":[{"href":"https:\/\/afcindustries.com\/es\/wp-json\/wp\/v2\/types\/product"}],"wp:featuredmedia":[{"embeddable":true,"href":"https:\/\/afcindustries.com\/es\/wp-json\/wp\/v2\/media\/16004"}],"wp:attachment":[{"href":"https:\/\/afcindustries.com\/es\/wp-json\/wp\/v2\/media?parent=20124"}],"wp:term":[{"taxonomy":"product_brand","embeddable":true,"href":"https:\/\/afcindustries.com\/es\/wp-json\/wp\/v2\/product_brand?post=20124"},{"taxonomy":"product_cat","embeddable":true,"href":"https:\/\/afcindustries.com\/es\/wp-json\/wp\/v2\/product_cat?post=20124"},{"taxonomy":"product_tag","embeddable":true,"href":"https:\/\/afcindustries.com\/es\/wp-json\/wp\/v2\/product_tag?post=20124"}],"curies":[{"name":"wp","href":"https:\/\/api.w.org\/{rel}","templated":true}]}}