{"id":20123,"date":"2022-01-29T12:36:59","date_gmt":"2022-01-29T17:36:59","guid":{"rendered":"https:\/\/afcindustries.com\/product\/soporte-de-pared-con-brazo-para-4-tabletas\/"},"modified":"2024-10-07T14:58:59","modified_gmt":"2024-10-07T18:58:59","slug":"soporte-de-pared-con-brazo-para-4-tabletas","status":"publish","type":"product","link":"https:\/\/afcindustries.com\/es\/producto\/soporte-de-pared-con-brazo-para-4-tabletas\/","title":{"rendered":"Soporte de pared con brazo para 4 tabletas"},"content":{"rendered":"<h1>Soporte de pared con brazo para 4 tabletas<\/h1>\n<p>El soporte de pared para tabletas perfecto para montar cuatro tabletas en la pared, una al lado de la otra, en vertical. Se fija a trav\u00e9s de soportes de carril con brazos de cuello de cisne para que pueda ajustar f\u00e1cilmente las pantallas en todas las direcciones para obtener los \u00e1ngulos de visi\u00f3n ideales. Estos soportes son universales y pueden soportar todos los modelos de tabletas populares de hoy en d\u00eda para Apple, Android y PC.<\/p>\n<p>Disponible en varios acabados para adaptarse a su entorno. Todos los soportes para tabletas est\u00e1n hechos de metal y vienen con un candado y una llave para mayor seguridad.<\/p>\n<p>Podemos combinar los monitores m\u00e1s grandes con las tabletas m\u00e1s peque\u00f1as para obtener una soluci\u00f3n de oficina completa.<\/p>\n<p><b>Nota: Los soportes para tabletas no incluyen las pantallas de los monitores<\/b><\/p>\n<div class=\"desksize\"><\/div>\n<h3 class=\"product-h3\"><span id=\"ctl00_ContentPlaceHolder1_lblImageBottom1\">4 Detalles del soporte de pared con brazo para tabletas<\/span><\/h3>\n<p><img decoding=\"async\" id=\"ctl00_ContentPlaceHolder1_imgDetailImageCall\" class=\"img-responsive\" style=\"border-width: 0px\" src=\"https:\/\/afcindustries.com\/wp-content\/uploads\/2022\/01\/772888-4-tablet-holder-arm-wall-mount-bracket-details.jpg\" alt=\"4 Detalles del soporte de pared con brazo para tabletas\" title=\"\"><\/p>\n<div id=\"ctl00_ContentPlaceHolder1_pnlImageContainer\"><\/div>\n<h3 class=\"product-h3\"><span id=\"ctl00_ContentPlaceHolder1_lblImageBottom2\">Especificaciones del soporte de pared con brazo para 4 tabletas<\/span><\/h3>\n<p><img decoding=\"async\" id=\"ctl00_ContentPlaceHolder1_imgDetailImageCall2\" class=\"img-responsive\" style=\"border-width: 0px\" src=\"https:\/\/afcindustries.com\/wp-content\/uploads\/2022\/01\/772888-4-tablet-holder-arm-wall-mount-bracket-specs.jpg\" alt=\"Especificaciones del soporte de pared con brazo para 4 tabletas\" title=\"\"><\/p>\n<h3 class=\"product-h3\"><\/h3>\n","protected":false},"excerpt":{"rendered":"<h1 class=\"product-h3\"><span id=\"ctl00_ContentPlaceHolder1_lblH3\">Soporte de pared con brazo para 4 tabletas<\/span><\/h1>\n<div class=\"col-md-6 col-sm-6 col-xs-12 detailList\">\n<ul>\n<li>Marcos de construcci\u00f3n met\u00e1lica fuertes y seguros<\/li>\n<li>Cerradura y llave para mayor seguridad<\/li>\n<li>Soluciones y configuraciones horizontales y verticales disponibles<\/li>\n<li>Varias longitudes de carril disponibles, en funci\u00f3n de la cantidad de soporte de la tableta<\/li>\n<li>Elija los acabados de pintura antimicrobiana blanca o negra<\/li>\n<li>Los marcos universales para tabletas se adaptan a la mayor\u00eda de los modelos m\u00e1s populares de hoy en d\u00eda<\/li>\n<li>Montado con brazos en Z para una manipulaci\u00f3n multidireccional<\/li>\n<li>Lista disponible de soportes que se adaptan exactamente a su iPad o Tablet<\/li>\n<\/ul>\n<p>&nbsp;<\/p>\n<\/div>\n","protected":false},"featured_media":16156,"template":"","meta":{"_acf_changed":false,"inline_featured_image":false},"product_brand":[],"product_cat":[1832,3222,1758],"product_tag":[],"class_list":{"0":"post-20123","1":"product","2":"type-product","3":"status-publish","4":"has-post-thumbnail","6":"product_cat-brazos-para-monitores-de-pared","7":"product_cat-soporte-de-pared-con-brazo-para-4-tabletas","8":"product_cat-soportes-ergonomicos","10":"first","11":"instock","12":"product-type-simple"},"acf":[],"_links":{"self":[{"href":"https:\/\/afcindustries.com\/es\/wp-json\/wp\/v2\/product\/20123","targetHints":{"allow":["GET"]}}],"collection":[{"href":"https:\/\/afcindustries.com\/es\/wp-json\/wp\/v2\/product"}],"about":[{"href":"https:\/\/afcindustries.com\/es\/wp-json\/wp\/v2\/types\/product"}],"wp:featuredmedia":[{"embeddable":true,"href":"https:\/\/afcindustries.com\/es\/wp-json\/wp\/v2\/media\/16156"}],"wp:attachment":[{"href":"https:\/\/afcindustries.com\/es\/wp-json\/wp\/v2\/media?parent=20123"}],"wp:term":[{"taxonomy":"product_brand","embeddable":true,"href":"https:\/\/afcindustries.com\/es\/wp-json\/wp\/v2\/product_brand?post=20123"},{"taxonomy":"product_cat","embeddable":true,"href":"https:\/\/afcindustries.com\/es\/wp-json\/wp\/v2\/product_cat?post=20123"},{"taxonomy":"product_tag","embeddable":true,"href":"https:\/\/afcindustries.com\/es\/wp-json\/wp\/v2\/product_tag?post=20123"}],"curies":[{"name":"wp","href":"https:\/\/api.w.org\/{rel}","templated":true}]}}