{"id":20119,"date":"2022-01-29T12:37:30","date_gmt":"2022-01-29T17:37:30","guid":{"rendered":"https:\/\/afcindustries.com\/product\/estacion-de-trabajo-para-ordenador-con-armario-metalico-montado-en-la-pared\/"},"modified":"2024-11-29T16:55:42","modified_gmt":"2024-11-29T21:55:42","slug":"estacion-de-trabajo-para-ordenador-con-armario-metalico-montado-en-la-pared","status":"publish","type":"product","link":"https:\/\/afcindustries.com\/es\/producto\/estacion-de-trabajo-para-ordenador-con-armario-metalico-montado-en-la-pared\/","title":{"rendered":"Estaci\u00f3n de trabajo para ordenador con armario met\u00e1lico montado en la pared"},"content":{"rendered":"<h2><span id=\"ctl00_ContentPlaceHolder1_lblImageBottom1\">Especificaciones de la estaci\u00f3n de trabajo con caja met\u00e1lica montada en la pared<\/span><\/h2>\n<p><img decoding=\"async\" id=\"ctl00_ContentPlaceHolder1_imgDetailImageCall\" class=\"img-responsive\" style=\"border-width: 0px\" src=\"https:\/\/afcindustries.com\/wp-content\/uploads\/2022\/01\/772085-wall-mount-lockable-computer-workstation-specifications.jpg\" alt=\"Especificaciones de la estaci\u00f3n de trabajo de ordenador con cerradura montada en la pared\" title=\"\"><\/p>\n<h3 class=\"product-h3\"><span id=\"ctl00_ContentPlaceHolder1_lblImageBottom2\">Estaci\u00f3n de trabajo con ordenador de montaje en pared Caracter\u00edsticas funcionales<\/span><\/h3>\n<p><img decoding=\"async\" id=\"ctl00_ContentPlaceHolder1_imgDetailImageCall2\" class=\"img-responsive\" style=\"border-width: 0px\" src=\"https:\/\/afcindustries.com\/wp-content\/uploads\/2022\/01\/772085-wall-mount-computer-workstation-functional-features.jpg\" alt=\"Caracter\u00edsticas funcionales de la estaci\u00f3n de trabajo de ordenador montada en la pared\" title=\"\"><\/p>\n<h3 class=\"product-h3\"><span id=\"ctl00_ContentPlaceHolder1_lblImageBottom3\">Detalles de la estaci\u00f3n de trabajo de ordenador montada en la pared met\u00e1lica <\/span><\/h3>\n<p><img decoding=\"async\" id=\"ctl00_ContentPlaceHolder1_imgDetailImageCall3\" class=\"img-responsive\" style=\"border-width: 0px\" src=\"https:\/\/afcindustries.com\/wp-content\/uploads\/2022\/01\/772085-metallic-wall-mounted-computer-workstation-details.jpg\" alt=\"Detalles de la estaci\u00f3n de trabajo de ordenador montada en la pared met\u00e1lica \" title=\"\"><\/p>\n<p>&nbsp;<\/p>\n<ul>\n<li><strong>El mejor dise\u00f1o ergon\u00f3mico y c\u00f3modo:<\/strong> Dise\u00f1ado para la comodidad para reducir el estr\u00e9s y mantener la postura durante el trabajo.<\/li>\n<li><strong>Soluci\u00f3n de montaje firme: <\/strong>nuestros muebles pueden sujetarse firmemente a las paredes, suelos o techos y pueden soportar el peso adicional de su equipo.<\/li>\n<li><strong>F\u00e1cil de usar:<\/strong> f\u00e1cil de manejar sin necesidad de horas de formaci\u00f3n del usuario. Muy f\u00e1cil de configurar para adaptarse a las preferencias de cada usuario.<\/li>\n<li><strong>Colocaci\u00f3n correcta de la CPU del ordenador:<\/strong> La CPU del ordenador se encuentra fuera de peligro, lo que permite a los usuarios moverse libremente.<\/li>\n<li><strong>Construido seg\u00fan las especificaciones:<\/strong> Se puede especificar para acomodar las necesidades \u00fanicas y el entorno de trabajo de los usuarios individuales antes de la fabricaci\u00f3n.<\/li>\n<li><strong>Garantizado con la garant\u00eda del producto:<\/strong> Cubierto con la garant\u00eda de producto del fabricante que da seguridad a los compradores en caso de que el producto no cumpla con las expectativas.<\/li>\n<li><strong>Equipo de fabricaci\u00f3n de confianza:<\/strong> Nuestros dise\u00f1adores, ingenieros y fabricantes utilizan sus habilidades y talentos para ofrecerle el producto de mayor calidad que usted merece.<\/li>\n<li><strong>Asistencia en la planificaci\u00f3n del espacio de trabajo:<\/strong> Proporcionamos asistencia en la planificaci\u00f3n en la instalaci\u00f3n o renovaci\u00f3n de sus instalaciones de trabajo.<\/li>\n<li><strong>Ayuda para la instalaci\u00f3n:<\/strong> Proporcionamos asistencia exhaustiva en el despliegue de su mobiliario para el servicio.<\/li>\n<\/ul>\n<p>AFC fabrica equipos de mobiliario de alta calidad que superan las expectativas est\u00e1ndar de practicidad, funcionalidad y ergonom\u00eda. Nuestros productos est\u00e1n garantizados con una garant\u00eda total del producto. Construimos productos que ofrecen a nuestros clientes la tranquilidad de obtener el m\u00e1ximo rendimiento de su inversi\u00f3n.<\/p>\n<p>P\u00f3ngase en contacto con nosotros para una consulta gratuita con nuestro amable y servicial especialista en mobiliario t\u00e9cnico ergon\u00f3mico.<\/p>\n","protected":false},"excerpt":{"rendered":"<h1 class=\"product-h3\"><span id=\"ctl00_ContentPlaceHolder1_lblH3\">Estaci\u00f3n de trabajo met\u00e1lica para ordenador montada en la pared<\/span><\/h1>\n<p>Esta estaci\u00f3n de trabajo inform\u00e1tica con caja met\u00e1lica montada en la pared permite un acceso r\u00e1pido a cualquiera de sus tareas o consultas relacionadas con la inform\u00e1tica para maximizar el uso de los recursos de Internet o las bases de datos para obtener referencias r\u00e1pidas. Conveniente para acceder a los pasillos de los hospitales y a las instalaciones industriales.<\/p>\n<p>Esta estaci\u00f3n de trabajo de ordenador con caja met\u00e1lica montada en la pared cuenta con una carcasa met\u00e1lica delgada con una bandeja plegable para el teclado, un soporte para el monitor y un mecanismo de resorte de gas para abrir y cerrar con suavidad.<\/p>\n<p>Extremadamente eficaz en entornos m\u00e9dicos, su delgado dise\u00f1o cumple con las normas actuales de la JACHO (Joint Commission on Accreditation of Healthcare Organization) con caracter\u00edsticas que mejoran la eficiencia del flujo de trabajo diario.<\/p>\n<div class=\"col-md-6 col-sm-6 col-xs-12 detailList\">\n<ul>\n<li>Las dimensiones totales de la unidad son 26 pulgadas de ancho x 26 pulgadas de alto x 4 pulgadas de profundidad<\/li>\n<li>Placa de monitor fija VESA 75\/100 mm<\/li>\n<li>Dos muelles de gas para facilitar la apertura y el cierre<\/li>\n<li>Compartimento inferior para la regleta y la gesti\u00f3n de cables<\/li>\n<li>Orificios de montaje en la pared preperforados a 16 y 18 pulgadas de distancia para alinearse con la mayor\u00eda de las construcciones de paredes con montantes<\/li>\n<li>Completa con agujeros recortados para facilitar el cableado y las bajadas de datos<\/li>\n<li>Rejillas de ventilaci\u00f3n para la circulaci\u00f3n del aire<\/li>\n<li>Construcci\u00f3n totalmente met\u00e1lica f\u00e1cil de limpiar y desinfectar<\/li>\n<li>Orificios de montaje VESA opcionales para las unidades de cliente ligero que cumplan estas normas<\/li>\n<li>Existen revestimientos antimicrobianos<\/li>\n<\/ul>\n<p>&nbsp;<\/p>\n<\/div>\n<div class=\"col-md-6 col-sm-6 col-xs-12\">\n<ul class=\"ulpdf\">\n<li><a id=\"ctl00_ContentPlaceHolder1_hPDF\" href=\"https:\/\/afcindustries.com\/PDFS\/IR850-001.PDF\" target=\"_blank\" rel=\"noopener\"><img decoding=\"async\" id=\"ctl00_ContentPlaceHolder1_imgPDF\" style=\"border-width: 0px;\" src=\"https:\/\/afcindustries.com\/images\/pdf.gif\" border=\"0\" \/><span id=\"ctl00_ContentPlaceHolder1_lblPDFSKU\" class=\"pdf\">PDF IR850-001.pdf<\/span><\/a><\/li>\n<\/ul>\n<p>&nbsp;<\/p>\n<ul class=\"ulpdf\">\n<li>Altura: 26 \u00ab<\/li>\n<li>Anchura: 26 \u00ab<\/li>\n<li>Profundidad: 4 \u00ab<\/li>\n<\/ul>\n<\/div>\n","protected":false},"featured_media":48032,"template":"","meta":{"_acf_changed":false,"inline_featured_image":false},"product_brand":[],"product_cat":[3218,1922,1758],"product_tag":[],"class_list":{"0":"post-20119","1":"product","2":"type-product","3":"status-publish","4":"has-post-thumbnail","6":"product_cat-estacion-de-trabajo-para-ordenador-con-armario-metalico-montado-en-la-pared","7":"product_cat-puestos-de-trabajo-murales","8":"product_cat-soportes-ergonomicos","9":"pa_model-ir850-001-es","11":"first","12":"instock","13":"product-type-simple"},"acf":[],"_links":{"self":[{"href":"https:\/\/afcindustries.com\/es\/wp-json\/wp\/v2\/product\/20119","targetHints":{"allow":["GET"]}}],"collection":[{"href":"https:\/\/afcindustries.com\/es\/wp-json\/wp\/v2\/product"}],"about":[{"href":"https:\/\/afcindustries.com\/es\/wp-json\/wp\/v2\/types\/product"}],"wp:featuredmedia":[{"embeddable":true,"href":"https:\/\/afcindustries.com\/es\/wp-json\/wp\/v2\/media\/48032"}],"wp:attachment":[{"href":"https:\/\/afcindustries.com\/es\/wp-json\/wp\/v2\/media?parent=20119"}],"wp:term":[{"taxonomy":"product_brand","embeddable":true,"href":"https:\/\/afcindustries.com\/es\/wp-json\/wp\/v2\/product_brand?post=20119"},{"taxonomy":"product_cat","embeddable":true,"href":"https:\/\/afcindustries.com\/es\/wp-json\/wp\/v2\/product_cat?post=20119"},{"taxonomy":"product_tag","embeddable":true,"href":"https:\/\/afcindustries.com\/es\/wp-json\/wp\/v2\/product_tag?post=20119"}],"curies":[{"name":"wp","href":"https:\/\/api.w.org\/{rel}","templated":true}]}}