{"id":20118,"date":"2022-01-29T12:38:51","date_gmt":"2022-01-29T17:38:51","guid":{"rendered":"https:\/\/afcindustries.com\/product\/bandeja-organizadora-de-cables-bajo-el-escritorio\/"},"modified":"2024-11-29T11:06:01","modified_gmt":"2024-11-29T16:06:01","slug":"bandeja-organizadora-de-cables-bajo-el-escritorio","status":"publish","type":"product","link":"https:\/\/afcindustries.com\/es\/producto\/bandeja-organizadora-de-cables-bajo-el-escritorio\/","title":{"rendered":"Bandeja organizadora de cables bajo el escritorio"},"content":{"rendered":"<h2>Bandeja organizadora de cables bajo la mesa<\/h2>\n<div id=\"color_choice\"><\/div>\n<p>Bandeja organizadora de cables bajo el escritorio, fabricada con chapa de acero gruesa, con orificios para cables ovalados y acabado en pintura negra. Un organizador de cables muy \u00fatil que mantiene los cables y alambres a salvo de tirones accidentales. Tambi\u00e9n ayuda a mantener el puesto de trabajo ordenado y organizado.<\/p>\n<p>AFC fabrica equipos de mobiliario de alta calidad que superan las expectativas est\u00e1ndar de practicidad, funcionalidad y ergonom\u00eda. Nuestros productos est\u00e1n garantizados con una garant\u00eda total del producto. Construimos productos que ofrecen a nuestros clientes la tranquilidad de obtener el m\u00e1ximo rendimiento de su inversi\u00f3n.<\/p>\n<p>P\u00f3ngase en contacto con nosotros para una consulta gratuita con nuestro amable y servicial especialista en mobiliario t\u00e9cnico ergon\u00f3mico.<\/p>\n<div class=\"desksize\"><\/div>\n","protected":false},"excerpt":{"rendered":"<h1 class=\"product-h3\"><span id=\"ctl00_ContentPlaceHolder1_lblH3\">Organizador de cables bajo la mesa Caracter\u00edsticas<\/span><\/h1>\n<div class=\"col-md-6 col-sm-6 col-xs-12 detailList\">\n<ul>\n<li>Pozo de gesti\u00f3n de cables montado bajo el escritorio<\/li>\n<li>F\u00e1cil acceso y facilidad de uso<\/li>\n<li>Construido con materiales industriales de alta calidad<\/li>\n<li>Mantenga sus cables y conductos ordenados y organizados<\/li>\n<li>Dise\u00f1o que ahorra espacio para entornos de oficina reducidos<\/li>\n<li>Dise\u00f1o ergon\u00f3mico con flexibilidad y durabilidad<\/li>\n<\/ul>\n<p>&nbsp;<\/p>\n<p>&nbsp;<\/p>\n<\/div>\n<div class=\"col-md-6 col-sm-6 col-xs-12\">\n<ul class=\"ulpdf\">\n<li><a id=\"ctl00_ContentPlaceHolder1_hPDF\" href=\"https:\/\/afcindustries.com\/PDFS\/772472_PDF.PDF\" target=\"_blank\" rel=\"noopener\"><img decoding=\"async\" id=\"ctl00_ContentPlaceHolder1_imgPDF\" style=\"border-width: 0px;\" src=\"https:\/\/afcindustries.com\/images\/pdf.gif\" border=\"0\" \/><span id=\"ctl00_ContentPlaceHolder1_lblPDFSKU\" class=\"pdf\">PDF 772472_pdf.PDF<\/span><\/a><\/li>\n<\/ul>\n<ul>\n<li>\n<ul class=\"specPreview\">\n<li>Altura<\/li>\n<li>&#8211; 6 pulgadas<\/li>\n<\/ul>\n<p>&nbsp;<\/li>\n<li>\n<ul class=\"specPreview\">\n<li>Anchura<\/li>\n<li>&#8211; 12 pulgadas<\/li>\n<\/ul>\n<p>&nbsp;<\/li>\n<li>\n<ul class=\"specPreview\">\n<li>Profundidad<\/li>\n<li>&#8211; 3 pulgadas<\/li>\n<\/ul>\n<p>&nbsp;<\/li>\n<\/ul>\n<\/div>\n","protected":false},"featured_media":16582,"template":"","meta":{"_acf_changed":false,"inline_featured_image":false},"product_brand":[],"product_cat":[1783,3210,1784],"product_tag":[],"class_list":{"0":"post-20118","1":"product","2":"type-product","3":"status-publish","4":"has-post-thumbnail","6":"product_cat-accesorios","7":"product_cat-bandeja-organizadora-de-cables-bajo-el-escritorio","8":"product_cat-todos-los-accesorios","9":"pa_model-wmw-3x6x12-01-es","11":"first","12":"instock","13":"product-type-simple"},"acf":[],"_links":{"self":[{"href":"https:\/\/afcindustries.com\/es\/wp-json\/wp\/v2\/product\/20118","targetHints":{"allow":["GET"]}}],"collection":[{"href":"https:\/\/afcindustries.com\/es\/wp-json\/wp\/v2\/product"}],"about":[{"href":"https:\/\/afcindustries.com\/es\/wp-json\/wp\/v2\/types\/product"}],"wp:featuredmedia":[{"embeddable":true,"href":"https:\/\/afcindustries.com\/es\/wp-json\/wp\/v2\/media\/16582"}],"wp:attachment":[{"href":"https:\/\/afcindustries.com\/es\/wp-json\/wp\/v2\/media?parent=20118"}],"wp:term":[{"taxonomy":"product_brand","embeddable":true,"href":"https:\/\/afcindustries.com\/es\/wp-json\/wp\/v2\/product_brand?post=20118"},{"taxonomy":"product_cat","embeddable":true,"href":"https:\/\/afcindustries.com\/es\/wp-json\/wp\/v2\/product_cat?post=20118"},{"taxonomy":"product_tag","embeddable":true,"href":"https:\/\/afcindustries.com\/es\/wp-json\/wp\/v2\/product_tag?post=20118"}],"curies":[{"name":"wp","href":"https:\/\/api.w.org\/{rel}","templated":true}]}}