{"id":20116,"date":"2022-01-29T12:37:15","date_gmt":"2022-01-29T17:37:15","guid":{"rendered":"https:\/\/afcindustries.com\/product\/brazo-de-monitor-para-carro-de-ordenador-movil-con-proteccion-contra-estornudos-y-tos\/"},"modified":"2024-10-07T14:58:43","modified_gmt":"2024-10-07T18:58:43","slug":"brazo-de-monitor-para-carro-de-ordenador-movil-con-proteccion-contra-estornudos-y-tos","status":"publish","type":"product","link":"https:\/\/afcindustries.com\/es\/producto\/brazo-de-monitor-para-carro-de-ordenador-movil-con-proteccion-contra-estornudos-y-tos\/","title":{"rendered":"Brazo de monitor para carro de ordenador m\u00f3vil con protecci\u00f3n contra estornudos y tos"},"content":{"rendered":"<h1>Carro de ordenador con brazo de monitor y escudo protector contra estornudos<\/h1>\n<div id=\"color_choice\">\n<div id=\"ctl00_ContentPlaceHolder1_color1_pnlColor\" class=\"option-Style-Panel1\">\n<div class=\"color-container\">\n<div class=\"color-item\">\n<p>&nbsp;<\/p>\n<div id=\"Black\" class=\"color-item-big\"><img decoding=\"async\" src=\"https:\/\/afcindustries.com\/wp-content\/uploads\/2022\/01\/Black-1.jpg\" alt=\"Negro\" title=\"\"><\/div>\n<\/div>\n<\/div>\n<\/div>\n<\/div>\n<p>Este carro de ordenador sanitario viene con valiosas caracter\u00edsticas ergon\u00f3micas y elementos de dise\u00f1o que son muy vers\u00e1tiles y compactos, incluyendo un brazo articulado para el monitor de altura ajustable, ajuste de altura neum\u00e1tico, soporte para altavoces y ruedas giratorias bloqueables.<\/p>\n<p>Construido con un gran protector para estornudos y tos, el escudo acr\u00edlico est\u00e1 estrat\u00e9gicamente colocado para crear una barrera establecida entre el usuario y el paciente\/cliente para ayudar a prevenir la propagaci\u00f3n innecesaria de g\u00e9rmenes en el aire.<\/p>\n<p><strong>El mejor dise\u00f1o ergon\u00f3mico y c\u00f3modo:<\/strong> Dise\u00f1ado para la comodidad para reducir el estr\u00e9s y mantener la postura durante el trabajo.<\/p>\n<p><strong>Mantiene una buena salud:<\/strong> Elimina las lesiones por esfuerzo repetitivo (RSI), los dolores musculares, las molestias corporales, la tensi\u00f3n ocular y la fatiga. Aumenta la productividad y la circulaci\u00f3n sangu\u00ednea saludable.<\/p>\n<p><strong>F\u00e1cil de usar:<\/strong> f\u00e1cil de manejar sin necesidad de horas de formaci\u00f3n del usuario. Muy f\u00e1cil de configurar para adaptarse a las preferencias de cada usuario.<\/p>\n<p><strong>Acceso a puertos de datos y tomas de corriente:<\/strong> Aumenta la productividad y la eficiencia gracias a la facilidad de acceso a los puertos de datos y las tomas de corriente.<\/p>\n<p><strong>Colocaci\u00f3n correcta de la CPU del ordenador:<\/strong> La CPU del ordenador se encuentra fuera de peligro, lo que permite a los usuarios moverse libremente.<\/p>\n<p><strong>Gesti\u00f3n limpia de los cables:<\/strong> Los cables est\u00e1n ocultos de forma segura para eliminar el riesgo de accidentes que pueda causar a personas o equipos.<\/p>\n<p><strong>Construido seg\u00fan las especificaciones:<\/strong> Se puede especificar para acomodar las necesidades \u00fanicas y el entorno de trabajo de los usuarios individuales antes de la fabricaci\u00f3n.<\/p>\n<p><strong>Garantizado con la garant\u00eda del producto:<\/strong> Cubierto con la garant\u00eda de producto del fabricante que da seguridad a los compradores en caso de que el producto no cumpla con las expectativas.<\/p>\n<p><strong>Equipo de fabricaci\u00f3n de confianza:<\/strong> Nuestros dise\u00f1adores, ingenieros y fabricantes utilizan sus habilidades y talentos para ofrecerle el producto de mayor calidad que usted merece.<\/p>\n<p><strong>Asistencia en la planificaci\u00f3n del espacio de trabajo:<\/strong> Proporcionamos asistencia en la planificaci\u00f3n en la instalaci\u00f3n o renovaci\u00f3n de sus instalaciones de trabajo.<\/p>\n<p><strong>Ayuda para la instalaci\u00f3n:<\/strong> Proporcionamos asistencia exhaustiva en el despliegue de su mobiliario para el servicio.<\/p>\n<p><strong>Equipamiento vers\u00e1til:<\/strong> Nuestros muebles son capaces de adaptarse a diferentes usos y entornos, por lo que son duraderos.<\/p>\n<p>El carro de ordenador m\u00f3vil de AFC mejora la productividad y la eficiencia en entornos de trabajo industriales, de oficina o m\u00e9dicos con sus caracter\u00edsticas vanguardistas, ergon\u00f3micas y de f\u00e1cil uso. Esta l\u00ednea de equipos especializados est\u00e1 dotada de una serie de modernas funcionalidades para ayudar a los profesionales a acceder a los datos con la m\u00e1xima comodidad mientras se desplazan.<\/p>\n<div class=\"desksize\"><\/div>\n<h3 class=\"product-h3\"><span id=\"ctl00_ContentPlaceHolder1_lblImageBottom1\">Carro de ordenador m\u00f3vil Caracter\u00edsticas<\/span><\/h3>\n<p><img decoding=\"async\" id=\"ctl00_ContentPlaceHolder1_imgDetailImageCall\" class=\"img-responsive\" style=\"border-width: 0px\" src=\"https:\/\/afcindustries.com\/wp-content\/uploads\/2022\/01\/772818-mobile-computer-cart-features.jpg\" alt=\"Brazo de monitor de carro de ordenador m\u00f3vil con especificaciones de protecci\u00f3n contra estornudos y tos\" title=\"\"><\/p>\n<div id=\"ctl00_ContentPlaceHolder1_pnlImageContainer\"><\/div>\n<h3 class=\"product-h3\"><span id=\"ctl00_ContentPlaceHolder1_lblImageBottom2\">Carro de ordenador m\u00f3vil M\u00e1s funciones<\/span><\/h3>\n<p><img decoding=\"async\" id=\"ctl00_ContentPlaceHolder1_imgDetailImageCall2\" class=\"img-responsive\" style=\"border-width: 0px\" src=\"https:\/\/afcindustries.com\/wp-content\/uploads\/2022\/01\/772818-mobile-computer-cart-more-features.jpg\" alt=\"Brazo para monitor de carro de ordenador m\u00f3vil con protecci\u00f3n contra estornudos y tos caracter\u00edsticas\" title=\"\"><\/p>\n<h3 class=\"product-h3\"><span id=\"ctl00_ContentPlaceHolder1_lblImageBottom3\">Carro de ordenador m\u00f3vil Caracter\u00edsticas adicionales<\/span><\/h3>\n<p><img decoding=\"async\" id=\"ctl00_ContentPlaceHolder1_imgDetailImageCall3\" class=\"img-responsive\" style=\"border-width: 0px\" src=\"https:\/\/afcindustries.com\/wp-content\/uploads\/2022\/01\/772818-mobile-computer-cart-additional-features.jpg\" alt=\"Especificaciones del brazo de monitor del carro de ordenador m\u00f3vil con protecci\u00f3n contra estornudos y tos\" title=\"\"><\/p>\n","protected":false},"excerpt":{"rendered":"<h1 class=\"product-h3\"><span id=\"ctl00_ContentPlaceHolder1_lblH3\">Carro de ordenador de datos m\u00f3vil con escudo protector incorporado<\/span><\/h1>\n<div class=\"col-md-6 col-sm-6 col-xs-12 detailList\">\n<ul>\n<li style=\"list-style-type: none;\">\n<ul>\n<li>Robusta construcci\u00f3n de la base de acero<\/li>\n<li>Superficie de trabajo en laminado de alta presi\u00f3n<\/li>\n<li>Moldeado del parachoques para mayor comodidad y est\u00e9tica<\/li>\n<li>Ajustes de altura electr\u00f3nicos, control f\u00e1cil y suave<\/li>\n<li>Estante inferior para fijar la CPU o la impresora<\/li>\n<li>Cuatro (4) ruedas con dos (2) ruedas delanteras de bloqueo<\/li>\n<li>Soporte flexible para monitor de brazo en Z<\/li>\n<li>El soporte para monitor de ordenador VESA es compatible con la mayor\u00eda de los tipos<\/li>\n<li>Escudo acr\u00edlico seguro contra estornudos para su protecci\u00f3n<\/li>\n<\/ul>\n<\/li>\n<\/ul>\n<p>&nbsp;<\/p>\n<p>&nbsp;<\/p>\n<\/div>\n<div class=\"col-md-6 col-sm-6 col-xs-12\">\n<ul class=\"ulpdf\">\n<li><a id=\"ctl00_ContentPlaceHolder1_hPDF\" href=\"https:\/\/afcindustries.com\/PDFS\/XPC800-2424-1F-SG-T9-01.PDF\" target=\"_blank\" rel=\"noopener\"><img decoding=\"async\" id=\"ctl00_ContentPlaceHolder1_imgPDF\" style=\"border-width: 0px;\" src=\"https:\/\/afcindustries.com\/images\/pdf.gif\" border=\"0\" \/><span id=\"ctl00_ContentPlaceHolder1_lblPDFSKU\" class=\"pdf\">PDF XPC800-2424-1F-SG-T9-01.pdf<\/span><\/a><\/li>\n<\/ul>\n<\/div>\n","protected":false},"featured_media":42710,"template":"","meta":{"_acf_changed":false,"inline_featured_image":false},"product_brand":[],"product_cat":[3207,1765,1855],"product_tag":[],"class_list":{"0":"post-20116","1":"product","2":"type-product","3":"status-publish","4":"has-post-thumbnail","6":"product_cat-brazo-de-monitor-para-carro-de-ordenador-movil-con-proteccion-contra-estornudos-y-tos","7":"product_cat-carros-de-ordenador-medico","8":"product_cat-soportes-para-monitores-moviles","9":"pa_model-carro-de-ordenador-con-protector-de-estornudos-incorporado","11":"first","12":"instock","13":"product-type-simple"},"acf":[],"_links":{"self":[{"href":"https:\/\/afcindustries.com\/es\/wp-json\/wp\/v2\/product\/20116","targetHints":{"allow":["GET"]}}],"collection":[{"href":"https:\/\/afcindustries.com\/es\/wp-json\/wp\/v2\/product"}],"about":[{"href":"https:\/\/afcindustries.com\/es\/wp-json\/wp\/v2\/types\/product"}],"wp:featuredmedia":[{"embeddable":true,"href":"https:\/\/afcindustries.com\/es\/wp-json\/wp\/v2\/media\/42710"}],"wp:attachment":[{"href":"https:\/\/afcindustries.com\/es\/wp-json\/wp\/v2\/media?parent=20116"}],"wp:term":[{"taxonomy":"product_brand","embeddable":true,"href":"https:\/\/afcindustries.com\/es\/wp-json\/wp\/v2\/product_brand?post=20116"},{"taxonomy":"product_cat","embeddable":true,"href":"https:\/\/afcindustries.com\/es\/wp-json\/wp\/v2\/product_cat?post=20116"},{"taxonomy":"product_tag","embeddable":true,"href":"https:\/\/afcindustries.com\/es\/wp-json\/wp\/v2\/product_tag?post=20116"}],"curies":[{"name":"wp","href":"https:\/\/api.w.org\/{rel}","templated":true}]}}