{"id":20111,"date":"2022-01-29T12:38:32","date_gmt":"2022-01-29T17:38:32","guid":{"rendered":"https:\/\/afcindustries.com\/product\/escritorio-ergonomico\/"},"modified":"2024-11-29T16:55:42","modified_gmt":"2024-11-29T21:55:42","slug":"escritorio-ergonomico","status":"publish","type":"product","link":"https:\/\/afcindustries.com\/es\/producto\/escritorio-ergonomico\/","title":{"rendered":"Escritorio ergon\u00f3mico"},"content":{"rendered":"<h2>Escritorio ajustable<\/h2>\n<div id=\"color_choice\">\n<div id=\"ctl00_ContentPlaceHolder1_color1_pnlColor\" class=\"option-Style-Panel1\">\n<div class=\"color-container\">\n<div class=\"color-item\">\n<div id=\"Cream\" class=\"color-item-big\"><img decoding=\"async\" src=\"https:\/\/afcindustries.com\/wp-content\/uploads\/2022\/01\/Cream-1.jpg\" alt=\"Crema\" title=\"\"><\/div>\n<\/div>\n<\/div>\n<\/div>\n<\/div>\n<p>&nbsp;<\/p>\n<div class=\"desksize\">\n<div id=\"ctl00_ContentPlaceHolder1_DeskSize_Panel1\" class=\"option-Style-Panel1\">\n<div class=\"desksize\"><span id=\"ctl00_ContentPlaceHolder1_DeskSize_Label1\">Especificaciones del tama\u00f1o del escritorio <\/span><\/div>\n<div>\n<table id=\"ctl00_ContentPlaceHolder1_DeskSize_GridView1\" class=\"table-vk table table-hover\" style=\"background-color: white;border-style: None;border-collapse: collapse\" border=\"1\" rules=\"all\" cellspacing=\"0\">\n<tbody>\n<tr>\n<th scope=\"col\">En forma de mesa<\/th>\n<th scope=\"col\">Anchura de la tabla<\/th>\n<th scope=\"col\">Profundidad de la mesa<\/th>\n<th scope=\"col\">Altura de la mesa<\/th>\n<\/tr>\n<tr>\n<td><a id=\"ctl00_ContentPlaceHolder1_DeskSize_GridView1_ctl02_hImage\" href=\"https:\/\/afcindustries.com\/ergonomic-hexagon-table-shape-d146\"><img decoding=\"async\" id=\"ctl00_ContentPlaceHolder1_DeskSize_GridView1_ctl02_imgProductRelated\" style=\"border-width: 0px\" src=\"https:\/\/afcindustries.com\/wp-content\/uploads\/2022\/01\/Ergonomic-Hexagon.jpg\" alt=\"\" title=\"\"><\/a><\/td>\n<td><span id=\"ctl00_ContentPlaceHolder1_DeskSize_GridView1_ctl02_lbltableWidth\">60&#8243;, 72&#8243;, 84&#8243;, 96&#8243;<\/span><\/td>\n<td><span id=\"ctl00_ContentPlaceHolder1_DeskSize_GridView1_ctl02_lbltableDepth\">24&#8243;, 30&#8243;, 36&#8243;<\/span><\/td>\n<td><span id=\"ctl00_ContentPlaceHolder1_DeskSize_GridView1_ctl02_lblTableHeight\">28&#8243; a 47&#8243;<\/span><\/td>\n<\/tr>\n<\/tbody>\n<\/table>\n<\/div>\n<\/div>\n<\/div>\n<h3 class=\"product-h3\"><span id=\"ctl00_ContentPlaceHolder1_lblImageBottom1\">Botones de control del escritorio el\u00e9ctrico ergon\u00f3mico<\/span><\/h3>\n<p><img decoding=\"async\" id=\"ctl00_ContentPlaceHolder1_imgDetailImageCall\" class=\"img-responsive\" style=\"border-width: 0px\" src=\"https:\/\/afcindustries.com\/wp-content\/uploads\/2022\/01\/772204-ergonomic-electric-desk-control-buttons.jpg\" alt=\"escritorio el\u00e9ctrico ergon\u00f3mico con botones de control\" title=\"\"><\/p>\n<div id=\"ctl00_ContentPlaceHolder1_pnlImageContainer\"><\/div>\n<h3 class=\"product-h3\"><span id=\"ctl00_ContentPlaceHolder1_lblImageBottom2\">Escritorio el\u00e9ctrico ergon\u00f3mico Caracter\u00edsticas<\/span><\/h3>\n<p><img decoding=\"async\" id=\"ctl00_ContentPlaceHolder1_imgDetailImageCall2\" class=\"img-responsive\" style=\"border-width: 0px\" src=\"https:\/\/afcindustries.com\/wp-content\/uploads\/2022\/01\/772204-ergonomic-electric-desk-features.jpg\" alt=\"caracter\u00edsticas del escritorio el\u00e9ctrico ergon\u00f3mico\" title=\"\"><\/p>\n<h3 class=\"product-h3\"><span id=\"ctl00_ContentPlaceHolder1_lblImageBottom3\">Escritorio el\u00e9ctrico ergon\u00f3mico M\u00e1s caracter\u00edsticas<\/span><\/h3>\n<p><img decoding=\"async\" id=\"ctl00_ContentPlaceHolder1_imgDetailImageCall3\" class=\"img-responsive\" style=\"border-width: 0px\" src=\"https:\/\/afcindustries.com\/wp-content\/uploads\/2022\/01\/772204-ergonomic-electric-desk-more-features.jpg\" alt=\"accesorios para escritorios el\u00e9ctricos ergon\u00f3micos\" title=\"\"><\/p>\n<p>&nbsp;<\/p>\n<ul>\n<li><strong>El mejor dise\u00f1o ergon\u00f3mico y c\u00f3modo:<\/strong> Dise\u00f1ado para la comodidad para reducir el estr\u00e9s y mantener la postura durante el trabajo.<\/li>\n<li><strong>Mantiene una buena salud:<\/strong> Elimina las lesiones por esfuerzo repetitivo (RSI), los dolores musculares, las molestias corporales, la tensi\u00f3n ocular y la fatiga. Aumenta la productividad y la circulaci\u00f3n sangu\u00ednea saludable.<\/li>\n<li><strong>F\u00e1cil de usar:<\/strong> f\u00e1cil de manejar sin necesidad de horas de formaci\u00f3n del usuario. Muy f\u00e1cil de configurar para adaptarse a las preferencias de cada usuario.<\/li>\n<li><strong>Iluminaci\u00f3n de escritorio preparada:<\/strong> Minimiza el cansancio ocular y la fatiga asociada y maximiza la precisi\u00f3n visual proporcionando una iluminaci\u00f3n adecuada.<\/li>\n<li><strong>Acceso a puertos de datos y tomas de corriente:<\/strong> Aumenta la productividad y la eficiencia gracias a la facilidad de acceso a los puertos de datos y las tomas de corriente.<\/li>\n<li><strong>Superficie de escritorio y bordes laminados de primera calidad:<\/strong> Las superficies de escritorio laminadas, los bordes lisos y las esquinas eliminan el riesgo de lesiones. Tambi\u00e9n mantiene el escritorio limpio y liso.<\/li>\n<li><strong>Colocaci\u00f3n correcta de la CPU del ordenador:<\/strong> La CPU del ordenador se encuentra fuera de peligro, lo que permite a los usuarios moverse libremente.<\/li>\n<li><strong>Gesti\u00f3n limpia de los cables:<\/strong> Los cables est\u00e1n ocultos de forma segura para eliminar el riesgo de accidentes que pueda causar a personas o equipos.<\/li>\n<li><strong>Construido seg\u00fan las especificaciones:<\/strong> Se puede especificar para acomodar las necesidades \u00fanicas y el entorno de trabajo de los usuarios individuales antes de la fabricaci\u00f3n.<\/li>\n<li><strong>Garantizado con la garant\u00eda del producto:<\/strong> Cubierto con la garant\u00eda de producto del fabricante que da seguridad a los compradores en caso de que el producto no cumpla con las expectativas.<\/li>\n<li><strong>Equipo de fabricaci\u00f3n de confianza:<\/strong> Nuestros dise\u00f1adores, ingenieros y fabricantes utilizan sus habilidades y talentos para ofrecerle el producto de mayor calidad que usted merece.<\/li>\n<li><strong>Asistencia en la planificaci\u00f3n del espacio de trabajo:<\/strong> Proporcionamos asistencia en la planificaci\u00f3n en la instalaci\u00f3n o renovaci\u00f3n de sus instalaciones de trabajo.<\/li>\n<li><strong>Ayuda para la instalaci\u00f3n:<\/strong> Proporcionamos asistencia exhaustiva en el despliegue de su mobiliario para el servicio.<\/li>\n<li><strong>Muebles de escritorio vers\u00e1tiles:<\/strong> Nuestros muebles son capaces de adaptarse a diferentes usos y entornos, por lo que son duraderos.<\/li>\n<\/ul>\n<p>AFC fabrica equipos de mobiliario de alta calidad que superan las expectativas est\u00e1ndar de practicidad, funcionalidad y ergonom\u00eda. Nuestros productos est\u00e1n garantizados con una garant\u00eda total del producto. Construimos productos que ofrecen a nuestros clientes la tranquilidad de obtener el m\u00e1ximo rendimiento de su inversi\u00f3n.<\/p>\n<p>P\u00f3ngase en contacto con nosotros para una consulta gratuita con nuestro amable y servicial especialista en mobiliario t\u00e9cnico ergon\u00f3mico.<\/p>\n","protected":false},"excerpt":{"rendered":"<h1 class=\"product-h3\"><span id=\"ctl00_ContentPlaceHolder1_lblH3\">Escritorio de pie<br \/>\n<\/span><\/h1>\n<p>Este escritorio ergon\u00f3mico cuenta con ajuste electr\u00f3nico de la altura, soporte de sujeci\u00f3n para dos monitores, soporte para CPU bajo el escritorio y ruedas giratorias con un juego frontal bloqueable. El escritorio est\u00e1 dotado de una suave moldura en los bordes y la superficie est\u00e1 laminada para ofrecer a sus usuarios una sensaci\u00f3n de confort de primera calidad.<\/p>\n<p>El escritorio ajustable est\u00e1 elaborado con una meticulosa atenci\u00f3n al detalle en cuanto a su funcionalidad, durabilidad y est\u00e9tica. El escritorio elevable consigue un ajuste preciso y una movilidad suave para ofrecer un confort \u00f3ptimo que maximice la productividad del usuario en cualquier entorno de trabajo.<\/p>\n<div class=\"col-md-6 col-sm-6 col-xs-12 detailList\">\n<ul>\n<li>Altura regulable electr\u00f3nicamente: de 28&#8243; a 47&#8243; desde el suelo<\/li>\n<li>Forma ergon\u00f3mica de la superficie de trabajo en forma de hex\u00e1gono con moldura en forma de parachoques<\/li>\n<li>Soporte de CPU ajustable (13-25)<\/li>\n<li>Brazo articulado doble con abrazadera en un poste de 18&#8243; para dos monitores<\/li>\n<li>Cinco ruedas de 4&#8243; (dos delanteras con bloqueo)<\/li>\n<\/ul>\n<p>&nbsp;<\/p>\n<\/div>\n<div class=\"col-md-6 col-sm-6 col-xs-12\">\n<ul class=\"ulpdf\">\n<li><a id=\"ctl00_ContentPlaceHolder1_hPDF\" href=\"https:\/\/afcindustries.com\/PDFS\/EH8436_B_EH_0000_2FZ_1C_0_00_00_01.PDF\" target=\"_blank\" rel=\"noopener\"><img decoding=\"async\" id=\"ctl00_ContentPlaceHolder1_imgPDF\" style=\"border-width: 0px;\" src=\"https:\/\/afcindustries.com\/images\/pdf.gif\" border=\"0\" \/><span id=\"ctl00_ContentPlaceHolder1_lblPDFSKU\" class=\"pdf\">PDF EH8436.pdf<\/span><\/a><\/li>\n<li><a id=\"ctl00_ContentPlaceHolder1_hPDF_instrcution\" href=\"https:\/\/afcindustries.com\/PDF_INSTRUCTION\/HEIGHT%20ADJUSTMENT%20CONTROL%20MANUAL.PDF\" target=\"_blank\" rel=\"noopener\"><img decoding=\"async\" id=\"ctl00_ContentPlaceHolder1_imgPDF_instrcution\" style=\"border-width: 0px;\" src=\"https:\/\/afcindustries.com\/images\/pdf-instruction.png\" border=\"0\" \/><span id=\"ctl00_ContentPlaceHolder1_lblPDF_instrcution\" class=\"pdf\">Manual de control de ajuste de altura<\/span><\/a><\/li>\n<\/ul>\n<p>&nbsp;<\/p>\n<ul class=\"ulpdf\">\n<li>Altura: de 28&#8243; a 47&#8243;.<\/li>\n<li>Anchura: 84&#8243;.<\/li>\n<li>Profundidad: 36&#8243;.<\/li>\n<\/ul>\n<\/div>\n","protected":false},"featured_media":41081,"template":"","meta":{"_acf_changed":false,"inline_featured_image":false},"product_brand":[],"product_cat":[3185,1788,1789],"product_tag":[],"class_list":{"0":"post-20111","1":"product","2":"type-product","3":"status-publish","4":"has-post-thumbnail","6":"product_cat-escritorio-ergonomico","7":"product_cat-escritorios-de-pie","8":"product_cat-escritorios-de-un-solo-nivel","9":"pa_model-st8436_b_st-es","11":"first","12":"instock","13":"product-type-simple"},"acf":[],"_links":{"self":[{"href":"https:\/\/afcindustries.com\/es\/wp-json\/wp\/v2\/product\/20111","targetHints":{"allow":["GET"]}}],"collection":[{"href":"https:\/\/afcindustries.com\/es\/wp-json\/wp\/v2\/product"}],"about":[{"href":"https:\/\/afcindustries.com\/es\/wp-json\/wp\/v2\/types\/product"}],"wp:featuredmedia":[{"embeddable":true,"href":"https:\/\/afcindustries.com\/es\/wp-json\/wp\/v2\/media\/41081"}],"wp:attachment":[{"href":"https:\/\/afcindustries.com\/es\/wp-json\/wp\/v2\/media?parent=20111"}],"wp:term":[{"taxonomy":"product_brand","embeddable":true,"href":"https:\/\/afcindustries.com\/es\/wp-json\/wp\/v2\/product_brand?post=20111"},{"taxonomy":"product_cat","embeddable":true,"href":"https:\/\/afcindustries.com\/es\/wp-json\/wp\/v2\/product_cat?post=20111"},{"taxonomy":"product_tag","embeddable":true,"href":"https:\/\/afcindustries.com\/es\/wp-json\/wp\/v2\/product_tag?post=20111"}],"curies":[{"name":"wp","href":"https:\/\/api.w.org\/{rel}","templated":true}]}}