{"id":20109,"date":"2022-01-29T12:36:38","date_gmt":"2022-01-29T17:36:38","guid":{"rendered":"https:\/\/afcindustries.com\/product\/soporte-de-escritorio-para-monitor-de-ordenador-con-brazo-para-teclado\/"},"modified":"2024-11-29T17:39:03","modified_gmt":"2024-11-29T22:39:03","slug":"soporte-de-escritorio-para-monitor-de-ordenador-con-brazo-para-teclado","status":"publish","type":"product","link":"https:\/\/afcindustries.com\/es\/producto\/soporte-de-escritorio-para-monitor-de-ordenador-con-brazo-para-teclado\/","title":{"rendered":"Soporte de escritorio para monitor de ordenador con brazo para teclado"},"content":{"rendered":"<h2>Monitor de ordenador con soporte de brazo de bandeja de teclado<\/h2>\n<div id=\"color_choice\"><\/div>\n<p>Este monitor de ordenador montado en el escritorio con un soporte de brazo de teclado elimina la posici\u00f3n de trabajo est\u00e1tica prolongada que es peligrosa para la salud. Permite a los usuarios ajustar c\u00f3modamente las posiciones de trabajo que les permiten evitar los dolores de espalda y cuello, y el estr\u00e9s ocular.<\/p>\n<p>Se trata de un monitor de ordenador con un soporte de brazo con bandeja para el teclado que puede ajustarse a las posiciones preferidas del usuario para facilitar la comodidad en el trabajo, ya sea sentado o de pie, lo que ayuda a evitar la postura sedentaria que provoca el estr\u00e9s corporal que incapacita a los trabajadores para trabajar correctamente.<\/p>\n<p>Un monitor montado en el escritorio con un soporte para el brazo del teclado que tambi\u00e9n mejora la productividad mediante la optimizaci\u00f3n del espacio de trabajo. Dise\u00f1ado para ocupar menos espacio que permita tener otros dispositivos de trabajo esenciales al alcance del usuario para mejorar la accesibilidad y la productividad.<\/p>\n<p><strong>Dise\u00f1o robusto:<\/strong> Equipo duradero dise\u00f1ado y construido para durar<\/p>\n<p><strong>F\u00e1cil de usar:<\/strong> Muy f\u00e1cil de configurar para adaptarse a las distintas preferencias de los usuarios.<\/p>\n<p><strong>Gesti\u00f3n limpia de los cables:<\/strong> Los cables est\u00e1n ocultos de forma segura para eliminar el riesgo de accidentes que pueda causar a personas o equipos.<\/p>\n<p><strong>Construido seg\u00fan las especificaciones:<\/strong> Se puede especificar para acomodar las necesidades \u00fanicas y el entorno de trabajo de los usuarios individuales antes de la fabricaci\u00f3n.<\/p>\n<p><strong>Garantizado con la garant\u00eda del producto:<\/strong> Cubierto con la garant\u00eda de producto del fabricante que da seguridad a los compradores en caso de que el producto no cumpla con las expectativas.<\/p>\n<p><strong>Equipo de fabricaci\u00f3n de confianza:<\/strong> Nuestros dise\u00f1adores, ingenieros y fabricantes utilizan sus habilidades y talentos para ofrecerle el producto de mayor calidad que usted merece.<\/p>\n<p><strong>Asistencia en la planificaci\u00f3n del espacio de trabajo:<\/strong> Proporcionamos asistencia en la planificaci\u00f3n en la instalaci\u00f3n o renovaci\u00f3n de sus instalaciones de trabajo.<\/p>\n<p><strong>Ayuda para la instalaci\u00f3n:<\/strong> Proporcionamos asistencia exhaustiva en el despliegue de su mobiliario para el servicio.<\/p>\n<p><strong>Equipos vers\u00e1tiles:<\/strong> Nuestros equipos son capaces de adaptarse a diferentes usos y entornos, por lo que son duraderos.<\/p>\n<p>AFC fabrica equipos de mobiliario de alta calidad que superan las expectativas est\u00e1ndar de practicidad, funcionalidad y ergonom\u00eda. Nuestros productos est\u00e1n garantizados con una garant\u00eda total del producto. Construimos productos que ofrecen a nuestros clientes la tranquilidad de obtener el m\u00e1ximo rendimiento de su inversi\u00f3n.<\/p>\n<p>P\u00f3ngase en contacto con nosotros para una consulta gratuita con nuestro amable y servicial especialista en mobiliario t\u00e9cnico ergon\u00f3mico.<\/p>\n<div class=\"desksize\"><\/div>\n","protected":false},"excerpt":{"rendered":"<h1 class=\"product-h3\"><span id=\"ctl00_ContentPlaceHolder1_lblH3\">Soporte de monitor de sobremesa con brazo para teclado<\/span><\/h1>\n","protected":false},"featured_media":15994,"template":"","meta":{"_acf_changed":false,"inline_featured_image":false},"product_brand":[],"product_cat":[3172,1758,1948],"product_tag":[],"class_list":{"0":"post-20109","1":"product","2":"type-product","3":"status-publish","4":"has-post-thumbnail","6":"product_cat-soporte-de-escritorio-para-monitor-de-ordenador-con-brazo-para-teclado","7":"product_cat-soportes-ergonomicos","8":"product_cat-todos-los-soportes-ergonomicos","10":"first","11":"instock","12":"product-type-simple"},"acf":[],"_links":{"self":[{"href":"https:\/\/afcindustries.com\/es\/wp-json\/wp\/v2\/product\/20109","targetHints":{"allow":["GET"]}}],"collection":[{"href":"https:\/\/afcindustries.com\/es\/wp-json\/wp\/v2\/product"}],"about":[{"href":"https:\/\/afcindustries.com\/es\/wp-json\/wp\/v2\/types\/product"}],"wp:featuredmedia":[{"embeddable":true,"href":"https:\/\/afcindustries.com\/es\/wp-json\/wp\/v2\/media\/15994"}],"wp:attachment":[{"href":"https:\/\/afcindustries.com\/es\/wp-json\/wp\/v2\/media?parent=20109"}],"wp:term":[{"taxonomy":"product_brand","embeddable":true,"href":"https:\/\/afcindustries.com\/es\/wp-json\/wp\/v2\/product_brand?post=20109"},{"taxonomy":"product_cat","embeddable":true,"href":"https:\/\/afcindustries.com\/es\/wp-json\/wp\/v2\/product_cat?post=20109"},{"taxonomy":"product_tag","embeddable":true,"href":"https:\/\/afcindustries.com\/es\/wp-json\/wp\/v2\/product_tag?post=20109"}],"curies":[{"name":"wp","href":"https:\/\/api.w.org\/{rel}","templated":true}]}}