{"id":20108,"date":"2022-01-29T12:36:42","date_gmt":"2022-01-29T17:36:42","guid":{"rendered":"https:\/\/afcindustries.com\/product\/soporte-de-pared-ajustable-para-cpu\/"},"modified":"2024-11-29T17:39:03","modified_gmt":"2024-11-29T22:39:03","slug":"soporte-de-pared-ajustable-para-cpu","status":"publish","type":"product","link":"https:\/\/afcindustries.com\/es\/producto\/soporte-de-pared-ajustable-para-cpu\/","title":{"rendered":"Soporte de pared ajustable para CPU"},"content":{"rendered":"<h2>Soporte para CPU de pared<\/h2>\n<div id=\"color_choice\">\n<div id=\"ctl00_ContentPlaceHolder1_color1_pnlColor\" class=\"option-Style-Panel1\">\n<div class=\"color-container\">\n<div class=\"color-item\">\n<div id=\"White\" class=\"color-item-big\"><img decoding=\"async\" src=\"https:\/\/afcindustries.com\/wp-content\/uploads\/2022\/01\/White-1.jpg\" alt=\"Blanco\" title=\"\"><\/div>\n<\/div>\n<\/div>\n<\/div>\n<\/div>\n<p>Un soporte de pared para CPU que se adapta a la mayor\u00eda de los tama\u00f1os de carcasas de CPU. Altura ajustable mediante el uso de la fijaci\u00f3n del carril de la pared.<\/p>\n<div class=\"desksize\"><\/div>\n","protected":false},"excerpt":{"rendered":"<h1 class=\"product-h3\"><span id=\"ctl00_ContentPlaceHolder1_lblH3\">Soporte de CPU ajustable de pared<\/span><\/h1>\n<div class=\"col-md-6 col-sm-6 col-xs-12 detailList\">\n<ul>\n<li>Altura ajustable mediante el riel<\/li>\n<li>Soluci\u00f3n de ahorro de espacio para entornos de oficina<\/li>\n<li>Soporte para CPU con forma personalizada<\/li>\n<\/ul>\n<p>&nbsp;<\/p>\n<p>&nbsp;<\/p>\n<\/div>\n<div class=\"col-md-6 col-sm-6 col-xs-12\">\n<ul class=\"ulpdf\">\n<li><a id=\"ctl00_ContentPlaceHolder1_hPDF\" href=\"https:\/\/afcindustries.com\/PDFS\/CPU-102.PDF\" target=\"_blank\" rel=\"noopener\"><img decoding=\"async\" id=\"ctl00_ContentPlaceHolder1_imgPDF\" style=\"border-width: 0px;\" src=\"https:\/\/afcindustries.com\/images\/pdf.gif\" border=\"0\" \/><span id=\"ctl00_ContentPlaceHolder1_lblPDFSKU\" class=\"pdf\">PDF CPU-102.pdf<\/span><\/a><\/li>\n<\/ul>\n<ul>\n<li>\n<ul class=\"specPreview\">\n<li>Altura<\/li>\n<li>7.125&#8243;<\/li>\n<\/ul>\n<p>&nbsp;<\/li>\n<li>\n<ul class=\"specPreview\">\n<li>Anchura<\/li>\n<li>10&#8243;<\/li>\n<\/ul>\n<p>&nbsp;<\/li>\n<li>\n<ul class=\"specPreview\">\n<li>Profundidad<\/li>\n<li>2.0&#8243; &#8211; 5.5&#8243;<\/li>\n<\/ul>\n<p>&nbsp;<\/li>\n<\/ul>\n<\/div>\n","protected":false},"featured_media":16030,"template":"","meta":{"_acf_changed":false,"inline_featured_image":false},"product_brand":[],"product_cat":[1783,3165,2881,1784],"product_tag":[],"class_list":{"0":"post-20108","1":"product","2":"type-product","3":"status-publish","4":"has-post-thumbnail","6":"product_cat-accesorios","7":"product_cat-soporte-de-pared-ajustable-para-cpu","8":"product_cat-soporte-de-pared-para-cpu-de-ordenador","9":"product_cat-todos-los-accesorios","11":"first","12":"instock","13":"product-type-simple"},"acf":[],"_links":{"self":[{"href":"https:\/\/afcindustries.com\/es\/wp-json\/wp\/v2\/product\/20108","targetHints":{"allow":["GET"]}}],"collection":[{"href":"https:\/\/afcindustries.com\/es\/wp-json\/wp\/v2\/product"}],"about":[{"href":"https:\/\/afcindustries.com\/es\/wp-json\/wp\/v2\/types\/product"}],"wp:featuredmedia":[{"embeddable":true,"href":"https:\/\/afcindustries.com\/es\/wp-json\/wp\/v2\/media\/16030"}],"wp:attachment":[{"href":"https:\/\/afcindustries.com\/es\/wp-json\/wp\/v2\/media?parent=20108"}],"wp:term":[{"taxonomy":"product_brand","embeddable":true,"href":"https:\/\/afcindustries.com\/es\/wp-json\/wp\/v2\/product_brand?post=20108"},{"taxonomy":"product_cat","embeddable":true,"href":"https:\/\/afcindustries.com\/es\/wp-json\/wp\/v2\/product_cat?post=20108"},{"taxonomy":"product_tag","embeddable":true,"href":"https:\/\/afcindustries.com\/es\/wp-json\/wp\/v2\/product_tag?post=20108"}],"curies":[{"name":"wp","href":"https:\/\/api.w.org\/{rel}","templated":true}]}}