{"id":20102,"date":"2022-01-29T12:36:59","date_gmt":"2022-01-29T17:36:59","guid":{"rendered":"https:\/\/afcindustries.com\/product\/bandeja-de-plastico-retractil-para-teclados-montada-en-la-pared\/"},"modified":"2024-11-29T17:39:03","modified_gmt":"2024-11-29T22:39:03","slug":"bandeja-de-plastico-retractil-para-teclados-montada-en-la-pared","status":"publish","type":"product","link":"https:\/\/afcindustries.com\/es\/producto\/bandeja-de-plastico-retractil-para-teclados-montada-en-la-pared\/","title":{"rendered":"Bandeja de pl\u00e1stico retr\u00e1ctil para teclados montada en la pared"},"content":{"rendered":"<h2>Bandeja para teclado de montaje en pared que ahorra espacio<\/h2>\n<div id=\"color_choice\"><\/div>\n<p>Una bandeja de teclado de ordenador ergon\u00f3mica de pol\u00edmero s\u00f3lido antideslizante de primera calidad con bandeja deslizante para el rat\u00f3n que puede acomodar todos los tama\u00f1os de teclados de ordenador. Su dise\u00f1o ergon\u00f3mico proporciona un uso c\u00f3modo, ya que tiene un buen espacio para que el usuario apoye las manos.<\/p>\n<p>Una bandeja ergon\u00f3mica para el teclado ayudar\u00e1 a reducir el estr\u00e9s del usuario del ordenador cuando lo maneje. Esta bandeja de pl\u00e1stico para el teclado del ordenador tiene unas dimensiones suficientemente amplias para que el usuario pueda colocar sus manos c\u00f3modamente mientras utiliza el teclado.<\/p>\n<p>Soporte retr\u00e1ctil de pared para teclado con bandeja para rat\u00f3n que ahorra espacio. Hecho de pol\u00edmero moldeado duradero superficie antideslizante base de pl\u00e1stico. Bandeja met\u00e1lica retr\u00e1ctil con revestimiento antioxidante y bandeja deslizante para el rat\u00f3n en el lado izquierdo o derecho. La superficie rugosa de la bandeja para el teclado ha sido dise\u00f1ada para que la tracci\u00f3n mantenga el teclado del ordenador en su sitio y el labio frontal evita que el teclado se deslice.<\/p>\n<p>Fabricamos equipos de mobiliario ergon\u00f3mico de alta calidad que superan las expectativas est\u00e1ndar de practicidad y funcionalidad. Nuestros productos est\u00e1n garantizados con una garant\u00eda total del producto. Fabricamos productos que ofrecen a nuestros clientes la tranquilidad de obtener el m\u00e1ximo rendimiento de su inversi\u00f3n.<\/p>\n<p>P\u00f3ngase en contacto con nosotros para una consulta gratuita con nuestro amable y servicial especialista en equipamiento t\u00e9cnico de mobiliario ergon\u00f3mico.<\/p>\n<div class=\"desksize\"><\/div>\n<h3 class=\"product-h3\"><span id=\"ctl00_ContentPlaceHolder1_lblImageBottom1\">Bandeja de pl\u00e1stico retr\u00e1ctil para teclado con bandeja deslizante para rat\u00f3n<\/span><\/h3>\n<p><img decoding=\"async\" id=\"ctl00_ContentPlaceHolder1_imgDetailImageCall\" class=\"img-responsive\" style=\"border-width: 0px\" src=\"https:\/\/afcindustries.com\/wp-content\/uploads\/2022\/01\/772463-retractable-wall-mounted-plastic-keyboard-tray-with-sliding-mouse-tray.jpg\" alt=\"Bandeja de pl\u00e1stico retr\u00e1ctil para teclado con bandeja deslizante para rat\u00f3n\" title=\"\"><\/p>\n<div id=\"ctl00_ContentPlaceHolder1_pnlImageContainer\"><\/div>\n<h3 class=\"product-h3\"><span id=\"ctl00_ContentPlaceHolder1_lblImageBottom2\">Bandeja de pl\u00e1stico para teclado montada en la pared con bandeja deslizante para rat\u00f3n<\/span><\/h3>\n<p><img decoding=\"async\" id=\"ctl00_ContentPlaceHolder1_imgDetailImageCall2\" class=\"img-responsive\" style=\"border-width: 0px\" src=\"https:\/\/afcindustries.com\/wp-content\/uploads\/2022\/01\/772463-wall-mounted-plastic-keyboard-tray-with-sliding-mouse-tray.jpg\" alt=\"Bandeja de pl\u00e1stico para teclado montada en la pared con bandeja deslizante para rat\u00f3n\" title=\"\"><\/p>\n<h3 class=\"product-h3\"><\/h3>\n","protected":false},"excerpt":{"rendered":"<h1 class=\"product-h3\"><span id=\"ctl00_ContentPlaceHolder1_lblH3\">Bandeja deslizante para teclado montada en la pared Caracter\u00edsticas<\/span><\/h1>\n<div class=\"col-md-6 col-sm-6 col-xs-12 detailList\">\n<ul>\n<li>Funci\u00f3n retr\u00e1ctil montada en la pared<\/li>\n<li>Construido con materiales industriales de alta calidad<\/li>\n<li>Superficie de pl\u00e1stico antideslizante<\/li>\n<li>Bandeja de rat\u00f3n deslizante de izquierda a derecha<\/li>\n<li>Incluye un soporte universal para el rat\u00f3n<\/li>\n<li>La bandeja retr\u00e1ctil puede guardarse debajo cuando no se utiliza<\/li>\n<li>Dise\u00f1o que ahorra espacio para entornos de oficina reducidos<\/li>\n<li>Dise\u00f1o ergon\u00f3mico con flexibilidad y durabilidad<\/li>\n<\/ul>\n<p>&nbsp;<\/p>\n<p>&nbsp;<\/p>\n<\/div>\n<div class=\"col-md-6 col-sm-6 col-xs-12\">\n<ul class=\"ulpdf\">\n<li><a id=\"ctl00_ContentPlaceHolder1_hPDF\" href=\"https:\/\/afcindustries.com\/PDFS\/772463_PDF.PDF\" target=\"_blank\" rel=\"noopener\"><img decoding=\"async\" id=\"ctl00_ContentPlaceHolder1_imgPDF\" style=\"border-width: 0px;\" src=\"https:\/\/afcindustries.com\/images\/pdf.gif\" border=\"0\" \/><span id=\"ctl00_ContentPlaceHolder1_lblPDFSKU\" class=\"pdf\">PDF 772463_pdf.PDF<\/span><\/a><\/li>\n<\/ul>\n<ul>\n<li>\n<ul class=\"specPreview\">\n<li>Altura<\/li>\n<li>&#8211; 5 pulgadas<\/li>\n<\/ul>\n<p>&nbsp;<\/li>\n<li>\n<ul class=\"specPreview\">\n<li>Anchura<\/li>\n<li>&#8211; 21 pulgadas<\/li>\n<\/ul>\n<p>&nbsp;<\/li>\n<li>\n<ul class=\"specPreview\">\n<li>Profundidad<\/li>\n<li>&#8211; De 12 a 19 pulgadas<\/li>\n<\/ul>\n<p>&nbsp;<\/li>\n<\/ul>\n<\/div>\n","protected":false},"featured_media":16139,"template":"","meta":{"_acf_changed":false,"inline_featured_image":false},"product_brand":[],"product_cat":[1783,3163,1784],"product_tag":[],"class_list":{"0":"post-20102","1":"product","2":"type-product","3":"status-publish","4":"has-post-thumbnail","6":"product_cat-accesorios","7":"product_cat-bandeja-de-plastico-retractil-para-teclados-montada-en-la-pared","8":"product_cat-todos-los-accesorios","9":"pa_model-wm-tr-es","11":"first","12":"instock","13":"product-type-simple"},"acf":[],"_links":{"self":[{"href":"https:\/\/afcindustries.com\/es\/wp-json\/wp\/v2\/product\/20102","targetHints":{"allow":["GET"]}}],"collection":[{"href":"https:\/\/afcindustries.com\/es\/wp-json\/wp\/v2\/product"}],"about":[{"href":"https:\/\/afcindustries.com\/es\/wp-json\/wp\/v2\/types\/product"}],"wp:featuredmedia":[{"embeddable":true,"href":"https:\/\/afcindustries.com\/es\/wp-json\/wp\/v2\/media\/16139"}],"wp:attachment":[{"href":"https:\/\/afcindustries.com\/es\/wp-json\/wp\/v2\/media?parent=20102"}],"wp:term":[{"taxonomy":"product_brand","embeddable":true,"href":"https:\/\/afcindustries.com\/es\/wp-json\/wp\/v2\/product_brand?post=20102"},{"taxonomy":"product_cat","embeddable":true,"href":"https:\/\/afcindustries.com\/es\/wp-json\/wp\/v2\/product_cat?post=20102"},{"taxonomy":"product_tag","embeddable":true,"href":"https:\/\/afcindustries.com\/es\/wp-json\/wp\/v2\/product_tag?post=20102"}],"curies":[{"name":"wp","href":"https:\/\/api.w.org\/{rel}","templated":true}]}}