{"id":20094,"date":"2022-01-29T12:36:38","date_gmt":"2022-01-29T17:36:38","guid":{"rendered":"https:\/\/afcindustries.com\/product\/brazo-horizontal-para-monitor-de-pared-montado-en-riel\/"},"modified":"2024-11-29T17:38:45","modified_gmt":"2024-11-29T22:38:45","slug":"brazo-horizontal-para-monitor-de-pared-montado-en-riel","status":"publish","type":"product","link":"https:\/\/afcindustries.com\/es\/producto\/brazo-horizontal-para-monitor-de-pared-montado-en-riel\/","title":{"rendered":"Brazo horizontal para monitor de pared montado en riel"},"content":{"rendered":"<h2>Brazo horizontal para monitor montado en riel<\/h2>\n<div id=\"color_choice\">\n<div id=\"ctl00_ContentPlaceHolder1_color1_pnlColor\" class=\"option-Style-Panel1\">\n<div class=\"color-container\">\n<div class=\"color-item\">\n<div id=\"White\" class=\"color-item-big\"><img decoding=\"async\" src=\"https:\/\/afcindustries.com\/wp-content\/uploads\/2022\/01\/White-1.jpg\" alt=\"Blanco\" title=\"\"><\/div>\n<\/div>\n<\/div>\n<\/div>\n<\/div>\n<p>Este soporte de brazo horizontal para monitor de pared con rieles se ajusta horizontalmente en dos rieles de 18 pulgadas con topes de seguridad en ambos extremos. Ofrece soluciones ajustables en altura, de bajo perfil, que ahorran espacio y son f\u00e1ciles de usar.<\/p>\n<p>El soporte de pared es c\u00f3modo en posici\u00f3n sentada o de pie. Cuando no se utiliza, se pliega perfectamente a la pared, recogido y discreto.<\/p>\n<p><strong>El mejor dise\u00f1o ergon\u00f3mico y c\u00f3modo:<\/strong> Dise\u00f1ado para la comodidad para reducir el estr\u00e9s y mantener la postura durante el trabajo.<\/p>\n<p><strong>Soluci\u00f3n de montaje firme:<\/strong>nuestros muebles pueden sujetarse firmemente a las paredes, suelos o techos y pueden soportar el peso adicional de su equipo.<\/p>\n<p><strong>F\u00e1cil de usar:<\/strong> f\u00e1cil de manejar sin necesidad de horas de formaci\u00f3n del usuario. Muy f\u00e1cil de configurar para adaptarse a las preferencias de cada usuario.<\/p>\n<p><strong>Colocaci\u00f3n correcta de la CPU del ordenador:<\/strong> La CPU del ordenador se encuentra fuera de peligro, lo que permite a los usuarios moverse libremente.<\/p>\n<p><strong>Construido seg\u00fan las especificaciones:<\/strong> Se puede especificar para acomodar las necesidades \u00fanicas y el entorno de trabajo de los usuarios individuales antes de la fabricaci\u00f3n.<\/p>\n<p><strong>Garantizado con la garant\u00eda del producto:<\/strong> Cubierto con la garant\u00eda de producto del fabricante que da seguridad a los compradores en caso de que el producto no cumpla con las expectativas.<\/p>\n<p><strong>Equipo de fabricaci\u00f3n de confianza:<\/strong> Nuestros dise\u00f1adores, ingenieros y fabricantes utilizan sus habilidades y talentos para ofrecerle el producto de mayor calidad que usted merece.<\/p>\n<p><strong>Asistencia en la planificaci\u00f3n del espacio de trabajo:<\/strong> Proporcionamos asistencia en la planificaci\u00f3n en la instalaci\u00f3n o renovaci\u00f3n de sus instalaciones de trabajo.<\/p>\n<p><strong>Ayuda para la instalaci\u00f3n:<\/strong> Proporcionamos asistencia exhaustiva en el despliegue de su mobiliario para el servicio.<\/p>\n<p>AFC fabrica equipos de mobiliario de alta calidad que superan las expectativas est\u00e1ndar de practicidad, funcionalidad y ergonom\u00eda. Nuestros productos est\u00e1n garantizados con una garant\u00eda total del producto. Construimos productos que ofrecen a nuestros clientes la tranquilidad de obtener el m\u00e1ximo rendimiento de su inversi\u00f3n.<\/p>\n<p>P\u00f3ngase en contacto con nosotros para una consulta gratuita con nuestro amable y servicial especialista en mobiliario t\u00e9cnico ergon\u00f3mico.<\/p>\n<div class=\"desksize\"><\/div>\n<h3 class=\"product-h3\"><span id=\"ctl00_ContentPlaceHolder1_lblImageBottom1\">Brazo portaordenador de pared Caracter\u00edsticas<\/span><\/h3>\n<p><img decoding=\"async\" id=\"ctl00_ContentPlaceHolder1_imgDetailImageCall\" class=\"img-responsive\" style=\"border-width: 0px\" src=\"https:\/\/afcindustries.com\/wp-content\/uploads\/2022\/01\/772249-wall-mounted-computer-holder-arm-features.jpg\" alt=\"Brazo para monitor con funciones pr\u00e1cticas\" title=\"\"><\/p>\n<div id=\"ctl00_ContentPlaceHolder1_pnlImageContainer\"><\/div>\n<h3 class=\"product-h3\"><span id=\"ctl00_ContentPlaceHolder1_lblImageBottom2\">Brazo portaordenador M\u00e1s caracter\u00edsticas<\/span><\/h3>\n<p><img decoding=\"async\" id=\"ctl00_ContentPlaceHolder1_imgDetailImageCall2\" class=\"img-responsive\" style=\"border-width: 0px\" src=\"https:\/\/afcindustries.com\/wp-content\/uploads\/2022\/01\/772249-computer-holder-arm-more-features.jpg\" alt=\"Especificaciones del montaje del brazo del monitor\" title=\"\"><\/p>\n<h3 class=\"product-h3\"><span id=\"ctl00_ContentPlaceHolder1_lblImageBottom3\">Brazo portaordenador Caracter\u00edsticas adicionales<\/span><\/h3>\n<p><img decoding=\"async\" id=\"ctl00_ContentPlaceHolder1_imgDetailImageCall3\" class=\"img-responsive\" style=\"border-width: 0px\" src=\"https:\/\/afcindustries.com\/wp-content\/uploads\/2022\/01\/772249-computer-holder-arm-additional-features.jpg\" alt=\"Caracter\u00edsticas funcionales del soporte del brazo del monitor\" title=\"\"><\/p>\n","protected":false},"excerpt":{"rendered":"<h1 class=\"product-h3\"><span id=\"ctl00_ContentPlaceHolder1_lblH3\">Brazo para monitor horizontal montado en la pared de alta resistencia<\/span><\/h1>\n<div class=\"col-md-6 col-sm-6 col-xs-12 detailList\">\n<ul>\n<li>Construcci\u00f3n ligera de aluminio para un f\u00e1cil manejo<\/li>\n<li>Revestimiento antimicrobiano para una desinfecci\u00f3n completa<\/li>\n<li>Puestos de trabajo de pie<\/li>\n<li>Mecanismo de bloqueo de altura en cualquier posici\u00f3n para mayor seguridad y estabilidad<\/li>\n<li>Rango completo de movimiento giratorio en cada articulaci\u00f3n<\/li>\n<li>El teclado se pliega y tiene un cierre de seguridad<\/li>\n<li>Rango de ajuste de altura de 12 pulgadas<\/li>\n<li>34 pulgadas cuando se extiende completamente desde la pared<\/li>\n<li>8,5 pulgadas cuando se retrae y se pliega a la pared<\/li>\n<li>Soporte de monitor compatible con VESA 75\/100 con inclinaci\u00f3n horizontal y vertical y ajuste de altura de 3 pulgadas<\/li>\n<li>Se incluye un soporte para el rat\u00f3n<\/li>\n<li>Gesti\u00f3n de cables integrada<\/li>\n<\/ul>\n<p>&nbsp;<\/p>\n<p>&nbsp;<\/p>\n<\/div>\n<div class=\"col-md-6 col-sm-6 col-xs-12\">\n<ul class=\"ulpdf\">\n<li style=\"list-style-type: none;\">\n<ul class=\"ulpdf\">\n<li><a id=\"ctl00_ContentPlaceHolder1_hPDF\" href=\"https:\/\/afcindustries.com\/PDFS\/WMH18_AFC7808_00-01.PDF\" target=\"_blank\" rel=\"noopener\"><img decoding=\"async\" id=\"ctl00_ContentPlaceHolder1_imgPDF\" style=\"border-width: 0px;\" src=\"https:\/\/afcindustries.com\/images\/pdf.gif\" border=\"0\" \/><span id=\"ctl00_ContentPlaceHolder1_lblPDFSKU\" class=\"pdf\">PDF WMH18_AFC7808_00-01.pdf<\/span><\/a><\/li>\n<\/ul>\n<\/li>\n<\/ul>\n<ul>\n<li style=\"list-style-type: none;\">\n<ul class=\"specPreview\">\n<li>Anchura<\/li>\n<li>18&#8243;<\/li>\n<\/ul>\n<p>&nbsp;<\/li>\n<\/ul>\n<\/div>\n","protected":false},"featured_media":15980,"template":"","meta":{"_acf_changed":false,"inline_featured_image":false},"product_brand":[],"product_cat":[3138,1782,1758],"product_tag":[],"class_list":{"0":"post-20094","1":"product","2":"type-product","3":"status-publish","4":"has-post-thumbnail","6":"product_cat-brazo-horizontal-para-monitor-de-pared-montado-en-riel","7":"product_cat-soportes-de-pared-para-ordenador","8":"product_cat-soportes-ergonomicos","9":"pa_model-wmh18_afc7808_00-01-es","11":"first","12":"instock","13":"product-type-simple"},"acf":[],"_links":{"self":[{"href":"https:\/\/afcindustries.com\/es\/wp-json\/wp\/v2\/product\/20094","targetHints":{"allow":["GET"]}}],"collection":[{"href":"https:\/\/afcindustries.com\/es\/wp-json\/wp\/v2\/product"}],"about":[{"href":"https:\/\/afcindustries.com\/es\/wp-json\/wp\/v2\/types\/product"}],"wp:featuredmedia":[{"embeddable":true,"href":"https:\/\/afcindustries.com\/es\/wp-json\/wp\/v2\/media\/15980"}],"wp:attachment":[{"href":"https:\/\/afcindustries.com\/es\/wp-json\/wp\/v2\/media?parent=20094"}],"wp:term":[{"taxonomy":"product_brand","embeddable":true,"href":"https:\/\/afcindustries.com\/es\/wp-json\/wp\/v2\/product_brand?post=20094"},{"taxonomy":"product_cat","embeddable":true,"href":"https:\/\/afcindustries.com\/es\/wp-json\/wp\/v2\/product_cat?post=20094"},{"taxonomy":"product_tag","embeddable":true,"href":"https:\/\/afcindustries.com\/es\/wp-json\/wp\/v2\/product_tag?post=20094"}],"curies":[{"name":"wp","href":"https:\/\/api.w.org\/{rel}","templated":true}]}}