{"id":20080,"date":"2022-01-29T12:36:30","date_gmt":"2022-01-29T17:36:30","guid":{"rendered":"https:\/\/afcindustries.com\/product\/soporte-de-pared-para-pc-caja-para-cpu-para-dell-wyse\/"},"modified":"2024-11-30T11:05:36","modified_gmt":"2024-11-30T16:05:36","slug":"soporte-de-pared-para-pc-caja-para-cpu-para-dell-wyse","status":"publish","type":"product","link":"https:\/\/afcindustries.com\/es\/producto\/soporte-de-pared-para-pc-caja-para-cpu-para-dell-wyse\/","title":{"rendered":"Soporte de pared para PC | Caja para CPU para Dell WYSE"},"content":{"rendered":"<h2>Soporte para estaci\u00f3n de trabajo PC de pared para Dell WYSE<\/h2>\n<div id=\"color_choice\">\n<div id=\"ctl00_ContentPlaceHolder1_color1_pnlColor\" class=\"option-Style-Panel1\">\n<div class=\"color-container\">\n<div class=\"color-item\">\n<p>&nbsp;<\/p>\n<div id=\"White\" class=\"color-item-big\"><img decoding=\"async\" src=\"https:\/\/afcindustries.com\/wp-content\/uploads\/2022\/01\/White-1.jpg\" alt=\"Blanco\" title=\"\"><\/div>\n<\/div>\n<\/div>\n<\/div>\n<\/div>\n<p>Este soporte para clientes ligeros Dell WYSE de la mejor calidad cuenta con un grueso marco met\u00e1lico con ventilaci\u00f3n de refrigeraci\u00f3n para evitar el sobrecalentamiento de la CPU. Se puede montar f\u00e1cilmente en cualquier superficie de la pared. Dise\u00f1ado para facilitar el acceso a los puertos Dell WYSE.<\/p>\n<p>El soporte para PC de montaje en pared (caja) dise\u00f1ado para el Dell WYSE se puede cerrar y cuenta con numerosos orificios de ventilaci\u00f3n para eliminar el sobrecalentamiento. Este soporte para PC es ideal para ahorrar espacio en el suelo en cualquier entorno de trabajo.<\/p>\n<p>Este soporte para clientes ligeros Dell WYSE maximizar\u00e1 los espacios de las estaciones de trabajo y del suelo, al tiempo que mantendr\u00e1 el cliente ligero a salvo de ca\u00eddas o patadas accidentales que puedan da\u00f1ar gravemente su dispositivo Dell WYSE.<\/p>\n<p>Fabricamos equipos de mobiliario ergon\u00f3mico de alta calidad que superan las expectativas est\u00e1ndar de practicidad y funcionalidad. Nuestros productos est\u00e1n garantizados con una garant\u00eda total del producto. Fabricamos productos que ofrecen a nuestros clientes la tranquilidad de obtener el m\u00e1ximo rendimiento de su inversi\u00f3n.<\/p>\n<p>P\u00f3ngase en contacto con nosotros para una consulta gratuita con nuestro amable y servicial especialista en equipamiento t\u00e9cnico de mobiliario ergon\u00f3mico.<\/p>\n<div class=\"desksize\"><\/div>\n<h3 class=\"product-h3\"><span id=\"ctl00_ContentPlaceHolder1_lblImageBottom1\">Soporte de pared para PC para Dell WYSE con cerradura<\/span><\/h3>\n<p><img decoding=\"async\" id=\"ctl00_ContentPlaceHolder1_imgDetailImageCall\" class=\"img-responsive\" style=\"border-width: 0px\" src=\"https:\/\/afcindustries.com\/wp-content\/uploads\/2022\/01\/772135-wall-mounted-pc-holder-for-dell-wyse-with-lock.jpg\" alt=\"Soporte de pared para PC para Dell WYSE con cerradura\" title=\"\"><\/p>\n<div id=\"ctl00_ContentPlaceHolder1_pnlImageContainer\"><\/div>\n<h3 class=\"product-h3\"><span id=\"ctl00_ContentPlaceHolder1_lblImageBottom2\">Soporte de pared para PC para Dell WYSE con orificios de ventilaci\u00f3n<\/span><\/h3>\n<p><img decoding=\"async\" id=\"ctl00_ContentPlaceHolder1_imgDetailImageCall2\" class=\"img-responsive\" style=\"border-width: 0px\" src=\"https:\/\/afcindustries.com\/wp-content\/uploads\/2022\/01\/772135-wall-mounted-pc-holder-for-dell-wyse-with-vent-holes.jpg\" alt=\"Soporte de pared para PC para Dell WYSE con orificios de ventilaci\u00f3n\" title=\"\"><\/p>\n<h3 class=\"product-h3\"><\/h3>\n","protected":false},"excerpt":{"rendered":"<h1 class=\"product-h3\"><span id=\"ctl00_ContentPlaceHolder1_lblH3\">Soporte para PC para Dell WYSE<\/span><\/h1>\n<div class=\"col-md-6 col-sm-6 col-xs-12 detailList\">\n<ul>\n<li>Carcasa de pared para la CPU con numerosos orificios de ventilaci\u00f3n<\/li>\n<li>Dise\u00f1ado para evitar la acumulaci\u00f3n de calor<\/li>\n<li>Recortes para facilitar el acceso a los puertos de E\/S<\/li>\n<li>Se puede cerrar con llave para mayor seguridad<\/li>\n<\/ul>\n<p>&nbsp;<\/p>\n<p>&nbsp;<\/p>\n<\/div>\n<div class=\"col-md-6 col-sm-6 col-xs-12\">\n<ul class=\"ulpdf\">\n<li><a id=\"ctl00_ContentPlaceHolder1_hPDF\" href=\"https:\/\/afcindustries.com\/PDFS\/CPU620-WM-01-REV%2002.PDF\" target=\"_blank\" rel=\"noopener\"><img decoding=\"async\" id=\"ctl00_ContentPlaceHolder1_imgPDF\" style=\"border-width: 0px;\" src=\"https:\/\/afcindustries.com\/images\/pdf.gif\" border=\"0\" \/><span id=\"ctl00_ContentPlaceHolder1_lblPDFSKU\" class=\"pdf\">PDF CPU620-WM-01-REV 02.pdf<\/span><\/a><\/li>\n<\/ul>\n<ul>\n<li>\n<ul class=\"specPreview\">\n<li>Altura<\/li>\n<li>9.62 \u00ab<\/li>\n<\/ul>\n<p>&nbsp;<\/li>\n<li>\n<ul class=\"specPreview\">\n<li>Anchura<\/li>\n<li>9.95 \u00ab<\/li>\n<\/ul>\n<p>&nbsp;<\/li>\n<li>\n<ul class=\"specPreview\">\n<li>Profundidad<\/li>\n<li>2.67 \u00ab<\/li>\n<\/ul>\n<p>&nbsp;<\/li>\n<\/ul>\n<\/div>\n","protected":false},"featured_media":15922,"template":"","meta":{"_acf_changed":false,"inline_featured_image":false},"product_brand":[],"product_cat":[1783,3099,1784],"product_tag":[],"class_list":{"0":"post-20080","1":"product","2":"type-product","3":"status-publish","4":"has-post-thumbnail","6":"product_cat-accesorios","7":"product_cat-soporte-de-pared-para-pc-para-dell-wyse","8":"product_cat-todos-los-accesorios","9":"pa_model-cpu620-wm-01-es","11":"first","12":"instock","13":"product-type-simple"},"acf":[],"_links":{"self":[{"href":"https:\/\/afcindustries.com\/es\/wp-json\/wp\/v2\/product\/20080","targetHints":{"allow":["GET"]}}],"collection":[{"href":"https:\/\/afcindustries.com\/es\/wp-json\/wp\/v2\/product"}],"about":[{"href":"https:\/\/afcindustries.com\/es\/wp-json\/wp\/v2\/types\/product"}],"wp:featuredmedia":[{"embeddable":true,"href":"https:\/\/afcindustries.com\/es\/wp-json\/wp\/v2\/media\/15922"}],"wp:attachment":[{"href":"https:\/\/afcindustries.com\/es\/wp-json\/wp\/v2\/media?parent=20080"}],"wp:term":[{"taxonomy":"product_brand","embeddable":true,"href":"https:\/\/afcindustries.com\/es\/wp-json\/wp\/v2\/product_brand?post=20080"},{"taxonomy":"product_cat","embeddable":true,"href":"https:\/\/afcindustries.com\/es\/wp-json\/wp\/v2\/product_cat?post=20080"},{"taxonomy":"product_tag","embeddable":true,"href":"https:\/\/afcindustries.com\/es\/wp-json\/wp\/v2\/product_tag?post=20080"}],"curies":[{"name":"wp","href":"https:\/\/api.w.org\/{rel}","templated":true}]}}