{"id":20079,"date":"2022-01-29T12:35:59","date_gmt":"2022-01-29T17:35:59","guid":{"rendered":"https:\/\/afcindustries.com\/product\/separador-modular-de-oficina\/"},"modified":"2024-11-30T11:12:41","modified_gmt":"2024-11-30T16:12:41","slug":"separador-modular-de-oficina","status":"publish","type":"product","link":"https:\/\/afcindustries.com\/es\/producto\/separador-modular-de-oficina\/","title":{"rendered":"Separador modular de oficina"},"content":{"rendered":"<h2>Pared divisoria modular para oficinas<\/h2>\n<div id=\"color_choice\">\n<div id=\"ctl00_ContentPlaceHolder1_color1_pnlColor\" class=\"option-Style-Panel1\">\n<div class=\"color-container\">\n<div class=\"color-item\">\n<div id=\"FabricBlue\" class=\"color-item-big\"><img decoding=\"async\" src=\"https:\/\/afcindustries.com\/wp-content\/uploads\/2022\/01\/FabricBlue-1.jpg\" alt=\"TejidoAzul\" title=\"\"><\/div>\n<\/div>\n<\/div>\n<\/div>\n<\/div>\n<p>Pared divisoria de oficina independiente con marcos de acero y material de pared que absorbe el sonido para reducir la distracci\u00f3n del ruido del trabajo. Esta pared divisoria para puestos de trabajo de oficina tiene un dise\u00f1o modular que se puede instalar f\u00e1cilmente.<\/p>\n<p>Fabricamos equipos de mobiliario ergon\u00f3mico de alta calidad que superan las expectativas est\u00e1ndar de practicidad y funcionalidad. Nuestros productos est\u00e1n garantizados con una garant\u00eda total del producto. Fabricamos productos que ofrecen a nuestros clientes la tranquilidad de obtener el m\u00e1ximo rendimiento de su inversi\u00f3n.<\/p>\n<p>P\u00f3ngase en contacto con nosotros para una consulta gratuita con nuestro amable y servicial especialista en equipamiento t\u00e9cnico de mobiliario ergon\u00f3mico.<\/p>\n<div class=\"desksize\"><\/div>\n<h3 class=\"product-h3\"><span id=\"ctl00_ContentPlaceHolder1_lblImageBottom1\">Particiones modulares de oficina que absorben el sonido<\/span><\/h3>\n<p><img decoding=\"async\" id=\"ctl00_ContentPlaceHolder1_imgDetailImageCall\" class=\"img-responsive\" style=\"border-width: 0px\" src=\"https:\/\/afcindustries.com\/wp-content\/uploads\/2022\/01\/771680-sound-absorbing-modular-office-partitions.jpg\" alt=\"Particiones modulares de oficina que absorben el sonido\" title=\"\"><\/p>\n<div id=\"ctl00_ContentPlaceHolder1_pnlImageContainer\"><\/div>\n<h3 class=\"product-h3\"><span id=\"ctl00_ContentPlaceHolder1_lblImageBottom2\">Tabiques modulares de oficina con marco met\u00e1lico<\/span><\/h3>\n<p><img decoding=\"async\" id=\"ctl00_ContentPlaceHolder1_imgDetailImageCall2\" class=\"img-responsive\" style=\"border-width: 0px\" src=\"https:\/\/afcindustries.com\/wp-content\/uploads\/2022\/01\/771680-modular-office-partitions-with-metal-frame.jpg\" alt=\"Tabiques modulares de oficina con marco met\u00e1lico\" title=\"\"><\/p>\n<h3 class=\"product-h3\"><\/h3>\n","protected":false},"excerpt":{"rendered":"<h3 class=\"product-h3\"><span id=\"ctl00_ContentPlaceHolder1_lblH3\">Pared divisoria modular para cub\u00edculos de oficina<\/span><\/h3>\n<div class=\"col-md-6 col-sm-6 col-xs-12 detailList\">\n<p><b>Caracter\u00edsticas<\/b><br \/>\nFibra absorbente de sonido de 1 pulgada de espesor con reflector en un lado<br \/>\nArmaz\u00f3n de acero laminado en fr\u00edo de calibre 11 con acabado en polvo epoxi<br \/>\nEvita las interferencias de la luz<br \/>\nPuede utilizarse como tabla de tachuelas<br \/>\nVarios colores disponibles<br \/>\nBase libre de 1\/4 de pulgada de espesor<\/p>\n<p><b>Especificaciones<\/b><br \/>\nAncho: 36 pulgadas, 48 pulgadas, 60 pulgadas, 72 pulgadas, 84 pulgadas<br \/>\nAltura desde el suelo: 60 pulgadas, 72<\/p>\n<p><b>Todas las opciones<\/b><br \/>\nTapa de plexigl\u00e1s tintado o transparente de 1\/8 de pulgada de grosor<br \/>\nIndependiente, m\u00f3vil (ruedas gemelas de 2 pulgadas) o fijado al suelo\/carro<\/p>\n<p>&nbsp;<\/p>\n<p>&nbsp;<\/p>\n<\/div>\n<div class=\"col-md-6 col-sm-6 col-xs-12\">\n<p>&nbsp;<\/p>\n<\/div>\n","protected":false},"featured_media":15581,"template":"","meta":{"_acf_changed":false,"inline_featured_image":false},"product_brand":[],"product_cat":[1783,3092,3040,1784],"product_tag":[],"class_list":{"0":"post-20079","1":"product","2":"type-product","3":"status-publish","4":"has-post-thumbnail","6":"product_cat-accesorios","7":"product_cat-separador-modular-de-oficina","8":"product_cat-tabique-de-oficina-independiente","9":"product_cat-todos-los-accesorios","10":"pa_model-part_fab_8472-es","12":"first","13":"instock","14":"product-type-simple"},"acf":[],"_links":{"self":[{"href":"https:\/\/afcindustries.com\/es\/wp-json\/wp\/v2\/product\/20079","targetHints":{"allow":["GET"]}}],"collection":[{"href":"https:\/\/afcindustries.com\/es\/wp-json\/wp\/v2\/product"}],"about":[{"href":"https:\/\/afcindustries.com\/es\/wp-json\/wp\/v2\/types\/product"}],"wp:featuredmedia":[{"embeddable":true,"href":"https:\/\/afcindustries.com\/es\/wp-json\/wp\/v2\/media\/15581"}],"wp:attachment":[{"href":"https:\/\/afcindustries.com\/es\/wp-json\/wp\/v2\/media?parent=20079"}],"wp:term":[{"taxonomy":"product_brand","embeddable":true,"href":"https:\/\/afcindustries.com\/es\/wp-json\/wp\/v2\/product_brand?post=20079"},{"taxonomy":"product_cat","embeddable":true,"href":"https:\/\/afcindustries.com\/es\/wp-json\/wp\/v2\/product_cat?post=20079"},{"taxonomy":"product_tag","embeddable":true,"href":"https:\/\/afcindustries.com\/es\/wp-json\/wp\/v2\/product_tag?post=20079"}],"curies":[{"name":"wp","href":"https:\/\/api.w.org\/{rel}","templated":true}]}}