{"id":20077,"date":"2022-01-29T12:36:12","date_gmt":"2022-01-29T17:36:12","guid":{"rendered":"https:\/\/afcindustries.com\/product\/carro-de-poste-de-ordenador-movil-de-doble-monitor\/"},"modified":"2024-11-30T11:12:25","modified_gmt":"2024-11-30T16:12:25","slug":"carro-de-poste-de-ordenador-movil-de-doble-monitor","status":"publish","type":"product","link":"https:\/\/afcindustries.com\/es\/producto\/carro-de-poste-de-ordenador-movil-de-doble-monitor\/","title":{"rendered":"Carro de poste de ordenador m\u00f3vil de doble monitor"},"content":{"rendered":"<h2><span id=\"ctl00_ContentPlaceHolder1_lblImageBottom1\">Carro de poste de ordenador m\u00e9dico de doble monitor Caracter\u00edsticas<\/span><\/h2>\n<p><img loading=\"lazy\" decoding=\"async\" class=\"alignnone size-full wp-image-11187\" src=\"https:\/\/afcindustries.com\/wp-content\/uploads\/2022\/07\/772742-specs-01.jpg\" alt=\"\" width=\"900\" height=\"665\" title=\"\" srcset=\"https:\/\/afcindustries.com\/wp-content\/uploads\/2022\/07\/772742-specs-01.jpg 900w, https:\/\/afcindustries.com\/wp-content\/uploads\/2022\/07\/772742-specs-01-300x222.jpg 300w, https:\/\/afcindustries.com\/wp-content\/uploads\/2022\/07\/772742-specs-01-768x567.jpg 768w, https:\/\/afcindustries.com\/wp-content\/uploads\/2022\/07\/772742-specs-01-600x443.jpg 600w\" sizes=\"auto, (max-width: 900px) 100vw, 900px\" \/><\/p>\n<div id=\"ctl00_ContentPlaceHolder1_pnlImageContainer\"><\/div>\n<h3 class=\"product-h3\"><span id=\"ctl00_ContentPlaceHolder1_lblImageBottom2\">Carro de varillas para ordenador M\u00e1s caracter\u00edsticas<\/span><\/h3>\n<p><img decoding=\"async\" id=\"ctl00_ContentPlaceHolder1_imgDetailImageCall2\" class=\"img-responsive\" style=\"border-width: 0px\" src=\"https:\/\/afcindustries.com\/wp-content\/uploads\/2022\/01\/772742-computer-pole-cart-more-features.jpg\" alt=\"Accesorio para el carro del ordenador\" title=\"\"><\/p>\n<h3 class=\"product-h3\"><span id=\"ctl00_ContentPlaceHolder1_lblImageBottom3\">Carro de poste para ordenador Caracter\u00edsticas adicionales<\/span><\/h3>\n<p><img decoding=\"async\" id=\"ctl00_ContentPlaceHolder1_imgDetailImageCall3\" class=\"img-responsive\" style=\"border-width: 0px\" src=\"https:\/\/afcindustries.com\/wp-content\/uploads\/2022\/01\/772742-computer-pole-cart-additional-features.jpg\" alt=\"Accesorios para carros de ordenador\" title=\"\"><\/p>\n<p>&nbsp;<\/p>\n<ul>\n<li><strong>El mejor dise\u00f1o ergon\u00f3mico y c\u00f3modo:<\/strong> Dise\u00f1ado para la comodidad para reducir el estr\u00e9s y mantener la postura durante el trabajo.<\/li>\n<li><strong>Mantiene una buena salud:<\/strong> Elimina las lesiones por esfuerzo repetitivo (RSI), los dolores musculares, las molestias corporales, la tensi\u00f3n ocular y la fatiga. Aumenta la productividad y la circulaci\u00f3n sangu\u00ednea saludable.<\/li>\n<li><strong>F\u00e1cil de usar:<\/strong> f\u00e1cil de manejar sin necesidad de horas de formaci\u00f3n del usuario. Muy f\u00e1cil de configurar para adaptarse a las preferencias de cada usuario.<\/li>\n<li><strong>Iluminaci\u00f3n de escritorio preparada:<\/strong> Minimiza el cansancio ocular y la fatiga asociada y maximiza la precisi\u00f3n visual proporcionando una iluminaci\u00f3n adecuada.<\/li>\n<li><strong>Acceso a puertos de datos y tomas de corriente:<\/strong> Aumenta la productividad y la eficiencia gracias a la facilidad de acceso a los puertos de datos y las tomas de corriente.<\/li>\n<li><strong>Colocaci\u00f3n correcta de la CPU del ordenador:<\/strong> La CPU del ordenador se encuentra fuera de peligro, lo que permite a los usuarios moverse libremente.<\/li>\n<li><strong>Gesti\u00f3n limpia de los cables:<\/strong> Los cables est\u00e1n ocultos de forma segura para eliminar el riesgo de accidentes que pueda causar a personas o equipos.<\/li>\n<li><strong>Construido seg\u00fan las especificaciones:<\/strong> Se puede especificar para acomodar las necesidades \u00fanicas y el entorno de trabajo de los usuarios individuales antes de la fabricaci\u00f3n.<\/li>\n<li><strong>Garantizado con la garant\u00eda del producto:<\/strong> Cubierto con la garant\u00eda de producto del fabricante que da seguridad a los compradores en caso de que el producto no cumpla con las expectativas.<\/li>\n<li><strong>Equipo de fabricaci\u00f3n de confianza:<\/strong> Nuestros dise\u00f1adores, ingenieros y fabricantes utilizan sus habilidades y talentos para ofrecerle el producto de mayor calidad que usted merece.<\/li>\n<li><strong>Asistencia en la planificaci\u00f3n del espacio de trabajo:<\/strong> Proporcionamos asistencia en la planificaci\u00f3n en la instalaci\u00f3n o renovaci\u00f3n de sus instalaciones de trabajo.<\/li>\n<li><strong>Ayuda para la instalaci\u00f3n:<\/strong> Proporcionamos asistencia exhaustiva en el despliegue de su mobiliario para el servicio.<\/li>\n<\/ul>\n<p>AFC fabrica equipos de mobiliario de alta calidad que superan las expectativas est\u00e1ndar de practicidad, funcionalidad y ergonom\u00eda. Nuestros productos est\u00e1n garantizados con una garant\u00eda total del producto. Construimos productos que ofrecen a nuestros clientes la tranquilidad de obtener el m\u00e1ximo rendimiento de su inversi\u00f3n.<\/p>\n<p>P\u00f3ngase en contacto con nosotros para una consulta gratuita con nuestro amable y servicial especialista en mobiliario t\u00e9cnico ergon\u00f3mico.<\/p>\n","protected":false},"excerpt":{"rendered":"<h1 class=\"product-h3\"><span id=\"ctl00_ContentPlaceHolder1_lblH3\">Carro de poste para ordenador de doble monitor<\/span><\/h1>\n<div class=\"col-md-6 col-sm-6 col-xs-12 detailList\">\n<p>Este carro de poste m\u00e9dico m\u00f3vil de doble monitor de alta calidad est\u00e1 dise\u00f1ado para proporcionar comodidad al usuario. Permite al usuario leer todos los datos en un monitor m\u00e1s amplio. Esta estaci\u00f3n de trabajo proporciona suficiente espacio de trabajo en cualquier lugar que se requiera.<\/p>\n<p>Este carro de poste m\u00e9dico m\u00f3vil tiene un brazo de monitor doble montado, un soporte para CPU, una bandeja ergon\u00f3mica para teclado y rat\u00f3n, una cesta de alambre y un equilibrador de peso que mantiene el equilibrio de la bandeja de poste.<\/p>\n<p>&nbsp;<\/p>\n<ul>\n<li>Altura: 72&#8243;.<\/li>\n<li>Anchura: 22&#8243;<\/li>\n<li>Profundidad: 24&#8243;.<\/li>\n<\/ul>\n<\/div>\n<div class=\"col-md-6 col-sm-6 col-xs-12\">\n<ul>\n<li style=\"list-style-type: none;\"><\/li>\n<\/ul>\n<\/div>\n","protected":false},"featured_media":50035,"template":"","meta":{"_acf_changed":false,"inline_featured_image":false},"product_brand":[],"product_cat":[3091,1765,1771],"product_tag":[],"class_list":{"0":"post-20077","1":"product","2":"type-product","3":"status-publish","4":"has-post-thumbnail","6":"product_cat-carro-de-poste-de-ordenador-movil-de-doble-monitor","7":"product_cat-carros-de-ordenador-medico","8":"product_cat-carros-moviles-para-postes","9":"pa_model-carro-de-poste-de-ordenador-movil-de-doble-monitor","11":"first","12":"instock","13":"product-type-simple"},"acf":[],"_links":{"self":[{"href":"https:\/\/afcindustries.com\/es\/wp-json\/wp\/v2\/product\/20077","targetHints":{"allow":["GET"]}}],"collection":[{"href":"https:\/\/afcindustries.com\/es\/wp-json\/wp\/v2\/product"}],"about":[{"href":"https:\/\/afcindustries.com\/es\/wp-json\/wp\/v2\/types\/product"}],"wp:featuredmedia":[{"embeddable":true,"href":"https:\/\/afcindustries.com\/es\/wp-json\/wp\/v2\/media\/50035"}],"wp:attachment":[{"href":"https:\/\/afcindustries.com\/es\/wp-json\/wp\/v2\/media?parent=20077"}],"wp:term":[{"taxonomy":"product_brand","embeddable":true,"href":"https:\/\/afcindustries.com\/es\/wp-json\/wp\/v2\/product_brand?post=20077"},{"taxonomy":"product_cat","embeddable":true,"href":"https:\/\/afcindustries.com\/es\/wp-json\/wp\/v2\/product_cat?post=20077"},{"taxonomy":"product_tag","embeddable":true,"href":"https:\/\/afcindustries.com\/es\/wp-json\/wp\/v2\/product_tag?post=20077"}],"curies":[{"name":"wp","href":"https:\/\/api.w.org\/{rel}","templated":true}]}}