{"id":20075,"date":"2022-01-29T12:35:52","date_gmt":"2022-01-29T17:35:52","guid":{"rendered":"https:\/\/afcindustries.com\/product\/estacion-de-trabajo-de-ordenador-medica-montada-en-la-pared\/"},"modified":"2024-11-30T11:12:25","modified_gmt":"2024-11-30T16:12:25","slug":"estacion-de-trabajo-de-ordenador-medica-montada-en-la-pared","status":"publish","type":"product","link":"https:\/\/afcindustries.com\/es\/producto\/estacion-de-trabajo-de-ordenador-medica-montada-en-la-pared\/","title":{"rendered":"Estaci\u00f3n de trabajo de ordenador m\u00e9dica montada en la pared"},"content":{"rendered":"<div id=\"color_choice\">\n<div id=\"ctl00_ContentPlaceHolder1_color1_pnlColor\" class=\"option-Style-Panel1\">\n<div class=\"color-container\">\n<h2 class=\"color-item\">Brazo para ordenador montado en la pared Caracter\u00edsticas<\/h2>\n<\/div>\n<\/div>\n<\/div>\n<p><img loading=\"lazy\" decoding=\"async\" class=\"alignnone size-full wp-image-11164\" src=\"https:\/\/afcindustries.com\/wp-content\/uploads\/2022\/07\/772364-specs-01.jpg\" alt=\"\" width=\"896\" height=\"473\" title=\"\" srcset=\"https:\/\/afcindustries.com\/wp-content\/uploads\/2022\/07\/772364-specs-01.jpg 896w, https:\/\/afcindustries.com\/wp-content\/uploads\/2022\/07\/772364-specs-01-300x158.jpg 300w, https:\/\/afcindustries.com\/wp-content\/uploads\/2022\/07\/772364-specs-01-768x405.jpg 768w, https:\/\/afcindustries.com\/wp-content\/uploads\/2022\/07\/772364-specs-01-600x317.jpg 600w\" sizes=\"auto, (max-width: 896px) 100vw, 896px\" \/><\/p>\n<h3 class=\"product-h3\"><span id=\"ctl00_ContentPlaceHolder1_lblImageBottom2\">Brazo para ordenador montado en la pared M\u00e1s caracter\u00edsticas<\/span><\/h3>\n<p><img loading=\"lazy\" decoding=\"async\" class=\"alignnone size-full wp-image-11165\" src=\"https:\/\/afcindustries.com\/wp-content\/uploads\/2022\/07\/772364-specs-02.jpg\" alt=\"\" width=\"899\" height=\"372\" title=\"\" srcset=\"https:\/\/afcindustries.com\/wp-content\/uploads\/2022\/07\/772364-specs-02.jpg 899w, https:\/\/afcindustries.com\/wp-content\/uploads\/2022\/07\/772364-specs-02-300x124.jpg 300w, https:\/\/afcindustries.com\/wp-content\/uploads\/2022\/07\/772364-specs-02-768x318.jpg 768w, https:\/\/afcindustries.com\/wp-content\/uploads\/2022\/07\/772364-specs-02-600x248.jpg 600w\" sizes=\"auto, (max-width: 899px) 100vw, 899px\" \/><\/p>\n<p>&nbsp;<\/p>\n<p><img loading=\"lazy\" decoding=\"async\" class=\"alignnone size-full wp-image-11166\" src=\"https:\/\/afcindustries.com\/wp-content\/uploads\/2022\/07\/772364-specs-03.jpg\" alt=\"\" width=\"899\" height=\"348\" title=\"\" srcset=\"https:\/\/afcindustries.com\/wp-content\/uploads\/2022\/07\/772364-specs-03.jpg 899w, https:\/\/afcindustries.com\/wp-content\/uploads\/2022\/07\/772364-specs-03-300x116.jpg 300w, https:\/\/afcindustries.com\/wp-content\/uploads\/2022\/07\/772364-specs-03-768x297.jpg 768w, https:\/\/afcindustries.com\/wp-content\/uploads\/2022\/07\/772364-specs-03-600x232.jpg 600w\" sizes=\"auto, (max-width: 899px) 100vw, 899px\" \/><\/p>\n<p>&nbsp;<\/p>\n<ul>\n<li><strong>El mejor dise\u00f1o ergon\u00f3mico y c\u00f3modo:<\/strong> Dise\u00f1ado para la comodidad para reducir el estr\u00e9s y mantener la postura durante el trabajo.<\/li>\n<li><strong>Soluci\u00f3n de montaje firme: <\/strong>nuestros muebles pueden sujetarse firmemente a las paredes, suelos o techos y pueden soportar el peso adicional de su equipo.<\/li>\n<li><strong>F\u00e1cil de usar:<\/strong> f\u00e1cil de manejar sin necesidad de horas de formaci\u00f3n del usuario. Muy f\u00e1cil de configurar para adaptarse a las preferencias de cada usuario.<\/li>\n<li><strong>Colocaci\u00f3n correcta de la CPU del ordenador:<\/strong> La CPU del ordenador se encuentra fuera de peligro, lo que permite a los usuarios moverse libremente.<\/li>\n<li><strong>Construido seg\u00fan las especificaciones:<\/strong> Se puede especificar para acomodar las necesidades \u00fanicas y el entorno de trabajo de los usuarios individuales antes de la fabricaci\u00f3n.<\/li>\n<li><strong>Garantizado con la garant\u00eda del producto:<\/strong> Cubierto con la garant\u00eda de producto del fabricante que da seguridad a los compradores en caso de que el producto no cumpla con las expectativas.<\/li>\n<li><strong>Equipo de fabricaci\u00f3n de confianza:<\/strong> Nuestros dise\u00f1adores, ingenieros y fabricantes utilizan sus habilidades y talentos para ofrecerle el producto de mayor calidad que usted merece.<\/li>\n<li><strong>Asistencia en la planificaci\u00f3n del espacio de trabajo:<\/strong> Proporcionamos asistencia en la planificaci\u00f3n en la instalaci\u00f3n o renovaci\u00f3n de sus instalaciones de trabajo.<\/li>\n<li><strong>Ayuda para la instalaci\u00f3n:<\/strong> Proporcionamos asistencia exhaustiva en el despliegue de su mobiliario para el servicio.<\/li>\n<\/ul>\n<p>AFC fabrica equipos de mobiliario de alta calidad que superan las expectativas est\u00e1ndar de practicidad, funcionalidad y ergonom\u00eda. Nuestros productos est\u00e1n garantizados con una garant\u00eda total del producto. Construimos productos que ofrecen a nuestros clientes la tranquilidad de obtener el m\u00e1ximo rendimiento de su inversi\u00f3n.<\/p>\n<p>P\u00f3ngase en contacto con nosotros para una consulta gratuita con nuestro amable y servicial especialista en mobiliario t\u00e9cnico ergon\u00f3mico.<\/p>\n","protected":false},"excerpt":{"rendered":"<h1 class=\"product-h3\"><span id=\"ctl00_ContentPlaceHolder1_lblH3\">Estaci\u00f3n de trabajo inform\u00e1tica m\u00e9dica<\/span><\/h1>\n<p>Esta estaci\u00f3n de trabajo inform\u00e1tica m\u00e9dica montada en la pared es un equipo vers\u00e1til y de \u00faltima generaci\u00f3n para ayudar a los proveedores de servicios m\u00e9dicos y sanitarios. Est\u00e1 dise\u00f1ado con caracter\u00edsticas ergon\u00f3micas y de durabilidad. Dispone de funciones f\u00e1ciles de usar para aumentar la productividad, especialmente en zonas de mucho tr\u00e1fico.<\/p>\n<p>Su altura se puede ajustar neum\u00e1ticamente dentro de un rango de 12&#8243;, y se puede bloquear al nivel de altura preferido.<\/p>\n<p>El rango completo de movimiento giratorio en cada articulaci\u00f3n se adapta c\u00f3modamente a diferentes posiciones y aplicaciones, como compartir informaci\u00f3n con los pacientes y otros profesionales cercanos.<\/p>\n<div class=\"col-md-6 col-sm-6 col-xs-12 detailList\">\n<ul>\n<li>Construcci\u00f3n ligera de aluminio para un f\u00e1cil manejo<\/li>\n<li>Desinfecci\u00f3n exhaustiva para un uso seguro en todas las instalaciones m\u00e9dicas<\/li>\n<li>Todo el soporte est\u00e1 recubierto de pintura antimicrobiana (s\u00f3lo para el color gris)<\/li>\n<li>Casi un metro cuando est\u00e1 totalmente extendido, con la opci\u00f3n de un brazo de extensi\u00f3n suplementario de un pie<\/li>\n<li>12 rangos de ajuste de altura para acomodar a la mayor\u00eda de los usuarios<\/li>\n<li>Mecanismo de bloqueo de la altura en cualquier posici\u00f3n para la seguridad, la estabilidad y las cargas variables<\/li>\n<li>Puestos de trabajo de pie y sentado<\/li>\n<li>Rango completo de movimiento giratorio en cada articulaci\u00f3n<\/li>\n<li>El teclado se pliega para que sea de bajo perfil y tiene un cierre de seguridad<\/li>\n<li>La bandeja para el rat\u00f3n y el soporte para el esc\u00e1ner pueden colocarse en el lado izquierdo o derecho del teclado<\/li>\n<li>Soporte de monitor compatible con VESA 75\/100 con inclinaci\u00f3n horizontal y vertical y 3 rangos de ajuste de altura<\/li>\n<li>Gesti\u00f3n de cables integrada en el soporte de pared<\/li>\n<li>Soporte opcional para guardar el cableado extra<\/li>\n<\/ul>\n<p>&nbsp;<\/p>\n<\/div>\n<div class=\"col-md-6 col-sm-6 col-xs-12\">\n<ul class=\"ulpdf\">\n<li><a id=\"ctl00_ContentPlaceHolder1_hPDF\" href=\"https:\/\/afcindustries.com\/PDFS\/772364_WM30_C1_AFC7808_12_02.PDF\" target=\"_blank\" rel=\"noopener\"><img decoding=\"async\" id=\"ctl00_ContentPlaceHolder1_imgPDF\" style=\"border-width: 0px;\" src=\"https:\/\/afcindustries.com\/images\/pdf.gif\" border=\"0\" \/><span id=\"ctl00_ContentPlaceHolder1_lblPDFSKU\" class=\"pdf\">PDF 772364.pdf<\/span><\/a><\/li>\n<li><a id=\"ctl00_ContentPlaceHolder1_hPDF_instrcution\" href=\"https:\/\/afcindustries.com\/wp-content\/uploads\/2022\/07\/TDS_AFC7808-12.pdf\" target=\"_blank\" rel=\"noopener\"><img decoding=\"async\" id=\"ctl00_ContentPlaceHolder1_imgPDF_instrcution\" style=\"border-width: 0px;\" src=\"https:\/\/afcindustries.com\/images\/pdf-instruction.png\" border=\"0\" \/><span id=\"ctl00_ContentPlaceHolder1_lblPDF_instrcution\" class=\"pdf\">TDS_AFC7808-12<\/span><\/a><\/li>\n<\/ul>\n<p>&nbsp;<\/p>\n<ul class=\"ulpdf\">\n<li>Altura: 30 \u00ab<\/li>\n<\/ul>\n<\/div>\n","protected":false},"featured_media":46272,"template":"","meta":{"_acf_changed":false,"inline_featured_image":false},"product_brand":[],"product_cat":[3080,1782,1758],"product_tag":[],"class_list":{"0":"post-20075","1":"product","2":"type-product","3":"status-publish","4":"has-post-thumbnail","6":"product_cat-estacion-de-trabajo-de-ordenador-medica-montada-en-la-pared","7":"product_cat-soportes-de-pared-para-ordenador","8":"product_cat-soportes-ergonomicos","9":"pa_model-wm30_c1_afc7808_12_02-es","11":"first","12":"instock","13":"product-type-simple"},"acf":[],"_links":{"self":[{"href":"https:\/\/afcindustries.com\/es\/wp-json\/wp\/v2\/product\/20075","targetHints":{"allow":["GET"]}}],"collection":[{"href":"https:\/\/afcindustries.com\/es\/wp-json\/wp\/v2\/product"}],"about":[{"href":"https:\/\/afcindustries.com\/es\/wp-json\/wp\/v2\/types\/product"}],"wp:featuredmedia":[{"embeddable":true,"href":"https:\/\/afcindustries.com\/es\/wp-json\/wp\/v2\/media\/46272"}],"wp:attachment":[{"href":"https:\/\/afcindustries.com\/es\/wp-json\/wp\/v2\/media?parent=20075"}],"wp:term":[{"taxonomy":"product_brand","embeddable":true,"href":"https:\/\/afcindustries.com\/es\/wp-json\/wp\/v2\/product_brand?post=20075"},{"taxonomy":"product_cat","embeddable":true,"href":"https:\/\/afcindustries.com\/es\/wp-json\/wp\/v2\/product_cat?post=20075"},{"taxonomy":"product_tag","embeddable":true,"href":"https:\/\/afcindustries.com\/es\/wp-json\/wp\/v2\/product_tag?post=20075"}],"curies":[{"name":"wp","href":"https:\/\/api.w.org\/{rel}","templated":true}]}}