{"id":20072,"date":"2022-01-29T12:36:35","date_gmt":"2022-01-29T17:36:35","guid":{"rendered":"https:\/\/afcindustries.com\/product\/envoltura-de-cable-en-espiral\/"},"modified":"2024-11-29T17:38:24","modified_gmt":"2024-11-29T22:38:24","slug":"envoltura-de-cable-en-espiral","status":"publish","type":"product","link":"https:\/\/afcindustries.com\/es\/producto\/envoltura-de-cable-en-espiral\/","title":{"rendered":"Envoltura de cable en espiral"},"content":{"rendered":"<h2>Gestor de cables para organizar cualquier grupo de hilos o cables<\/h2>\n<div id=\"color_choice\"><\/div>\n<p>Esta envoltura de cable en espiral muy flexible puede retorcerse y girarse en casi cualquier direcci\u00f3n para organizar ordenadamente sus grupos de cables o alambres.<\/p>\n<p>AFC fabrica equipos de mobiliario de alta calidad que superan las expectativas est\u00e1ndar de practicidad, funcionalidad y ergonom\u00eda. Nuestros productos est\u00e1n garantizados con una garant\u00eda total del producto. Construimos productos que ofrecen a nuestros clientes la tranquilidad de obtener el m\u00e1ximo rendimiento de su inversi\u00f3n.<\/p>\n<p>P\u00f3ngase en contacto con nosotros para una consulta gratuita con nuestro amable y servicial especialista en mobiliario t\u00e9cnico ergon\u00f3mico.<\/p>\n<div class=\"desksize\"><\/div>\n<h3 class=\"product-h3\"><span id=\"ctl00_ContentPlaceHolder1_lblImageBottom1\">Envoltura de cable en espiral recubierta<\/span><\/h3>\n<p><img decoding=\"async\" id=\"ctl00_ContentPlaceHolder1_imgDetailImageCall\" class=\"img-responsive\" style=\"border-width: 0px\" src=\"https:\/\/afcindustries.com\/wp-content\/uploads\/2022\/01\/772144-coated-spiral-cable-wrap.jpg\" alt=\"Envoltura de cable en espiral recubierta\" title=\"\"><\/p>\n<div id=\"ctl00_ContentPlaceHolder1_pnlImageContainer\"><\/div>\n<h3 class=\"product-h3\"><\/h3>\n<h3 class=\"product-h3\"><\/h3>\n","protected":false},"excerpt":{"rendered":"<h1 class=\"product-h3\"><span id=\"ctl00_ContentPlaceHolder1_lblH3\">Caracter\u00edsticas de la envoltura de cables en espiral<\/span><\/h1>\n<div class=\"col-md-6 col-sm-6 col-xs-12 detailList\">\n<ul>\n<li>Envuelve los cables<\/li>\n<li>Organizar cables y alambres<\/li>\n<li>Viene en diferentes tama\u00f1os<\/li>\n<\/ul>\n<p>&nbsp;<\/p>\n<p><span id=\"ctl00_ContentPlaceHolder1_lblFeatures\">\u00a0<\/span><\/p>\n<\/div>\n","protected":false},"featured_media":15958,"template":"","meta":{"_acf_changed":false,"inline_featured_image":false},"product_brand":[],"product_cat":[1783,3059,1784],"product_tag":[],"class_list":{"0":"post-20072","1":"product","2":"type-product","3":"status-publish","4":"has-post-thumbnail","6":"product_cat-accesorios","7":"product_cat-envoltura-de-cables-en-espiral-de-plastico","8":"product_cat-todos-los-accesorios","9":"pa_model-wmf400a-es","11":"first","12":"instock","13":"product-type-simple"},"acf":[],"_links":{"self":[{"href":"https:\/\/afcindustries.com\/es\/wp-json\/wp\/v2\/product\/20072","targetHints":{"allow":["GET"]}}],"collection":[{"href":"https:\/\/afcindustries.com\/es\/wp-json\/wp\/v2\/product"}],"about":[{"href":"https:\/\/afcindustries.com\/es\/wp-json\/wp\/v2\/types\/product"}],"wp:featuredmedia":[{"embeddable":true,"href":"https:\/\/afcindustries.com\/es\/wp-json\/wp\/v2\/media\/15958"}],"wp:attachment":[{"href":"https:\/\/afcindustries.com\/es\/wp-json\/wp\/v2\/media?parent=20072"}],"wp:term":[{"taxonomy":"product_brand","embeddable":true,"href":"https:\/\/afcindustries.com\/es\/wp-json\/wp\/v2\/product_brand?post=20072"},{"taxonomy":"product_cat","embeddable":true,"href":"https:\/\/afcindustries.com\/es\/wp-json\/wp\/v2\/product_cat?post=20072"},{"taxonomy":"product_tag","embeddable":true,"href":"https:\/\/afcindustries.com\/es\/wp-json\/wp\/v2\/product_tag?post=20072"}],"curies":[{"name":"wp","href":"https:\/\/api.w.org\/{rel}","templated":true}]}}