{"id":20067,"date":"2022-01-29T12:36:12","date_gmt":"2022-01-29T17:36:12","guid":{"rendered":"https:\/\/afcindustries.com\/product\/bandeja-de-teclado-plegable-de-pared\/"},"modified":"2024-11-30T11:12:06","modified_gmt":"2024-11-30T16:12:06","slug":"bandeja-de-teclado-plegable-de-pared","status":"publish","type":"product","link":"https:\/\/afcindustries.com\/es\/producto\/bandeja-de-teclado-plegable-de-pared\/","title":{"rendered":"Bandeja de teclado plegable de pared"},"content":{"rendered":"<h2>Bandeja de teclado antideslizante de pared<\/h2>\n<div id=\"color_choice\"><\/div>\n<p>Una bandeja de teclado plegable montada en la pared que cuenta con un soporte de pared de base de placa met\u00e1lica gruesa con un conector de bandeja giratoria plegable de 90\u00b0, una bandeja de tablero de pl\u00e1stico antideslizante retr\u00e1ctil con reposamanos y una bandeja de rat\u00f3n deslizante a la izquierda o a la derecha.<\/p>\n<p>Esta bandeja de teclado plegable montada en la pared ofrece un acceso c\u00f3modo y r\u00e1pido a los dispositivos de entrada del usuario del ordenador con un espacio m\u00ednimo. Muy f\u00e1cil de instalar en paredes o marcos de acero. Construido con un dise\u00f1o ergon\u00f3mico y materiales de alta calidad para garantizar la comodidad del usuario y el uso de por vida.<\/p>\n<p>AFC fabrica equipos de mobiliario de alta calidad que superan las expectativas est\u00e1ndar de practicidad, funcionalidad y ergonom\u00eda. Nuestros productos est\u00e1n garantizados con una garant\u00eda total del producto. Construimos productos que ofrecen a nuestros clientes la tranquilidad de obtener el m\u00e1ximo rendimiento de su inversi\u00f3n.<\/p>\n<p>P\u00f3ngase en contacto con nosotros para una consulta gratuita con nuestro amable y servicial especialista en mobiliario t\u00e9cnico ergon\u00f3mico.<\/p>\n<div class=\"desksize\"><\/div>\n<h3 class=\"product-h3\"><span id=\"ctl00_ContentPlaceHolder1_lblImageBottom1\">Bandeja de teclado plegable de pared con revestimiento de pol\u00edmero<\/span><\/h3>\n<p><img decoding=\"async\" id=\"ctl00_ContentPlaceHolder1_imgDetailImageCall\" class=\"img-responsive\" style=\"border-width: 0px\" src=\"https:\/\/afcindustries.com\/wp-content\/uploads\/2022\/01\/772464-wall-mounted-foldable-keyboard-tray-with-polymer-coating.jpg\" alt=\"Bandeja de teclado plegable de pared con revestimiento de pol\u00edmero\" title=\"\"><\/p>\n<div id=\"ctl00_ContentPlaceHolder1_pnlImageContainer\"><\/div>\n<h3 class=\"product-h3\"><span id=\"ctl00_ContentPlaceHolder1_lblImageBottom2\">Bandeja de teclado plegable de pared con reposamanos<\/span><\/h3>\n<p><img decoding=\"async\" id=\"ctl00_ContentPlaceHolder1_imgDetailImageCall2\" class=\"img-responsive\" style=\"border-width: 0px\" src=\"https:\/\/afcindustries.com\/wp-content\/uploads\/2022\/01\/772464-wall-mounted-foldable-keyboard-tray-with-palm-rest.jpg\" alt=\"Bandeja de teclado plegable de pared con reposamanos\" title=\"\"><\/p>\n<h3 class=\"product-h3\"><\/h3>\n","protected":false},"excerpt":{"rendered":"<h1 class=\"product-h3\"><span id=\"ctl00_ContentPlaceHolder1_lblH3\">Bandeja de teclado plegable de pared Caracter\u00edsticas<\/span><\/h1>\n<div class=\"col-md-6 col-sm-6 col-xs-12 detailList\">\n<ul>\n<li>Funcionalidad de movimiento de deslizamiento extensible y retr\u00e1ctil<\/li>\n<li>Bandeja de teclado montada en la pared<\/li>\n<li>El teclado se pliega para que sea de bajo perfil y tiene un cierre de seguridad<\/li>\n<li>Conector de bandeja giratoria de 90\u00b0 abatible<\/li>\n<li>Bandeja de rat\u00f3n deslizante de izquierda a derecha<\/li>\n<li>Incluye un soporte universal para el rat\u00f3n<\/li>\n<li>Recubrimientos antimicrobianos para una desinfecci\u00f3n completa<\/li>\n<li>Dise\u00f1o que ahorra espacio para entornos de oficina reducidos<\/li>\n<li>Dise\u00f1o ergon\u00f3mico con flexibilidad y durabilidad<\/li>\n<\/ul>\n<p>&nbsp;<\/p>\n<p>&nbsp;<\/p>\n<\/div>\n<div class=\"col-md-6 col-sm-6 col-xs-12\">\n<ul class=\"ulpdf\">\n<li><a id=\"ctl00_ContentPlaceHolder1_hPDF\" href=\"https:\/\/afcindustries.com\/PDFS\/772464_PDF.PDF\" target=\"_blank\" rel=\"noopener\"><img decoding=\"async\" id=\"ctl00_ContentPlaceHolder1_imgPDF\" style=\"border-width: 0px;\" src=\"https:\/\/afcindustries.com\/images\/pdf.gif\" border=\"0\" \/><span id=\"ctl00_ContentPlaceHolder1_lblPDFSKU\" class=\"pdf\">PDF 772464_pdf.PDF<\/span><\/a><\/li>\n<\/ul>\n<ul>\n<li>\n<ul class=\"specPreview\">\n<li>Altura<\/li>\n<li>&#8211; 10 pulgadas<\/li>\n<\/ul>\n<p>&nbsp;<\/li>\n<li>\n<ul class=\"specPreview\">\n<li>Anchura<\/li>\n<li>&#8211; 21 pulgadas<\/li>\n<\/ul>\n<p>&nbsp;<\/li>\n<li>\n<ul class=\"specPreview\">\n<li>Profundidad<\/li>\n<li>&#8211; 15,5 a 21,5 pulgadas<\/li>\n<\/ul>\n<p>&nbsp;<\/li>\n<\/ul>\n<\/div>\n","protected":false},"featured_media":15671,"template":"","meta":{"_acf_changed":false,"inline_featured_image":false},"product_brand":[],"product_cat":[1783,3057,1784],"product_tag":[],"class_list":{"0":"post-20067","1":"product","2":"type-product","3":"status-publish","4":"has-post-thumbnail","6":"product_cat-accesorios","7":"product_cat-bandeja-plegable-de-pared-para-teclado-y-raton","8":"product_cat-todos-los-accesorios","9":"pa_model-wm-tr-f-es","11":"first","12":"instock","13":"product-type-simple"},"acf":[],"_links":{"self":[{"href":"https:\/\/afcindustries.com\/es\/wp-json\/wp\/v2\/product\/20067","targetHints":{"allow":["GET"]}}],"collection":[{"href":"https:\/\/afcindustries.com\/es\/wp-json\/wp\/v2\/product"}],"about":[{"href":"https:\/\/afcindustries.com\/es\/wp-json\/wp\/v2\/types\/product"}],"wp:featuredmedia":[{"embeddable":true,"href":"https:\/\/afcindustries.com\/es\/wp-json\/wp\/v2\/media\/15671"}],"wp:attachment":[{"href":"https:\/\/afcindustries.com\/es\/wp-json\/wp\/v2\/media?parent=20067"}],"wp:term":[{"taxonomy":"product_brand","embeddable":true,"href":"https:\/\/afcindustries.com\/es\/wp-json\/wp\/v2\/product_brand?post=20067"},{"taxonomy":"product_cat","embeddable":true,"href":"https:\/\/afcindustries.com\/es\/wp-json\/wp\/v2\/product_cat?post=20067"},{"taxonomy":"product_tag","embeddable":true,"href":"https:\/\/afcindustries.com\/es\/wp-json\/wp\/v2\/product_tag?post=20067"}],"curies":[{"name":"wp","href":"https:\/\/api.w.org\/{rel}","templated":true}]}}