{"id":20066,"date":"2022-01-29T12:35:52","date_gmt":"2022-01-29T17:35:52","guid":{"rendered":"https:\/\/afcindustries.com\/product\/escritorio-elevable-ergonomico\/"},"modified":"2024-11-30T11:12:06","modified_gmt":"2024-11-30T16:12:06","slug":"escritorio-elevable-ergonomico","status":"publish","type":"product","link":"https:\/\/afcindustries.com\/es\/producto\/escritorio-elevable-ergonomico\/","title":{"rendered":"Escritorio elevable ergon\u00f3mico"},"content":{"rendered":"<h2>Escritorio elevado de pie<\/h2>\n<div id=\"color_choice\">\n<div id=\"ctl00_ContentPlaceHolder1_color1_pnlColor\" class=\"option-Style-Panel1\">\n<div class=\"color-container\">\n<div class=\"color-item\"><\/div>\n<\/div>\n<\/div>\n<\/div>\n<p>&nbsp;<\/p>\n<div class=\"desksize\">\n<div id=\"ctl00_ContentPlaceHolder1_DeskSize_Panel1\" class=\"option-Style-Panel1\">\n<div class=\"desksize\"><span id=\"ctl00_ContentPlaceHolder1_DeskSize_Label1\">Especificaciones del tama\u00f1o del escritorio <\/span><\/div>\n<div>\n<table id=\"ctl00_ContentPlaceHolder1_DeskSize_GridView1\" class=\"table-vk table table-hover\" style=\"background-color: white;border-style: None;border-collapse: collapse\" border=\"1\" rules=\"all\" cellspacing=\"0\">\n<tbody>\n<tr>\n<th scope=\"col\">En forma de mesa<\/th>\n<th scope=\"col\">Anchura de la tabla<\/th>\n<th scope=\"col\">Profundidad de la mesa<\/th>\n<th scope=\"col\">Altura de la mesa<\/th>\n<\/tr>\n<tr>\n<td><a id=\"ctl00_ContentPlaceHolder1_DeskSize_GridView1_ctl02_hImage\" href=\"https:\/\/afcindustries.com\/standard-shape-table-d144\"><img decoding=\"async\" id=\"ctl00_ContentPlaceHolder1_DeskSize_GridView1_ctl02_imgProductRelated\" style=\"border-width: 0px\" src=\"https:\/\/afcindustries.com\/wp-content\/uploads\/2022\/01\/Standard.jpg\" alt=\"\" title=\"\"><\/a><\/td>\n<td><span id=\"ctl00_ContentPlaceHolder1_DeskSize_GridView1_ctl02_lbltableWidth\">36&#8243;, 48&#8243;, 60&#8243;, 72&#8243;, 84&#8243;, 96&#8243;<\/span><\/td>\n<td><span id=\"ctl00_ContentPlaceHolder1_DeskSize_GridView1_ctl02_lbltableDepth\">24&#8243;, 30&#8243;, 36&#8243;<\/span><\/td>\n<td><span id=\"ctl00_ContentPlaceHolder1_DeskSize_GridView1_ctl02_lblTableHeight\">28&#8243; a 47&#8243;<\/span><\/td>\n<\/tr>\n<\/tbody>\n<\/table>\n<\/div>\n<\/div>\n<\/div>\n<h3 class=\"product-h3\"><span id=\"ctl00_ContentPlaceHolder1_lblImageBottom1\">Caracter\u00edsticas de la mesa elevadora ergon\u00f3mica<\/span><\/h3>\n<p><img decoding=\"async\" id=\"ctl00_ContentPlaceHolder1_imgDetailImageCall\" class=\"img-responsive\" style=\"border-width: 0px\" src=\"https:\/\/afcindustries.com\/wp-content\/uploads\/2022\/01\/772468-ergonomic-raising-desk-features.jpg\" alt=\"Caracter\u00edsticas de la mesa elevadora ergon\u00f3mica\" title=\"\"><\/p>\n<div id=\"ctl00_ContentPlaceHolder1_pnlImageContainer\"><\/div>\n<h3 class=\"product-h3\"><span id=\"ctl00_ContentPlaceHolder1_lblImageBottom2\">Especificaciones de la mesa elevadora ergon\u00f3mica<\/span><\/h3>\n<p><img decoding=\"async\" id=\"ctl00_ContentPlaceHolder1_imgDetailImageCall2\" class=\"img-responsive\" style=\"border-width: 0px\" src=\"https:\/\/afcindustries.com\/wp-content\/uploads\/2022\/01\/772468-ergonomic-raising-desk-specs.jpg\" alt=\"Especificaciones de la mesa elevadora ergon\u00f3mica\" title=\"\"><\/p>\n<h3 class=\"product-h3\"><span id=\"ctl00_ContentPlaceHolder1_lblImageBottom3\">Accesorios para escritorios elevados ergon\u00f3micos<\/span><\/h3>\n<p><img decoding=\"async\" id=\"ctl00_ContentPlaceHolder1_imgDetailImageCall3\" class=\"img-responsive\" style=\"border-width: 0px\" src=\"https:\/\/afcindustries.com\/wp-content\/uploads\/2022\/01\/772468-ergonomic-raising-desk-accessories.jpg\" alt=\"Accesorios para escritorios elevados ergon\u00f3micos\" title=\"\"><\/p>\n<p>&nbsp;<\/p>\n<ul>\n<li><strong>El mejor dise\u00f1o ergon\u00f3mico y c\u00f3modo:<\/strong> Dise\u00f1ado para la comodidad para reducir el estr\u00e9s y mantener la postura durante el trabajo.<\/li>\n<li><strong>Mantiene una buena salud:<\/strong> Elimina las lesiones por esfuerzo repetitivo (RSI), los dolores musculares, las molestias corporales, la tensi\u00f3n ocular y la fatiga. Aumenta la productividad y la circulaci\u00f3n sangu\u00ednea saludable.<\/li>\n<li><strong>F\u00e1cil de usar:<\/strong> f\u00e1cil de manejar sin necesidad de horas de formaci\u00f3n del usuario. Muy f\u00e1cil de configurar para adaptarse a las preferencias de cada usuario.<\/li>\n<li><strong>Iluminaci\u00f3n de escritorio preparada:<\/strong> Minimiza el cansancio ocular y la fatiga asociada y maximiza la precisi\u00f3n visual proporcionando una iluminaci\u00f3n adecuada.<\/li>\n<li><strong>Acceso a puertos de datos y tomas de corriente:<\/strong> Aumenta la productividad y la eficiencia gracias a la facilidad de acceso a los puertos de datos y las tomas de corriente.<\/li>\n<li><strong>Superficie de escritorio y bordes laminados de primera calidad:<\/strong> Las superficies de escritorio laminadas, los bordes lisos y las esquinas eliminan el riesgo de lesiones. Tambi\u00e9n mantiene el escritorio limpio y liso.<\/li>\n<li><strong>Colocaci\u00f3n correcta de la CPU del ordenador:<\/strong> La CPU del ordenador se encuentra fuera de peligro, lo que permite a los usuarios moverse libremente.<\/li>\n<li><strong>Gesti\u00f3n limpia de los cables:<\/strong> Los cables est\u00e1n ocultos de forma segura para eliminar el riesgo de accidentes que pueda causar a personas o equipos.<\/li>\n<li><strong>Construido seg\u00fan las especificaciones:<\/strong> Se puede especificar para acomodar las necesidades \u00fanicas y el entorno de trabajo de los usuarios individuales antes de la fabricaci\u00f3n.<\/li>\n<li><strong>Garantizado con la garant\u00eda del producto:<\/strong> Cubierto con la garant\u00eda de producto del fabricante que da seguridad a los compradores en caso de que el producto no cumpla con las expectativas.<\/li>\n<li><strong>Equipo de fabricaci\u00f3n de confianza:<\/strong> Nuestros dise\u00f1adores, ingenieros y fabricantes utilizan sus habilidades y talentos para ofrecerle el producto de mayor calidad que usted merece.<\/li>\n<li><strong>Asistencia en la planificaci\u00f3n del espacio de trabajo:<\/strong> Proporcionamos asistencia en la planificaci\u00f3n en la instalaci\u00f3n o renovaci\u00f3n de sus instalaciones de trabajo.<\/li>\n<li><strong>Ayuda para la instalaci\u00f3n:<\/strong> Proporcionamos asistencia exhaustiva en el despliegue de su mobiliario para el servicio.<\/li>\n<li><strong>Muebles de escritorio vers\u00e1tiles:<\/strong> Nuestros muebles son capaces de adaptarse a diferentes usos y entornos, por lo que son duraderos.<\/li>\n<\/ul>\n<p>AFC fabrica equipos de mobiliario de alta calidad que superan las expectativas est\u00e1ndar de practicidad, funcionalidad y ergonom\u00eda. Nuestros productos est\u00e1n garantizados con una garant\u00eda total del producto. Construimos productos que ofrecen a nuestros clientes la tranquilidad de obtener el m\u00e1ximo rendimiento de su inversi\u00f3n.<\/p>\n<p>P\u00f3ngase en contacto con nosotros para una consulta gratuita con nuestro amable y servicial especialista en mobiliario t\u00e9cnico ergon\u00f3mico.<\/p>\n","protected":false},"excerpt":{"rendered":"<h1 class=\"product-h3\"><span id=\"ctl00_ContentPlaceHolder1_lblH3\">Mesa elevadora<\/span><\/h1>\n<p>Este escritorio ergon\u00f3mico, simple y bien elaborado, est\u00e1 equipado con un amplio espacio de trabajo en el escritorio, ajuste de altura telesc\u00f3pico, soporte para CPU, soportes de montaje de monitores VESA y ruedas. El escritorio est\u00e1 provisto de molduras en los bordes y la superficie superior est\u00e1 laminada para dar una sensaci\u00f3n de comodidad superior a sus usuarios.<\/p>\n<p>Este escritorio de pie est\u00e1 dise\u00f1ado por expertos para ofrecer una funcionalidad, durabilidad, ergonom\u00eda y est\u00e9tica \u00f3ptimas. Est\u00e1 dise\u00f1ado para ofrecer mecanismos de ajuste precisos y una movilidad suave para lograr un confort que mejore la productividad en cualquier entorno de trabajo.<\/p>\n<p>Con la incorporaci\u00f3n de los monitores Barco Nio Color 3MP para obtener la estaci\u00f3n de trabajo de lectura definitiva, este pupitre ergon\u00f3mico redefine la eficiencia del trabajo con su avanzado dise\u00f1o ergon\u00f3mico.<\/p>\n<div class=\"col-md-6 col-sm-6 col-xs-12 detailList\">\n<ul>\n<li>Mesa de trabajo para ordenador de un solo nivel<\/li>\n<li>Mesa de altura regulable electr\u00f3nicamente<\/li>\n<li>Dise\u00f1o de gran anchura<\/li>\n<li>Ruedas incorporadas para facilitar la movilidad<\/li>\n<li>Perfecto para entornos de oficina<\/li>\n<\/ul>\n<p>&nbsp;<\/p>\n<\/div>\n<div class=\"col-md-6 col-sm-6 col-xs-12\">\n<ul class=\"ulpdf\">\n<li><a id=\"ctl00_ContentPlaceHolder1_hPDF_instrcution\" href=\"https:\/\/afcindustries.com\/PDF_INSTRUCTION\/HEIGHT%20ADJUSTMENT%20CONTROL%20MANUAL.PDF\" target=\"_blank\" rel=\"noopener\"><img decoding=\"async\" id=\"ctl00_ContentPlaceHolder1_imgPDF_instrcution\" style=\"border-width: 0px;\" src=\"https:\/\/afcindustries.com\/images\/pdf-instruction.png\" border=\"0\" \/><span id=\"ctl00_ContentPlaceHolder1_lblPDF_instrcution\" class=\"pdf\">Manual de control de ajuste de altura<\/span><\/a><\/li>\n<\/ul>\n<p>&nbsp;<\/p>\n<ul class=\"ulpdf\">\n<li>Altura: 28 \u00bb &#8211; 47 \u00ab.<\/li>\n<li>Anchura: 108 \u00ab<\/li>\n<li>Profundidad: 30 \u00ab<\/li>\n<\/ul>\n<\/div>\n","protected":false},"featured_media":29481,"template":"","meta":{"_acf_changed":false,"inline_featured_image":false},"product_brand":[],"product_cat":[3051,1788,1789],"product_tag":[],"class_list":{"0":"post-20066","1":"product","2":"type-product","3":"status-publish","4":"has-post-thumbnail","6":"product_cat-escritorio-elevable-ergonomico","7":"product_cat-escritorios-de-pie","8":"product_cat-escritorios-de-un-solo-nivel","9":"pa_model-nivel-unico-10830","11":"first","12":"instock","13":"product-type-simple"},"acf":[],"_links":{"self":[{"href":"https:\/\/afcindustries.com\/es\/wp-json\/wp\/v2\/product\/20066","targetHints":{"allow":["GET"]}}],"collection":[{"href":"https:\/\/afcindustries.com\/es\/wp-json\/wp\/v2\/product"}],"about":[{"href":"https:\/\/afcindustries.com\/es\/wp-json\/wp\/v2\/types\/product"}],"wp:featuredmedia":[{"embeddable":true,"href":"https:\/\/afcindustries.com\/es\/wp-json\/wp\/v2\/media\/29481"}],"wp:attachment":[{"href":"https:\/\/afcindustries.com\/es\/wp-json\/wp\/v2\/media?parent=20066"}],"wp:term":[{"taxonomy":"product_brand","embeddable":true,"href":"https:\/\/afcindustries.com\/es\/wp-json\/wp\/v2\/product_brand?post=20066"},{"taxonomy":"product_cat","embeddable":true,"href":"https:\/\/afcindustries.com\/es\/wp-json\/wp\/v2\/product_cat?post=20066"},{"taxonomy":"product_tag","embeddable":true,"href":"https:\/\/afcindustries.com\/es\/wp-json\/wp\/v2\/product_tag?post=20066"}],"curies":[{"name":"wp","href":"https:\/\/api.w.org\/{rel}","templated":true}]}}