{"id":20060,"date":"2022-01-29T12:35:55","date_gmt":"2022-01-29T17:35:55","guid":{"rendered":"https:\/\/afcindustries.com\/product\/tabique-de-oficina-independiente\/"},"modified":"2024-11-30T11:11:48","modified_gmt":"2024-11-30T16:11:48","slug":"tabique-de-oficina-independiente","status":"publish","type":"product","link":"https:\/\/afcindustries.com\/es\/producto\/tabique-de-oficina-independiente\/","title":{"rendered":"Tabique de oficina independiente"},"content":{"rendered":"<h2>Pared divisoria para cub\u00edculos de oficina modernos<\/h2>\n<div id=\"color_choice\">\n<div id=\"ctl00_ContentPlaceHolder1_color1_pnlColor\" class=\"option-Style-Panel1\">\n<div class=\"color-container\">\n<div class=\"color-item\">\n<p>&nbsp;<\/p>\n<div id=\"FabricBlue\" class=\"color-item-big\"><img decoding=\"async\" src=\"https:\/\/afcindustries.com\/wp-content\/uploads\/2022\/01\/FabricBlue-1.jpg\" alt=\"TejidoAzul\" title=\"\"><\/div>\n<\/div>\n<\/div>\n<\/div>\n<\/div>\n<p>Una pared divisoria modular de oficina independiente con estructura de acero y paneles absorbentes del ruido para minimizar las distracciones sonoras y ayudar a los usuarios a ser m\u00e1s productivos.<\/p>\n<p>Esta pared divisoria modular para oficinas es f\u00e1cil de montar y escalar. Dise\u00f1ado con caracter\u00edsticas est\u00e9ticas modernas que se adaptan a los dise\u00f1os interiores de las oficinas modernas. Ayuda a los usuarios a concentrarse en su tarea al permitirles tener un entorno de trabajo concentrado y libre de distracciones e interrupciones de los compa\u00f1eros.<\/p>\n<div class=\"desksize\"><\/div>\n<h3 class=\"product-h3\"><span id=\"ctl00_ContentPlaceHolder1_lblImageBottom1\">Caracter\u00edsticas de la pared divisoria para oficinas que absorbe el sonido<\/span><\/h3>\n<p><img decoding=\"async\" id=\"ctl00_ContentPlaceHolder1_imgDetailImageCall\" class=\"img-responsive\" style=\"border-width: 0px\" src=\"https:\/\/afcindustries.com\/wp-content\/uploads\/2022\/01\/771679-sound-absorbing-office-partition-wall-features.jpg\" alt=\"Pared divisoria para oficinas que absorbe el sonido\" title=\"\"><\/p>\n<div id=\"ctl00_ContentPlaceHolder1_pnlImageContainer\"><\/div>\n<h3 class=\"product-h3\"><span id=\"ctl00_ContentPlaceHolder1_lblImageBottom2\">Tabique de oficina con estructura met\u00e1lica<\/span><\/h3>\n<p><img decoding=\"async\" id=\"ctl00_ContentPlaceHolder1_imgDetailImageCall2\" class=\"img-responsive\" style=\"border-width: 0px\" src=\"https:\/\/afcindustries.com\/wp-content\/uploads\/2022\/01\/771679-metal-frame-office-partition-wall.jpg\" alt=\"Tabique de oficina con estructura met\u00e1lica\" title=\"\"><\/p>\n<h3 class=\"product-h3\"><\/h3>\n","protected":false},"excerpt":{"rendered":"<h1 class=\"product-h3\"><span id=\"ctl00_ContentPlaceHolder1_lblH3\">Partici\u00f3n de la habitaci\u00f3n independiente <\/span><\/h1>\n<div class=\"col-md-6 col-sm-6 col-xs-12 detailList\">\n<p><b>Caracter\u00edsticas<\/b><br \/>\nFibra absorbente de sonido de 1 pulgada de espesor con reflector en un lado<br \/>\nArmaz\u00f3n de acero laminado en fr\u00edo de calibre 11 con acabado en polvo epoxi<br \/>\nEvita las interferencias de la luz<br \/>\nPuede utilizarse como tabla de tachuelas<br \/>\nVarios colores disponibles<br \/>\nBase libre de 1\/4 de pulgada de espesor<\/p>\n<p><b>Especificaciones<\/b><br \/>\nAncho: 36 pulgadas, 48 pulgadas, 60 pulgadas, 72 pulgadas<br \/>\nAltura desde el suelo: 60 pulgadas, 72<\/p>\n<p><b>Todas las opciones<\/b><br \/>\nTapa de plexigl\u00e1s tintado o transparente de 1\/8 de pulgada de grosor<br \/>\nIndependiente, m\u00f3vil (ruedas gemelas de 2 pulgadas) o fijado al suelo\/carro<\/p>\n<p>&nbsp;<\/p>\n<p>&nbsp;<\/p>\n<\/div>\n<div class=\"col-md-6 col-sm-6 col-xs-12\">\n<ul class=\"ulpdf\">\n<li><a id=\"ctl00_ContentPlaceHolder1_hPDF\" href=\"https:\/\/afcindustries.com\/PDFS\/72_FS_WM_PX_01.PDF\" target=\"_blank\" rel=\"noopener\"><img decoding=\"async\" id=\"ctl00_ContentPlaceHolder1_imgPDF\" style=\"border-width: 0px;\" src=\"https:\/\/afcindustries.com\/images\/pdf.gif\" border=\"0\" \/><span id=\"ctl00_ContentPlaceHolder1_lblPDFSKU\" class=\"pdf\">PDF 72_FS_WM_PX_01.pdf<\/span><\/a><\/li>\n<\/ul>\n<ul>\n<li>\n<ul class=\"specPreview\">\n<li>Altura<\/li>\n<li>72 \u00ab<\/li>\n<\/ul>\n<p>&nbsp;<\/li>\n<li>\n<ul class=\"specPreview\">\n<li>Anchura<\/li>\n<li>72 \u00ab<\/li>\n<\/ul>\n<p>&nbsp;<\/li>\n<\/ul>\n<\/div>\n","protected":false},"featured_media":15506,"template":"","meta":{"_acf_changed":false,"inline_featured_image":false},"product_brand":[],"product_cat":[1783,3040],"product_tag":[],"class_list":{"0":"post-20060","1":"product","2":"type-product","3":"status-publish","4":"has-post-thumbnail","6":"product_cat-accesorios","7":"product_cat-tabique-de-oficina-independiente","8":"pa_model-part_plglas_7272-es","10":"first","11":"instock","12":"product-type-simple"},"acf":[],"_links":{"self":[{"href":"https:\/\/afcindustries.com\/es\/wp-json\/wp\/v2\/product\/20060","targetHints":{"allow":["GET"]}}],"collection":[{"href":"https:\/\/afcindustries.com\/es\/wp-json\/wp\/v2\/product"}],"about":[{"href":"https:\/\/afcindustries.com\/es\/wp-json\/wp\/v2\/types\/product"}],"wp:featuredmedia":[{"embeddable":true,"href":"https:\/\/afcindustries.com\/es\/wp-json\/wp\/v2\/media\/15506"}],"wp:attachment":[{"href":"https:\/\/afcindustries.com\/es\/wp-json\/wp\/v2\/media?parent=20060"}],"wp:term":[{"taxonomy":"product_brand","embeddable":true,"href":"https:\/\/afcindustries.com\/es\/wp-json\/wp\/v2\/product_brand?post=20060"},{"taxonomy":"product_cat","embeddable":true,"href":"https:\/\/afcindustries.com\/es\/wp-json\/wp\/v2\/product_cat?post=20060"},{"taxonomy":"product_tag","embeddable":true,"href":"https:\/\/afcindustries.com\/es\/wp-json\/wp\/v2\/product_tag?post=20060"}],"curies":[{"name":"wp","href":"https:\/\/api.w.org\/{rel}","templated":true}]}}