{"id":20054,"date":"2022-01-29T12:34:38","date_gmt":"2022-01-29T17:34:38","guid":{"rendered":"https:\/\/afcindustries.com\/product\/soporte-para-raton-de-ordenador-montado-en-la-pared\/"},"modified":"2024-11-30T11:26:14","modified_gmt":"2024-11-30T16:26:14","slug":"soporte-para-raton-de-ordenador-montado-en-la-pared","status":"publish","type":"product","link":"https:\/\/afcindustries.com\/es\/producto\/soporte-para-raton-de-ordenador-montado-en-la-pared\/","title":{"rendered":"Soporte para rat\u00f3n de ordenador montado en la pared"},"content":{"rendered":"<h2>Soporte para rat\u00f3n de ordenador<\/h2>\n<div id=\"color_choice\"><\/div>\n<p>Soporte met\u00e1lico para rat\u00f3n dise\u00f1ado para acomodar una variedad de ratones de ordenador est\u00e1ndar. El labio inferior est\u00e1 recortado para el cable. Los labios de sujeci\u00f3n se pueden doblar para abrir un rat\u00f3n m\u00e1s grande.<\/p>\n<p>Dos orificios para el atornillado opcional a la pared o a la parte inferior de la bandeja plegable para teclado de nuestros soportes de pared. Tambi\u00e9n se puede utilizar velcro para la fijaci\u00f3n.<\/p>\n<div class=\"desksize\"><\/div>\n","protected":false},"excerpt":{"rendered":"<h1 class=\"product-h3\"><span id=\"ctl00_ContentPlaceHolder1_lblH3\">Soporte para rat\u00f3n de ordenador:<\/span><\/h1>\n<div class=\"col-md-6 col-sm-6 col-xs-12 detailList\">\n<ul>\n<li>Soporte met\u00e1lico para rat\u00f3n<\/li>\n<li>El labio inferior est\u00e1 recortado para el cable<\/li>\n<li>Los labios de sujeci\u00f3n se pueden doblar para abrir un rat\u00f3n m\u00e1s grande<\/li>\n<li>Dos orificios para el atornillado opcional a la pared o a la parte inferior de la bandeja plegable para teclado de nuestros soportes de pared<\/li>\n<li>Tambi\u00e9n se puede utilizar velcro para la fijaci\u00f3n<\/li>\n<\/ul>\n<p>&nbsp;<\/p>\n<p>&nbsp;<\/p>\n<\/div>\n<div class=\"col-md-6 col-sm-6 col-xs-12\">\n<ul class=\"ulpdf\">\n<li><a id=\"ctl00_ContentPlaceHolder1_hPDF\" href=\"https:\/\/afcindustries.com\/PDFS\/AFC_MOUSE_01.PDF\" target=\"_blank\" rel=\"noopener\"><img decoding=\"async\" id=\"ctl00_ContentPlaceHolder1_imgPDF\" style=\"border-width: 0px;\" src=\"https:\/\/afcindustries.com\/images\/pdf.gif\" border=\"0\" \/><span id=\"ctl00_ContentPlaceHolder1_lblPDFSKU\" class=\"pdf\">PDF AFC_MOUSE_01.pdf<\/span><\/a><\/li>\n<\/ul>\n<ul>\n<li>\n<ul class=\"specPreview\">\n<li>Altura<\/li>\n<li>5&#8243;<\/li>\n<\/ul>\n<p>&nbsp;<\/li>\n<li>\n<ul class=\"specPreview\">\n<li>Anchura<\/li>\n<li>3&#8243;<\/li>\n<\/ul>\n<p>&nbsp;<\/li>\n<li><\/li>\n<\/ul>\n<\/div>\n","protected":false},"featured_media":15123,"template":"","meta":{"_acf_changed":false,"inline_featured_image":false},"product_brand":[],"product_cat":[1783,3012],"product_tag":[],"class_list":{"0":"post-20054","1":"product","2":"type-product","3":"status-publish","4":"has-post-thumbnail","6":"product_cat-accesorios","7":"product_cat-soporte-para-raton-de-pared","8":"pa_model-m001-es","10":"first","11":"instock","12":"product-type-simple"},"acf":[],"_links":{"self":[{"href":"https:\/\/afcindustries.com\/es\/wp-json\/wp\/v2\/product\/20054","targetHints":{"allow":["GET"]}}],"collection":[{"href":"https:\/\/afcindustries.com\/es\/wp-json\/wp\/v2\/product"}],"about":[{"href":"https:\/\/afcindustries.com\/es\/wp-json\/wp\/v2\/types\/product"}],"wp:featuredmedia":[{"embeddable":true,"href":"https:\/\/afcindustries.com\/es\/wp-json\/wp\/v2\/media\/15123"}],"wp:attachment":[{"href":"https:\/\/afcindustries.com\/es\/wp-json\/wp\/v2\/media?parent=20054"}],"wp:term":[{"taxonomy":"product_brand","embeddable":true,"href":"https:\/\/afcindustries.com\/es\/wp-json\/wp\/v2\/product_brand?post=20054"},{"taxonomy":"product_cat","embeddable":true,"href":"https:\/\/afcindustries.com\/es\/wp-json\/wp\/v2\/product_cat?post=20054"},{"taxonomy":"product_tag","embeddable":true,"href":"https:\/\/afcindustries.com\/es\/wp-json\/wp\/v2\/product_tag?post=20054"}],"curies":[{"name":"wp","href":"https:\/\/api.w.org\/{rel}","templated":true}]}}