{"id":20049,"date":"2022-01-29T12:34:47","date_gmt":"2022-01-29T17:34:47","guid":{"rendered":"https:\/\/afcindustries.com\/product\/carro-movil-para-tabletas-con-brazo-articulado-para-un-mayor-alcance\/"},"modified":"2024-11-30T11:26:01","modified_gmt":"2024-11-30T16:26:01","slug":"carro-movil-para-tabletas-con-brazo-articulado-para-un-mayor-alcance","status":"publish","type":"product","link":"https:\/\/afcindustries.com\/es\/producto\/carro-movil-para-tabletas-con-brazo-articulado-para-un-mayor-alcance\/","title":{"rendered":"Carro m\u00f3vil para tabletas con brazo articulado para un mayor alcance"},"content":{"rendered":"<h2>Carro m\u00f3vil para tabletas con brazo articulado para facilitar su alcance<\/h2>\n<div id=\"color_choice\">\n<div id=\"ctl00_ContentPlaceHolder1_color1_pnlColor\" class=\"option-Style-Panel1\">\n<div class=\"color-container\">\n<div class=\"color-item\">\n<p>&nbsp;<\/p>\n<div id=\"Black\" class=\"color-item-big\"><img decoding=\"async\" src=\"https:\/\/afcindustries.com\/wp-content\/uploads\/2022\/01\/Black-1.jpg\" alt=\"Negro\" title=\"\"><\/div>\n<\/div>\n<\/div>\n<\/div>\n<\/div>\n<p>Carro m\u00f3vil para tabletas con un brazo f\u00e1cilmente extensible para una mayor capacidad de alcance. Ideal para los pacientes que necesitan temporalmente un poco de ayuda extra para alcanzar sus tabletas para las comunicaciones remotas y las conexiones virtuales. Tambi\u00e9n puede utilizarse en una situaci\u00f3n en la que el carro de la tableta no puede colocarse lo suficientemente cerca del usuario. El brazo tambi\u00e9n puede manipularse para convertirse en un soporte de c\u00e1mara con un alcance articulado, de modo que pueda abarcar un \u00e1rea de visi\u00f3n mayor y m\u00e1s alta.<\/p>\n<p>Fabricado con componentes de acero y viene con ruedas que ruedan suavemente y no marcan para facilitar la maniobrabilidad.<\/p>\n<p>Este carro m\u00f3vil para tabletas, ligero pero robusto, es ideal para m\u00faltiples modalidades, incluyendo centros m\u00e9dicos, educativos, industriales y de transporte.<\/p>\n<ul>\n<li><strong>El mejor dise\u00f1o ergon\u00f3mico y confortable:<\/strong> Confort de trabajo que reduce el estr\u00e9s.<\/li>\n<li><strong>Mantiene una buena salud:<\/strong> Elimina las lesiones por esfuerzo repetitivo (RSI), los dolores musculares, las molestias corporales, la tensi\u00f3n ocular y la fatiga. Aumenta la productividad y la circulaci\u00f3n sangu\u00ednea saludable.<\/li>\n<li><strong>F\u00e1cil de usar:<\/strong> f\u00e1cil de manejar sin necesidad de horas de formaci\u00f3n del usuario. Muy f\u00e1cil de configurar para adaptarse a las preferencias de cada usuario.<\/li>\n<li><strong>Acceso a puertos de datos y tomas de corriente:<\/strong> Aumenta la productividad y la eficiencia gracias a la facilidad de acceso a los puertos de datos y las tomas de corriente.<\/li>\n<li><strong>Superficie y bordes laminados de primera calidad:<\/strong> Las superficies laminadas, los bordes lisos y las esquinas eliminan el riesgo de lesiones; tambi\u00e9n mantiene el equipo con un aspecto limpio.<\/li>\n<li><strong>Gesti\u00f3n limpia de los cables:<\/strong> Los cables est\u00e1n ocultos de forma segura para eliminar el riesgo de accidentes que pueda causar a personas o equipos.<\/li>\n<li><strong>Construido seg\u00fan las especificaciones:<\/strong> Se puede especificar para acomodar las necesidades \u00fanicas y el entorno de trabajo de los usuarios individuales antes de la fabricaci\u00f3n.<\/li>\n<li><strong>Garantizado con la garant\u00eda del producto:<\/strong> Cubierto con la garant\u00eda de producto del fabricante que da seguridad a los compradores en caso de que el producto no cumpla con las expectativas.<\/li>\n<li><strong>Equipo de fabricaci\u00f3n de confianza:<\/strong> Los dise\u00f1adores, ingenieros y fabricantes comprenden los deseos de los usuarios finales de los productos.<\/li>\n<li><strong>Asistencia en la planificaci\u00f3n del espacio de trabajo:<\/strong> Se le proporciona asistencia en la fase de planificaci\u00f3n o renovaci\u00f3n de sus instalaciones de trabajo.<\/li>\n<li><strong>Ayuda para la instalaci\u00f3n:<\/strong> Se le proporciona una asistencia exhaustiva en el despliegue del equipo para el servicio.<\/li>\n<li><strong>Carro para equipos m\u00e9dicos vers\u00e1til:<\/strong> Se adapta a diferentes usos y entornos.<\/li>\n<\/ul>\n<p>Compatible con los siguientes modelos de tabletas:<\/p>\n<p><strong>Manzana<\/strong><\/p>\n<ul>\n<li>iPad 10.2 \/ 10.5<\/li>\n<li>iPad Pro 11<\/li>\n<li>iPad Air 2<\/li>\n<li>iPad 2<\/li>\n<li>iPad Pro 9.7<\/li>\n<\/ul>\n<p><strong>Lenovo<\/strong><\/p>\n<ul>\n<li>Ficha 10<\/li>\n<\/ul>\n<p><strong>Microsoft<\/strong><\/p>\n<ul>\n<li>Surface Pro 3<\/li>\n<li>Surface Pro X<\/li>\n<\/ul>\n<p><strong>HP<\/strong><\/p>\n<ul>\n<li>Tableta Pro 10 EE G1<\/li>\n<li>Elite X2<\/li>\n<\/ul>\n<p><strong>DELL<\/strong><\/p>\n<ul>\n<li>Latitud 7390<\/li>\n<\/ul>\n<div class=\"desksize\"><\/div>\n<h3 class=\"product-h3\"><span id=\"ctl00_ContentPlaceHolder1_lblImageBottom1\">carro para tabletas del hospital<\/span><\/h3>\n<p><img decoding=\"async\" id=\"ctl00_ContentPlaceHolder1_imgDetailImageCall\" class=\"img-responsive\" style=\"border-width: 0px\" src=\"https:\/\/afcindustries.com\/wp-content\/uploads\/2022\/01\/772820-hospital-tablet-cart.jpg\" alt=\"carro para tabletas del hospital\" title=\"\"><\/p>\n<div id=\"ctl00_ContentPlaceHolder1_pnlImageContainer\"><\/div>\n<h3 class=\"product-h3\"><span id=\"ctl00_ContentPlaceHolder1_lblImageBottom2\">carro para tabletas ipad del hospital<\/span><\/h3>\n<p><img decoding=\"async\" id=\"ctl00_ContentPlaceHolder1_imgDetailImageCall2\" class=\"img-responsive\" style=\"border-width: 0px\" src=\"https:\/\/afcindustries.com\/wp-content\/uploads\/2022\/01\/772820-hospital-ipad-tablet-cart.jpg\" alt=\"carro para tabletas ipad del hospital\" title=\"\"><\/p>\n<h3 class=\"product-h3\"><span id=\"ctl00_ContentPlaceHolder1_lblImageBottom3\">carro rodante hospitalario para tabletas ipad<\/span><\/h3>\n<p><img decoding=\"async\" id=\"ctl00_ContentPlaceHolder1_imgDetailImageCall3\" class=\"img-responsive\" style=\"border-width: 0px\" src=\"https:\/\/afcindustries.com\/wp-content\/uploads\/2022\/01\/772820-hospital-ipad-tablet-rolling-cart.jpg\" alt=\"carro rodante hospitalario para tabletas ipad\" title=\"\"><\/p>\n","protected":false},"excerpt":{"rendered":"<h1 class=\"product-h3\"><span id=\"ctl00_ContentPlaceHolder1_lblH3\">Carro para tabletas rodante con brazo<\/span><\/h1>\n<div class=\"col-md-6 col-sm-6 col-xs-12 detailList\"><span id=\"ctl00_ContentPlaceHolder1_lblDetails\"><\/span><br \/>\n<span id=\"ctl00_ContentPlaceHolder1_lblFeatures\"><\/span><\/div>\n<div class=\"col-md-6 col-sm-6 col-xs-12\">\n<ul class=\"ulpdf\">\n<li><a id=\"ctl00_ContentPlaceHolder1_hPDF\" href=\"https:\/\/afcindustries.com\/PDFS\/TBC2020-56ARM-AFC16_ENC_01.PDF\" target=\"_blank\" rel=\"noopener\"><img decoding=\"async\" id=\"ctl00_ContentPlaceHolder1_imgPDF\" style=\"border-width: 0px;\" src=\"https:\/\/afcindustries.com\/images\/pdf.gif\" border=\"0\" \/><span id=\"ctl00_ContentPlaceHolder1_lblPDFSKU\" class=\"pdf\">PDF TBC2020-56ARM-AFC16_ENC_01.pdf<\/span><\/a><\/li>\n<\/ul>\n<ul>\n<li>\n<ul class=\"specPreview\">\n<li>Altura<\/li>\n<li>58&#8243; en total<\/li>\n<\/ul>\n<p>&nbsp;<\/li>\n<li>\n<ul class=\"specPreview\">\n<li>Anchura<\/li>\n<li>22&#8243;<\/li>\n<\/ul>\n<p>&nbsp;<\/li>\n<li>\n<ul class=\"specPreview\">\n<li>Profundidad<\/li>\n<li>22&#8243;<\/li>\n<\/ul>\n<p>&nbsp;<\/li>\n<\/ul>\n<\/div>\n","protected":false},"featured_media":44927,"template":"","meta":{"_acf_changed":false,"inline_featured_image":false},"product_brand":[],"product_cat":[1803,2992,1765],"product_tag":[],"class_list":{"0":"post-20049","1":"product","2":"type-product","3":"status-publish","4":"has-post-thumbnail","6":"product_cat-carro-de-tabletas","7":"product_cat-carro-movil-para-tabletas-con-brazo-articulado","8":"product_cat-carros-de-ordenador-medico","10":"first","11":"instock","12":"product-type-simple"},"acf":[],"_links":{"self":[{"href":"https:\/\/afcindustries.com\/es\/wp-json\/wp\/v2\/product\/20049","targetHints":{"allow":["GET"]}}],"collection":[{"href":"https:\/\/afcindustries.com\/es\/wp-json\/wp\/v2\/product"}],"about":[{"href":"https:\/\/afcindustries.com\/es\/wp-json\/wp\/v2\/types\/product"}],"wp:featuredmedia":[{"embeddable":true,"href":"https:\/\/afcindustries.com\/es\/wp-json\/wp\/v2\/media\/44927"}],"wp:attachment":[{"href":"https:\/\/afcindustries.com\/es\/wp-json\/wp\/v2\/media?parent=20049"}],"wp:term":[{"taxonomy":"product_brand","embeddable":true,"href":"https:\/\/afcindustries.com\/es\/wp-json\/wp\/v2\/product_brand?post=20049"},{"taxonomy":"product_cat","embeddable":true,"href":"https:\/\/afcindustries.com\/es\/wp-json\/wp\/v2\/product_cat?post=20049"},{"taxonomy":"product_tag","embeddable":true,"href":"https:\/\/afcindustries.com\/es\/wp-json\/wp\/v2\/product_tag?post=20049"}],"curies":[{"name":"wp","href":"https:\/\/api.w.org\/{rel}","templated":true}]}}