{"id":20046,"date":"2022-01-29T12:35:39","date_gmt":"2022-01-29T17:35:39","guid":{"rendered":"https:\/\/afcindustries.com\/product\/carro-de-ordenador-medico-para-la-sanidad\/"},"modified":"2024-11-30T11:11:33","modified_gmt":"2024-11-30T16:11:33","slug":"carro-de-ordenador-medico-para-la-sanidad","status":"publish","type":"product","link":"https:\/\/afcindustries.com\/es\/producto\/carro-de-ordenador-medico-para-la-sanidad\/","title":{"rendered":"Carro de ordenador m\u00e9dico para la sanidad"},"content":{"rendered":"<h2>Carro de ordenador ergon\u00f3mico para el sector sanitario<\/h2>\n<div id=\"color_choice\">\n<div id=\"ctl00_ContentPlaceHolder1_color1_pnlColor\" class=\"option-Style-Panel1\">\n<div class=\"color-container\">\n<div class=\"color-item\">\n<p>&nbsp;<\/p>\n<div id=\"Black\" class=\"color-item-big\"><img decoding=\"async\" src=\"https:\/\/afcindustries.com\/wp-content\/uploads\/2022\/01\/Black-1.jpg\" alt=\"Negro\" title=\"\"><\/div>\n<\/div>\n<\/div>\n<\/div>\n<\/div>\n<p>Este carro de ordenador sanitario viene con valiosas caracter\u00edsticas ergon\u00f3micas y elementos de dise\u00f1o que son muy vers\u00e1tiles y compactos, incluyendo un brazo articulado para el monitor de altura ajustable, ajuste de altura neum\u00e1tico, soporte para altavoces y ruedas giratorias bloqueables.<\/p>\n<p>El carro de ordenador m\u00f3vil de AFC mejora la productividad y la eficiencia en entornos de trabajo industriales, de oficina o m\u00e9dicos con sus caracter\u00edsticas vanguardistas, ergon\u00f3micas y de f\u00e1cil uso. Esta l\u00ednea de equipos especializados est\u00e1 cargada de una gran cantidad de funcionalidades modernas para ayudar a los profesionales con una comodidad \u00f3ptima en el acceso a los datos m\u00f3viles.<\/p>\n<p>AFC fabrica equipos de mobiliario de alta calidad que superan las expectativas est\u00e1ndar de practicidad, funcionalidad y ergonom\u00eda. Nuestros productos est\u00e1n garantizados con una garant\u00eda total del producto. Construimos productos que ofrecen a nuestros clientes la tranquilidad de obtener el m\u00e1ximo rendimiento de su inversi\u00f3n.<\/p>\n<p>P\u00f3ngase en contacto con nosotros para una consulta gratuita con nuestro amable y servicial especialista en mobiliario t\u00e9cnico ergon\u00f3mico.<\/p>\n<div class=\"desksize\"><\/div>\n<h3 class=\"product-h3\"><span id=\"ctl00_ContentPlaceHolder1_lblImageBottom1\">Carro de ordenador m\u00f3vil Caracter\u00edsticas<\/span><\/h3>\n<p><img decoding=\"async\" id=\"ctl00_ContentPlaceHolder1_imgDetailImageCall\" class=\"img-responsive\" style=\"border-width: 0px\" src=\"https:\/\/afcindustries.com\/wp-content\/uploads\/2022\/01\/OEM-8-mobile-computer-cart-features.jpg\" alt=\"carro de ordenador con ruedas\" title=\"\"><\/p>\n<div id=\"ctl00_ContentPlaceHolder1_pnlImageContainer\"><\/div>\n<h3 class=\"product-h3\"><span id=\"ctl00_ContentPlaceHolder1_lblImageBottom2\">Carro de ordenador m\u00f3vil Brazo de monitor<\/span><\/h3>\n<p><img decoding=\"async\" id=\"ctl00_ContentPlaceHolder1_imgDetailImageCall2\" class=\"img-responsive\" style=\"border-width: 0px\" src=\"https:\/\/afcindustries.com\/wp-content\/uploads\/2022\/01\/OEM-8-mobile-computer-cart-monitor-arm.jpg\" alt=\"Carro de ordenador m\u00f3vil Brazo de monitor\" title=\"\"><\/p>\n<h3 class=\"product-h3\"><span id=\"ctl00_ContentPlaceHolder1_lblImageBottom3\">Carro de ordenador m\u00f3vil de sobremesa<\/span><\/h3>\n<p><img decoding=\"async\" id=\"ctl00_ContentPlaceHolder1_imgDetailImageCall3\" class=\"img-responsive\" style=\"border-width: 0px\" src=\"https:\/\/afcindustries.com\/wp-content\/uploads\/2022\/01\/OEM-8-mobile-computer-cart-desktop.jpg\" alt=\"Carro de ordenador m\u00f3vil de sobremesa\" title=\"\"><\/p>\n","protected":false},"excerpt":{"rendered":"<h1 class=\"product-h3\"><span id=\"ctl00_ContentPlaceHolder1_lblH3\">Carro de ordenador m\u00f3vil de altura regulable<\/span><\/h1>\n<div class=\"col-md-6 col-sm-6 col-xs-12 detailList\">\n<ul>\n<li>Altura regulable electr\u00f3nicamente<\/li>\n<li>Brazo articulado para monitor de altura regulable AFC80M-01<\/li>\n<li>Soporte de altavoz 4&#8243; de ancho, 8&#8243; de profundidad, 9&#8243; de altura<\/li>\n<li>Cable de alimentaci\u00f3n retr\u00e1ctil incluido<\/li>\n<li>Ruedas giratorias de 4&#8243; con juego delantero bloqueable<\/li>\n<li>Estante superior 23&#8243; de ancho, 24&#8243; de profundidad<\/li>\n<\/ul>\n<p>&nbsp;<\/p>\n<p>&nbsp;<\/p>\n<\/div>\n<div class=\"col-md-6 col-sm-6 col-xs-12\">\n<p>&nbsp;<\/p>\n<ul>\n<li>\n<ul class=\"specPreview\">\n<li>Anchura<\/li>\n<li>23&#8243;<\/li>\n<\/ul>\n<p>&nbsp;<\/li>\n<li>\n<ul class=\"specPreview\">\n<li>Profundidad<\/li>\n<li>24&#8243;<\/li>\n<\/ul>\n<p>&nbsp;<\/li>\n<\/ul>\n<\/div>\n","protected":false},"featured_media":15382,"template":"","meta":{"_acf_changed":false,"inline_featured_image":false},"product_brand":[],"product_cat":[2997,1765,1869,2119],"product_tag":[],"class_list":{"0":"post-20046","1":"product","2":"type-product","3":"status-publish","4":"has-post-thumbnail","6":"product_cat-carro-de-ordenador-para-la-sanidad","7":"product_cat-carros-de-ordenador-medico","8":"product_cat-carros-oem","9":"product_cat-todos-los-carros-de-ordenador","10":"pa_model-xpc800-es","12":"first","13":"instock","14":"product-type-simple"},"acf":[],"_links":{"self":[{"href":"https:\/\/afcindustries.com\/es\/wp-json\/wp\/v2\/product\/20046","targetHints":{"allow":["GET"]}}],"collection":[{"href":"https:\/\/afcindustries.com\/es\/wp-json\/wp\/v2\/product"}],"about":[{"href":"https:\/\/afcindustries.com\/es\/wp-json\/wp\/v2\/types\/product"}],"wp:featuredmedia":[{"embeddable":true,"href":"https:\/\/afcindustries.com\/es\/wp-json\/wp\/v2\/media\/15382"}],"wp:attachment":[{"href":"https:\/\/afcindustries.com\/es\/wp-json\/wp\/v2\/media?parent=20046"}],"wp:term":[{"taxonomy":"product_brand","embeddable":true,"href":"https:\/\/afcindustries.com\/es\/wp-json\/wp\/v2\/product_brand?post=20046"},{"taxonomy":"product_cat","embeddable":true,"href":"https:\/\/afcindustries.com\/es\/wp-json\/wp\/v2\/product_cat?post=20046"},{"taxonomy":"product_tag","embeddable":true,"href":"https:\/\/afcindustries.com\/es\/wp-json\/wp\/v2\/product_tag?post=20046"}],"curies":[{"name":"wp","href":"https:\/\/api.w.org\/{rel}","templated":true}]}}